{"id":45,"date":"2026-01-22T14:26:24","date_gmt":"2026-01-22T13:26:24","guid":{"rendered":"https:\/\/centrosira.org\/?page_id=45"},"modified":"2026-02-11T11:31:26","modified_gmt":"2026-02-11T10:31:26","slug":"accesibilidad","status":"publish","type":"page","link":"https:\/\/centrosira.org\/fr\/accesibilidad\/","title":{"rendered":"Accessibilit\u00e9"},"content":{"rendered":"<div data-elementor-type=\"wp-page\" data-elementor-id=\"45\" class=\"elementor elementor-45\" data-elementor-post-type=\"page\">\n\t\t\t\t<div class=\"elementor-element elementor-element-4bc51af e-flex e-con-boxed e-con e-parent\" data-id=\"4bc51af\" data-element_type=\"container\" data-e-type=\"container\" data-settings=\"{&quot;background_background&quot;:&quot;classic&quot;}\">\n\t\t\t\t\t<div class=\"e-con-inner\">\n\t\t\t\t<div class=\"elementor-element elementor-element-9e95fe4 elementor-widget elementor-widget-heading\" data-id=\"9e95fe4\" data-element_type=\"widget\" data-e-type=\"widget\" data-widget_type=\"heading.default\">\n\t\t\t\t\t<h1 class=\"elementor-heading-title elementor-size-default\">ACCESSIBILIT\u00c9<\/h1>\t\t\t\t<\/div>\n\t\t\t\t<div class=\"elementor-element elementor-element-6f811e3 elementor-widget elementor-widget-text-editor\" data-id=\"6f811e3\" data-element_type=\"widget\" data-e-type=\"widget\" data-widget_type=\"text-editor.default\">\n\t\t\t\t\t\t\t\t\t<p>ENGAGEMENT EN FAVEUR DE L'ACCESSIBILIT\u00c9<\/p>\t\t\t\t\t\t\t\t<\/div>\n\t\t\t\t<div class=\"elementor-element elementor-element-3d53612 elementor-widget elementor-widget-text-editor\" data-id=\"3d53612\" data-element_type=\"widget\" data-e-type=\"widget\" data-widget_type=\"text-editor.default\">\n\t\t\t\t\t\t\t\t\t<p><strong>Gabriela L\u00f3pez Neyra<\/strong> s'engage \u00e0 rendre son site web accessible conform\u00e9ment \u00e0 l'arr\u00eat\u00e9 royal 1112\/2018 du 7 septembre relatif \u00e0 l'accessibilit\u00e9 des sites web et des applications pour appareils mobiles.<br \/>La pr\u00e9sente d\u00e9claration d'accessibilit\u00e9 s'applique au site web https:\/\/www.centrosira.org\/.<br \/>Ce site web est enti\u00e8rement conforme au RD 1112\/2018.<br \/>Il r\u00e9pond aux exigences suivantes :<\/p><ul><li>Le site web est accessible \u00e0 ses utilisateurs et, en particulier, aux personnes \u00e2g\u00e9es et aux personnes handicap\u00e9es, de sorte que le contenu est perceptible, exploitable, compr\u00e9hensible et robuste, compte tenu des r\u00e8gles de l'article 6.<\/li><li>L'accessibilit\u00e9 a \u00e9t\u00e9 int\u00e9gralement prise en compte dans le processus de conception, de gestion, de maintenance et de mise \u00e0 jour du contenu du site web.<\/li><li>Le site web a pris des mesures pour am\u00e9liorer l'accessibilit\u00e9 par rapport au niveau minimum d'accessibilit\u00e9 qui doit \u00eatre respect\u00e9 \u00e0 tout moment.<\/li><\/ul><div>\u00a0<\/div>\t\t\t\t\t\t\t\t<\/div>\n\t\t\t\t<div class=\"elementor-element elementor-element-cdaef20 elementor-widget elementor-widget-text-editor\" data-id=\"cdaef20\" data-element_type=\"widget\" data-e-type=\"widget\" data-widget_type=\"text-editor.default\">\n\t\t\t\t\t\t\t\t\t<p>NON RESPECT DU RD 1112\/2018<\/p>\t\t\t\t\t\t\t\t<\/div>\n\t\t\t\t<div class=\"elementor-element elementor-element-f69a2ce elementor-widget elementor-widget-text-editor\" data-id=\"f69a2ce\" data-element_type=\"widget\" data-e-type=\"widget\" data-widget_type=\"text-editor.default\">\n\t\t\t\t\t\t\t\t\t<p><strong>Centre SIRA <\/strong>est conforme au RD 1112\/2018.<\/p>\t\t\t\t\t\t\t\t<\/div>\n\t\t\t\t<div class=\"elementor-element elementor-element-b9c596d elementor-widget elementor-widget-text-editor\" data-id=\"b9c596d\" data-element_type=\"widget\" data-e-type=\"widget\" data-widget_type=\"text-editor.default\">\n\t\t\t\t\t\t\t\t\t<p>CHARGE DISPROPORTIONN\u00c9E<\/p>\t\t\t\t\t\t\t\t<\/div>\n\t\t\t\t<div class=\"elementor-element elementor-element-1300265 elementor-widget elementor-widget-text-editor\" data-id=\"1300265\" data-element_type=\"widget\" data-e-type=\"widget\" data-widget_type=\"text-editor.default\">\n\t\t\t\t\t\t\t\t\t<p>Aucune charge disproportionn\u00e9e n'est consid\u00e9r\u00e9e comme existante.<br \/>Afin d'\u00e9valuer dans quelle mesure le respect des exigences d'accessibilit\u00e9 de cet arr\u00eat\u00e9 royal impose une charge disproportionn\u00e9e, nous avons pris en compte les circonstances suivantes :<\/p><p style=\"padding-left: 40px;\">a) La taille, les ressources et la nature du sujet sp\u00e9cifique oblig\u00e9.<br \/>(b) les co\u00fbts et avantages estim\u00e9s pour elle, en relation avec les avantages estim\u00e9s pour les personnes handicap\u00e9es et les personnes \u00e2g\u00e9es, en tenant compte notamment de la fr\u00e9quence et de la dur\u00e9e d'utilisation du site web ou de l'application mobile.<\/p>\t\t\t\t\t\t\t\t<\/div>\n\t\t\t\t<div class=\"elementor-element elementor-element-06c6366 elementor-widget elementor-widget-text-editor\" data-id=\"06c6366\" data-element_type=\"widget\" data-e-type=\"widget\" data-widget_type=\"text-editor.default\">\n\t\t\t\t\t\t\t\t\t<p>LE CONTENU N'ENTRE PAS DANS LE CHAMP D'APPLICATION DE LA L\u00c9GISLATION APPLICABLE<\/p>\t\t\t\t\t\t\t\t<\/div>\n\t\t\t\t<div class=\"elementor-element elementor-element-8c9c40a elementor-widget elementor-widget-text-editor\" data-id=\"8c9c40a\" data-element_type=\"widget\" data-e-type=\"widget\" data-widget_type=\"text-editor.default\">\n\t\t\t\t\t\t\t\t\t<p>s\/o<\/p>\t\t\t\t\t\t\t\t<\/div>\n\t\t\t\t<div class=\"elementor-element elementor-element-20320b1 elementor-widget elementor-widget-text-editor\" data-id=\"20320b1\" data-element_type=\"widget\" data-e-type=\"widget\" data-widget_type=\"text-editor.default\">\n\t\t\t\t\t\t\t\t\t<p>PR\u00c9PARATION DE LA PROCHAINE D\u00c9CLARATION D'ACCESSIBILIT\u00c9<\/p>\t\t\t\t\t\t\t\t<\/div>\n\t\t\t\t<div class=\"elementor-element elementor-element-0309131 elementor-widget elementor-widget-text-editor\" data-id=\"0309131\" data-element_type=\"widget\" data-e-type=\"widget\" data-widget_type=\"text-editor.default\">\n\t\t\t\t\t\t\t\t\t<p>Cette d\u00e9claration a \u00e9t\u00e9 pr\u00e9par\u00e9e le 24 janvier 2024.<br \/>La m\u00e9thode utilis\u00e9e pour pr\u00e9parer la d\u00e9claration est une auto-\u00e9valuation r\u00e9alis\u00e9e par l'agence elle-m\u00eame.<\/p>\t\t\t\t\t\t\t\t<\/div>\n\t\t\t\t<div class=\"elementor-element elementor-element-e287d00 elementor-widget elementor-widget-text-editor\" data-id=\"e287d00\" data-element_type=\"widget\" data-e-type=\"widget\" data-widget_type=\"text-editor.default\">\n\t\t\t\t\t\t\t\t\t<p>REMARQUES ET COORDONN\u00c9ES<\/p>\t\t\t\t\t\t\t\t<\/div>\n\t\t\t\t<div class=\"elementor-element elementor-element-0e3ac42 elementor-widget elementor-widget-text-editor\" data-id=\"0e3ac42\" data-element_type=\"widget\" data-e-type=\"widget\" data-widget_type=\"text-editor.default\">\n\t\t\t\t\t\t\t\t\t<ul><li>Vous pouvez effectuer des communications sur les exigences d'accessibilit\u00e9 (article 10.2.a du RD 1112\/2018) comme, par exemple : signaler toute \u00e9ventuelle non-conformit\u00e9 de ce site web, communiquer d'autres difficult\u00e9s d'acc\u00e8s au contenu, faire toute autre demande ou suggestion d'am\u00e9lioration li\u00e9e \u00e0 l'accessibilit\u00e9 du site web par courrier \u00e9lectronique. <a href=\"mailto:sira@redsira.net\"><strong>sira@redsira.net<\/strong><\/a><\/li><li>Vous pouvez soumettre : une plainte concernant le respect des exigences du RD 1112\/2018 ou une demande d'informations accessibles concernant :<br \/>Contenu exclu du champ d'application du RD 1112\/2018 conform\u00e9ment \u00e0 l'article 3, paragraphe 4.<br \/>Contenu qui est exempt\u00e9 des exigences d'accessibilit\u00e9 parce qu'il impose une charge disproportionn\u00e9e.<\/li><\/ul><div>\u00a0<\/div><p>Dans la demande d'informations accessibles, les faits, les raisons et la demande doivent \u00eatre clairement \u00e9nonc\u00e9s afin d'\u00e9tablir que la demande est raisonnable et l\u00e9gitime.<\/p><p>Les plaintes et r\u00e9clamations concernant l'accessibilit\u00e9 des informations doivent \u00eatre formul\u00e9es par courrier \u00e9lectronique. <a href=\"mailto:sira@redsira.net\"><strong>sira@redsira.net<\/strong><\/a>\u00a0qui sera re\u00e7u et trait\u00e9 par <strong>Gabriela L\u00f3pez Neyra<\/strong>.<\/p>\t\t\t\t\t\t\t\t<\/div>\n\t\t\t\t\t<\/div>\n\t\t\t\t<\/div>\n\t\t\t\t<\/div>","protected":false},"excerpt":{"rendered":"<p>ACCESIBILIDAD COMPROMISO DE ACCESIBILIDAD Gabriela L\u00f3pez Neyra se ha comprometido a hacer accesible su sitio web, de conformidad con el Real Decreto 1112\/2018, de 7 de septiembre, sobre accesibilidad de los sitios web y aplicaciones para dispositivos m\u00f3viles.La presente declaraci\u00f3n de accesibilidad se aplica al sitio web https:\/\/www.centrosira.org\/Este sitio web es plenamente conforme con RD [&hellip;]<\/p>\n","protected":false},"author":2,"featured_media":0,"parent":0,"menu_order":0,"comment_status":"closed","ping_status":"closed","template":"","meta":{"footnotes":""},"class_list":["post-45","page","type-page","status-publish","hentry"],"yoast_head":"<!-- This site is optimized with the Yoast SEO plugin v27.4 - https:\/\/yoast.com\/product\/yoast-seo-wordpress\/ -->\n<title>Accesibilidad - Centro Sira<\/title>\n<meta name=\"robots\" content=\"index, follow, max-snippet:-1, max-image-preview:large, max-video-preview:-1\" \/>\n<link rel=\"canonical\" href=\"https:\/\/centrosira.org\/fr\/accesibilidad\/\" \/>\n<meta property=\"og:locale\" content=\"fr_FR\" \/>\n<meta property=\"og:type\" content=\"article\" \/>\n<meta property=\"og:title\" content=\"Accesibilidad - Centro Sira\" \/>\n<meta property=\"og:description\" content=\"ACCESIBILIDAD COMPROMISO DE ACCESIBILIDAD Gabriela L\u00f3pez Neyra se ha comprometido a hacer accesible su sitio web, de conformidad con el Real Decreto 1112\/2018, de 7 de septiembre, sobre accesibilidad de los sitios web y aplicaciones para dispositivos m\u00f3viles.La presente declaraci\u00f3n de accesibilidad se aplica al sitio web https:\/\/www.centrosira.org\/Este sitio web es plenamente conforme con RD [&hellip;]\" \/>\n<meta property=\"og:url\" content=\"https:\/\/centrosira.org\/fr\/accesibilidad\/\" \/>\n<meta property=\"og:site_name\" content=\"Centro Sira\" \/>\n<meta property=\"article:publisher\" content=\"https:\/\/www.facebook.com\/siracentro\" \/>\n<meta property=\"article:modified_time\" content=\"2026-02-11T10:31:26+00:00\" \/>\n<meta name=\"twitter:card\" content=\"summary_large_image\" \/>\n<meta name=\"twitter:site\" content=\"@sira_centro\" \/>\n<meta name=\"twitter:label1\" content=\"Dur\u00e9e de lecture estim\u00e9e\" \/>\n\t<meta name=\"twitter:data1\" content=\"3 minutes\" \/>\n<script type=\"application\/ld+json\" class=\"yoast-schema-graph\">{\"@context\":\"https:\\\/\\\/schema.org\",\"@graph\":[{\"@type\":\"WebPage\",\"@id\":\"https:\\\/\\\/centrosira.org\\\/accesibilidad\\\/\",\"url\":\"https:\\\/\\\/centrosira.org\\\/accesibilidad\\\/\",\"name\":\"Accesibilidad - Centro Sira\",\"isPartOf\":{\"@id\":\"https:\\\/\\\/centrosira.org\\\/#website\"},\"datePublished\":\"2026-01-22T13:26:24+00:00\",\"dateModified\":\"2026-02-11T10:31:26+00:00\",\"breadcrumb\":{\"@id\":\"https:\\\/\\\/centrosira.org\\\/accesibilidad\\\/#breadcrumb\"},\"inLanguage\":\"fr-FR\",\"potentialAction\":[{\"@type\":\"ReadAction\",\"target\":[\"https:\\\/\\\/centrosira.org\\\/accesibilidad\\\/\"]}]},{\"@type\":\"BreadcrumbList\",\"@id\":\"https:\\\/\\\/centrosira.org\\\/accesibilidad\\\/#breadcrumb\",\"itemListElement\":[{\"@type\":\"ListItem\",\"position\":1,\"name\":\"Portada\",\"item\":\"https:\\\/\\\/centrosira.org\\\/\"},{\"@type\":\"ListItem\",\"position\":2,\"name\":\"Accesibilidad\"}]},{\"@type\":\"WebSite\",\"@id\":\"https:\\\/\\\/centrosira.org\\\/#website\",\"url\":\"https:\\\/\\\/centrosira.org\\\/\",\"name\":\"Centro Sira\",\"description\":\"\",\"publisher\":{\"@id\":\"https:\\\/\\\/centrosira.org\\\/#organization\"},\"alternateName\":\"Centro de Atenci\u00f3n a V\u00edctimas de Malos Tratos y Tortura\",\"potentialAction\":[{\"@type\":\"SearchAction\",\"target\":{\"@type\":\"EntryPoint\",\"urlTemplate\":\"https:\\\/\\\/centrosira.org\\\/?s={search_term_string}\"},\"query-input\":{\"@type\":\"PropertyValueSpecification\",\"valueRequired\":true,\"valueName\":\"search_term_string\"}}],\"inLanguage\":\"fr-FR\"},{\"@type\":\"Organization\",\"@id\":\"https:\\\/\\\/centrosira.org\\\/#organization\",\"name\":\"Centro Sira\",\"alternateName\":\"Sira\",\"url\":\"https:\\\/\\\/centrosira.org\\\/\",\"logo\":{\"@type\":\"ImageObject\",\"inLanguage\":\"fr-FR\",\"@id\":\"https:\\\/\\\/centrosira.org\\\/#\\\/schema\\\/logo\\\/image\\\/\",\"url\":null,\"contentUrl\":null,\"width\":null,\"height\":null,\"caption\":\"Centro Sira\"},\"image\":{\"@id\":\"https:\\\/\\\/centrosira.org\\\/#\\\/schema\\\/logo\\\/image\\\/\"},\"sameAs\":[\"https:\\\/\\\/www.facebook.com\\\/siracentro\",\"https:\\\/\\\/x.com\\\/sira_centro\",\"https:\\\/\\\/www.instagram.com\\\/sira_centro\\\/\",\"https:\\\/\\\/www.linkedin.com\\\/company\\\/sira-centro\\\/?originalSubdomain=es\",\"https:\\\/\\\/www.youtube.com\\\/@sira_centro\"]}]}<\/script>\n<!-- \/ Yoast SEO plugin. -->","yoast_head_json":{"title":"Accesibilidad - Centro Sira","robots":{"index":"index","follow":"follow","max-snippet":"max-snippet:-1","max-image-preview":"max-image-preview:large","max-video-preview":"max-video-preview:-1"},"canonical":"https:\/\/centrosira.org\/fr\/accesibilidad\/","og_locale":"fr_FR","og_type":"article","og_title":"Accesibilidad - Centro Sira","og_description":"ACCESIBILIDAD COMPROMISO DE ACCESIBILIDAD Gabriela L\u00f3pez Neyra se ha comprometido a hacer accesible su sitio web, de conformidad con el Real Decreto 1112\/2018, de 7 de septiembre, sobre accesibilidad de los sitios web y aplicaciones para dispositivos m\u00f3viles.La presente declaraci\u00f3n de accesibilidad se aplica al sitio web https:\/\/www.centrosira.org\/Este sitio web es plenamente conforme con RD [&hellip;]","og_url":"https:\/\/centrosira.org\/fr\/accesibilidad\/","og_site_name":"Centro Sira","article_publisher":"https:\/\/www.facebook.com\/siracentro","article_modified_time":"2026-02-11T10:31:26+00:00","twitter_card":"summary_large_image","twitter_site":"@sira_centro","twitter_misc":{"Dur\u00e9e de lecture estim\u00e9e":"3 minutes"},"schema":{"@context":"https:\/\/schema.org","@graph":[{"@type":"WebPage","@id":"https:\/\/centrosira.org\/accesibilidad\/","url":"https:\/\/centrosira.org\/accesibilidad\/","name":"Accesibilidad - Centro Sira","isPartOf":{"@id":"https:\/\/centrosira.org\/#website"},"datePublished":"2026-01-22T13:26:24+00:00","dateModified":"2026-02-11T10:31:26+00:00","breadcrumb":{"@id":"https:\/\/centrosira.org\/accesibilidad\/#breadcrumb"},"inLanguage":"fr-FR","potentialAction":[{"@type":"ReadAction","target":["https:\/\/centrosira.org\/accesibilidad\/"]}]},{"@type":"BreadcrumbList","@id":"https:\/\/centrosira.org\/accesibilidad\/#breadcrumb","itemListElement":[{"@type":"ListItem","position":1,"name":"Portada","item":"https:\/\/centrosira.org\/"},{"@type":"ListItem","position":2,"name":"Accesibilidad"}]},{"@type":"WebSite","@id":"https:\/\/centrosira.org\/#website","url":"https:\/\/centrosira.org\/","name":"Centre Sira","description":"","publisher":{"@id":"https:\/\/centrosira.org\/#organization"},"alternateName":"Centro de Atenci\u00f3n a V\u00edctimas de Malos Tratos y Tortura","potentialAction":[{"@type":"SearchAction","target":{"@type":"EntryPoint","urlTemplate":"https:\/\/centrosira.org\/?s={search_term_string}"},"query-input":{"@type":"PropertyValueSpecification","valueRequired":true,"valueName":"search_term_string"}}],"inLanguage":"fr-FR"},{"@type":"Organization","@id":"https:\/\/centrosira.org\/#organization","name":"Centre Sira","alternateName":"Sira","url":"https:\/\/centrosira.org\/","logo":{"@type":"ImageObject","inLanguage":"fr-FR","@id":"https:\/\/centrosira.org\/#\/schema\/logo\/image\/","url":null,"contentUrl":null,"width":null,"height":null,"caption":"Centro Sira"},"image":{"@id":"https:\/\/centrosira.org\/#\/schema\/logo\/image\/"},"sameAs":["https:\/\/www.facebook.com\/siracentro","https:\/\/x.com\/sira_centro","https:\/\/www.instagram.com\/sira_centro\/","https:\/\/www.linkedin.com\/company\/sira-centro\/?originalSubdomain=es","https:\/\/www.youtube.com\/@sira_centro"]}]}},"_links":{"self":[{"href":"https:\/\/centrosira.org\/fr\/wp-json\/wp\/v2\/pages\/45","targetHints":{"allow":["GET"]}}],"collection":[{"href":"https:\/\/centrosira.org\/fr\/wp-json\/wp\/v2\/pages"}],"about":[{"href":"https:\/\/centrosira.org\/fr\/wp-json\/wp\/v2\/types\/page"}],"author":[{"embeddable":true,"href":"https:\/\/centrosira.org\/fr\/wp-json\/wp\/v2\/users\/2"}],"replies":[{"embeddable":true,"href":"https:\/\/centrosira.org\/fr\/wp-json\/wp\/v2\/comments?post=45"}],"version-history":[{"count":10,"href":"https:\/\/centrosira.org\/fr\/wp-json\/wp\/v2\/pages\/45\/revisions"}],"predecessor-version":[{"id":637,"href":"https:\/\/centrosira.org\/fr\/wp-json\/wp\/v2\/pages\/45\/revisions\/637"}],"wp:attachment":[{"href":"https:\/\/centrosira.org\/fr\/wp-json\/wp\/v2\/media?parent=45"}],"curies":[{"name":"wp","href":"https:\/\/api.w.org\/{rel}","templated":true}]}}