{"id":1871,"date":"2026-03-31T14:02:56","date_gmt":"2026-03-31T12:02:56","guid":{"rendered":"https:\/\/centrosira.org\/?page_id=1871"},"modified":"2026-04-27T10:53:46","modified_gmt":"2026-04-27T08:53:46","slug":"brechas-capitulo-iv","status":"publish","type":"page","link":"https:\/\/centrosira.org\/fr\/brechas-podcast\/brechas-capitulo-iv\/","title":{"rendered":"Brechas Cap\u00edtulo IV"},"content":{"rendered":"<div data-elementor-type=\"wp-page\" data-elementor-id=\"1871\" class=\"elementor elementor-1871\" data-elementor-post-type=\"page\">\n\t\t\t\t<div class=\"elementor-element elementor-element-9b6a97d e-flex e-con-boxed e-con e-parent\" data-id=\"9b6a97d\" data-element_type=\"container\" data-e-type=\"container\" data-settings=\"{&quot;background_background&quot;:&quot;classic&quot;}\">\n\t\t\t\t\t<div class=\"e-con-inner\">\n\t\t\t\t<div class=\"elementor-element elementor-element-851de8c elementor-widget__width-initial elementor-widget elementor-widget-image\" data-id=\"851de8c\" data-element_type=\"widget\" data-e-type=\"widget\" data-widget_type=\"image.default\">\n\t\t\t\t\t\t\t\t\t\t\t\t\t\t\t<img fetchpriority=\"high\" decoding=\"async\" width=\"1620\" height=\"1620\" src=\"https:\/\/centrosira.org\/wp-content\/uploads\/2026\/03\/infiltraciones-policiales-que-no-sean-podcast-centro-sira-1.webp\" class=\"attachment-full size-full wp-image-1558\" alt=\"Portada del Cap\u00edtulo IV del podcast Brechas, titulado Que No Sean, sobre infiltraciones policiales en movimientos sociales\" srcset=\"https:\/\/centrosira.org\/wp-content\/uploads\/2026\/03\/infiltraciones-policiales-que-no-sean-podcast-centro-sira-1.webp 1620w, https:\/\/centrosira.org\/wp-content\/uploads\/2026\/03\/infiltraciones-policiales-que-no-sean-podcast-centro-sira-1-300x300.webp 300w, https:\/\/centrosira.org\/wp-content\/uploads\/2026\/03\/infiltraciones-policiales-que-no-sean-podcast-centro-sira-1-1024x1024.webp 1024w, https:\/\/centrosira.org\/wp-content\/uploads\/2026\/03\/infiltraciones-policiales-que-no-sean-podcast-centro-sira-1-150x150.webp 150w, https:\/\/centrosira.org\/wp-content\/uploads\/2026\/03\/infiltraciones-policiales-que-no-sean-podcast-centro-sira-1-768x768.webp 768w, https:\/\/centrosira.org\/wp-content\/uploads\/2026\/03\/infiltraciones-policiales-que-no-sean-podcast-centro-sira-1-1536x1536.webp 1536w, https:\/\/centrosira.org\/wp-content\/uploads\/2026\/03\/infiltraciones-policiales-que-no-sean-podcast-centro-sira-1-12x12.webp 12w\" sizes=\"(max-width: 1620px) 100vw, 1620px\" \/>\t\t\t\t\t\t\t\t\t\t\t\t\t\t\t<\/div>\n\t\t<div class=\"elementor-element elementor-element-2d52429 e-con-full e-flex e-con e-child\" data-id=\"2d52429\" data-element_type=\"container\" data-e-type=\"container\">\n\t\t\t\t<div class=\"elementor-element elementor-element-5fffb59 elementor-widget__width-initial animated-slow elementor-invisible elementor-widget elementor-widget-heading\" data-id=\"5fffb59\" data-element_type=\"widget\" data-e-type=\"widget\" data-settings=\"{&quot;_animation&quot;:&quot;fadeInRight&quot;}\" data-widget_type=\"heading.default\">\n\t\t\t\t\t<h1 class=\"elementor-heading-title elementor-size-default\">Podcast Gaps \u2013 Puisse-t-il ne pas y en avoir<\/h1>\t\t\t\t<\/div>\n\t\t\t\t<div class=\"elementor-element elementor-element-f2ff417 animated-slow elementor-invisible elementor-widget elementor-widget-text-editor\" data-id=\"f2ff417\" data-element_type=\"widget\" data-e-type=\"widget\" data-settings=\"{&quot;_animation&quot;:&quot;fadeIn&quot;,&quot;_animation_delay&quot;:400}\" data-widget_type=\"text-editor.default\">\n\t\t\t\t\t\t\t\t\t<p>Ils le connaissaient sous le nom de Dani. Ils le connaissaient sous le nom de Sergio. <strong>Mais ni Dani ni Sergio n&#039;ont jamais exist\u00e9.<\/strong><\/p><p>Les protagonistes de cet \u00e9pisode partageaient l&#039;activisme, l&#039;amiti\u00e9 et m\u00eame une maison avec une personne qui s&#039;est av\u00e9r\u00e9e \u00eatre un policier infiltr\u00e9.<\/p><p>Et ils n&#039;\u00e9taient pas les seuls. Dans divers mouvements sociaux \u00e0 travers l&#039;\u00c9tat, nombreux \u00e9taient ceux qui croyaient tisser de v\u00e9ritables liens \u2013 affectifs, politiques, voire amoureux \u2013 avec des personnes qui n&#039;\u00e9taient pas celles qu&#039;elles pr\u00e9tendaient \u00eatre.<\/p><p>Voici les cons\u00e9quences de l&#039;infiltration polici\u00e8re.<strong> Et aussi, des moyens de leur r\u00e9sister.<\/strong><\/p>\t\t\t\t\t\t\t\t<\/div>\n\t\t\t\t<\/div>\n\t\t\t\t<div class=\"elementor-element elementor-element-cd37768 elementor-widget__width-inherit animated-slow elementor-invisible elementor-widget elementor-widget-html\" data-id=\"cd37768\" data-element_type=\"widget\" data-e-type=\"widget\" data-settings=\"{&quot;_animation&quot;:&quot;fadeIn&quot;}\" data-widget_type=\"html.default\">\n\t\t\t\t\t<iframe src=\"https:\/\/www.ivoox.com\/player_ej_152176572_6_1.html?c1=f96214\" width=\"100%\" height=\"200\" frameborder=\"0\" allowfullscreen=\"\" scrolling=\"no\" loading=\"lazy\"><\/iframe>\t\t\t\t<\/div>\n\t\t\t\t\t<\/div>\n\t\t\t\t<\/div>\n\t\t<div class=\"elementor-element elementor-element-ce015b2 e-flex e-con-boxed e-con e-parent\" data-id=\"ce015b2\" data-element_type=\"container\" data-e-type=\"container\" data-settings=\"{&quot;background_background&quot;:&quot;classic&quot;}\">\n\t\t\t\t\t<div class=\"e-con-inner\">\n\t\t\t\t<div class=\"elementor-element elementor-element-73223e9 elementor-widget__width-initial elementor-widget elementor-widget-image\" data-id=\"73223e9\" data-element_type=\"widget\" data-e-type=\"widget\" data-widget_type=\"image.default\">\n\t\t\t\t\t\t\t\t\t\t\t\t\t\t\t<img decoding=\"async\" width=\"1080\" height=\"1080\" src=\"https:\/\/centrosira.org\/wp-content\/uploads\/2026\/03\/impactos-infiltraciones-policiales-que-no-sean-podcast-centro-sira.webp\" class=\"attachment-full size-full wp-image-1874\" alt=\"Imagen que ilustra los impactos psicol\u00f3gicos de las infiltraciones policiales en las personas afectadas, seg\u00fan el Centro Sira\" srcset=\"https:\/\/centrosira.org\/wp-content\/uploads\/2026\/03\/impactos-infiltraciones-policiales-que-no-sean-podcast-centro-sira.webp 1080w, https:\/\/centrosira.org\/wp-content\/uploads\/2026\/03\/impactos-infiltraciones-policiales-que-no-sean-podcast-centro-sira-300x300.webp 300w, https:\/\/centrosira.org\/wp-content\/uploads\/2026\/03\/impactos-infiltraciones-policiales-que-no-sean-podcast-centro-sira-1024x1024.webp 1024w, https:\/\/centrosira.org\/wp-content\/uploads\/2026\/03\/impactos-infiltraciones-policiales-que-no-sean-podcast-centro-sira-150x150.webp 150w, https:\/\/centrosira.org\/wp-content\/uploads\/2026\/03\/impactos-infiltraciones-policiales-que-no-sean-podcast-centro-sira-768x768.webp 768w, https:\/\/centrosira.org\/wp-content\/uploads\/2026\/03\/impactos-infiltraciones-policiales-que-no-sean-podcast-centro-sira-12x12.webp 12w\" sizes=\"(max-width: 1080px) 100vw, 1080px\" \/>\t\t\t\t\t\t\t\t\t\t\t\t\t\t\t<\/div>\n\t\t<div class=\"elementor-element elementor-element-430814b e-con-full e-flex e-con e-child\" data-id=\"430814b\" data-element_type=\"container\" data-e-type=\"container\">\n\t\t\t\t<div class=\"elementor-element elementor-element-4eba2ef elementor-widget__width-initial animated-slow elementor-invisible elementor-widget elementor-widget-heading\" data-id=\"4eba2ef\" data-element_type=\"widget\" data-e-type=\"widget\" data-settings=\"{&quot;_animation&quot;:&quot;fadeInRight&quot;}\" data-widget_type=\"heading.default\">\n\t\t\t\t\t<h2 class=\"elementor-heading-title elementor-size-default\">Les personnes touch\u00e9es par l&#039;infiltration polici\u00e8re doivent \u00eatre reconnues comme victimes de torture.<\/h2>\t\t\t\t<\/div>\n\t\t\t\t<div class=\"elementor-element elementor-element-dfd185c animated-slow elementor-invisible elementor-widget elementor-widget-text-editor\" data-id=\"dfd185c\" data-element_type=\"widget\" data-e-type=\"widget\" data-settings=\"{&quot;_animation&quot;:&quot;fadeIn&quot;,&quot;_animation_delay&quot;:400}\" data-widget_type=\"text-editor.default\">\n\t\t\t\t\t\t\t\t\t<p>Il y a de graves souffrances.<br \/>L&#039;intention est claire.<br \/>Il n&#039;y a qu&#039;un seul objectif : obtenir des informations, punir, humilier ou discriminer.<br \/>Et tout cela est r\u00e9alis\u00e9 par un fonctionnaire de l&#039;\u00c9tat.<br \/>Selon ces crit\u00e8res, les faits correspondent \u00e0 la d\u00e9finition de la torture selon les normes internationales.<\/p>\t\t\t\t\t\t\t\t<\/div>\n\t\t\t\t<\/div>\n\t\t\t\t\t<\/div>\n\t\t\t\t<\/div>\n\t\t<div class=\"elementor-element elementor-element-54417ea e-flex e-con-boxed e-con e-parent\" data-id=\"54417ea\" data-element_type=\"container\" data-e-type=\"container\" data-settings=\"{&quot;background_background&quot;:&quot;classic&quot;}\">\n\t\t\t\t\t<div class=\"e-con-inner\">\n\t\t<div class=\"elementor-element elementor-element-2977a4f e-con-full e-flex e-con e-child\" data-id=\"2977a4f\" data-element_type=\"container\" data-e-type=\"container\">\n\t\t\t\t<div class=\"elementor-element elementor-element-18fdd89 elementor-widget__width-initial animated-slow elementor-invisible elementor-widget elementor-widget-heading\" data-id=\"18fdd89\" data-element_type=\"widget\" data-e-type=\"widget\" data-settings=\"{&quot;_animation&quot;:&quot;fadeInLeft&quot;}\" data-widget_type=\"heading.default\">\n\t\t\t\t\t<h2 class=\"elementor-heading-title elementor-size-default\">3 points cl\u00e9s de l&#039;\u00e9pisode<\/h2>\t\t\t\t<\/div>\n\t\t\t\t<div class=\"elementor-element elementor-element-98a8b8c animated-slow elementor-invisible elementor-widget elementor-widget-text-editor\" data-id=\"98a8b8c\" data-element_type=\"widget\" data-e-type=\"widget\" data-settings=\"{&quot;_animation&quot;:&quot;fadeIn&quot;,&quot;_animation_delay&quot;:400}\" data-widget_type=\"text-editor.default\">\n\t\t\t\t\t\t\t\t\t<p><strong>ILS DISENT QU&#039;ILS SONT<\/strong><br \/><span style=\"color: #808080;\">La plupart des agents infiltr\u00e9s pr\u00e9sentaient un profil similaire\u00a0: des individus calmes, conciliants, affables et non conflictuels. Cette uniformit\u00e9 ne pouvait \u00eatre fortuite. Dans certains cas, l\u2019infiltration allait plus loin, entra\u00eenant une v\u00e9ritable transformation d\u2019identit\u00e9\u00a0: T-shirts \u00e0 slogans antifascistes, piercings, cr\u00eates iroquoises, tatouages visibles\u2026 Les agents tiraient parti de la nature ouverte et horizontale des mouvements sociaux pour s\u2019int\u00e9grer, gagner la confiance des individus, observer de l\u2019int\u00e9rieur et recueillir des informations.<\/span><\/p><p><strong>IMPACTS DES INFILTRATIONS<\/strong><br \/><span style=\"color: #808080;\">Parmi les cons\u00e9quences psychologiques les plus graves figurent les \u00e9pisodes d\u00e9pressifs, les crises de panique et l&#039;insomnie. Sur l&#039;ensemble des personnes \u00e9valu\u00e9es, 70% ont d\u00e9clar\u00e9 avoir eu des pens\u00e9es suicidaires \u00e0 un moment donn\u00e9. Dans 901 cas, ces pens\u00e9es \u00e9taient li\u00e9es \u00e0 la honte, aux humiliations subies ou \u00e0 un sentiment clair d&#039;\u201c\u00a0irr\u00e9versibilit\u00e9 du pr\u00e9judice\u00a0\u201d. Toutes ont affirm\u00e9 qu&#039;elles n&#039;auraient jamais eu de relations sexuelles avec les agents infiltr\u00e9s si elles avaient connu leur v\u00e9ritable identit\u00e9.<\/span><\/p><p><strong>ORGANISATION COLLECTIVE<\/strong><br \/><span style=\"color: #808080;\">Les personnes concern\u00e9es savent que l&#039;infiltration des mouvements sociaux n&#039;est pas un ph\u00e9nom\u00e8ne nouveau. C&#039;est pourquoi, pour d\u00e9noncer cette situation, elles ont repris contact avec des personnes ayant v\u00e9cu des exp\u00e9riences similaires. Des personnes originaires de Madrid, Valence, des Asturies, S\u00e9ville, Barcelone, G\u00e9rone, et m\u00eame des groupes au Royaume-Uni, ont collabor\u00e9 afin que d&#039;autres puissent, \u00e0 l&#039;avenir, apprendre \u00e0 g\u00e9rer une telle situation.<\/span><\/p>\t\t\t\t\t\t\t\t<\/div>\n\t\t\t\t<\/div>\n\t\t\t\t<div class=\"elementor-element elementor-element-4450a07 elementor-widget__width-initial elementor-widget elementor-widget-image\" data-id=\"4450a07\" data-element_type=\"widget\" data-e-type=\"widget\" data-widget_type=\"image.default\">\n\t\t\t\t\t\t\t\t\t\t\t\t\t\t\t<img decoding=\"async\" width=\"1080\" height=\"1080\" src=\"https:\/\/centrosira.org\/wp-content\/uploads\/2026\/03\/infiltraciones-policiales-que-no-sean-podcast-centro-sira-brechas.webp\" class=\"attachment-full size-full wp-image-1873\" alt=\"Portada del episodio Que No Sean del podcast Brechas sobre infiltraciones policiales en movimientos sociales en Espa\u00f1a\" srcset=\"https:\/\/centrosira.org\/wp-content\/uploads\/2026\/03\/infiltraciones-policiales-que-no-sean-podcast-centro-sira-brechas.webp 1080w, https:\/\/centrosira.org\/wp-content\/uploads\/2026\/03\/infiltraciones-policiales-que-no-sean-podcast-centro-sira-brechas-300x300.webp 300w, https:\/\/centrosira.org\/wp-content\/uploads\/2026\/03\/infiltraciones-policiales-que-no-sean-podcast-centro-sira-brechas-1024x1024.webp 1024w, https:\/\/centrosira.org\/wp-content\/uploads\/2026\/03\/infiltraciones-policiales-que-no-sean-podcast-centro-sira-brechas-150x150.webp 150w, https:\/\/centrosira.org\/wp-content\/uploads\/2026\/03\/infiltraciones-policiales-que-no-sean-podcast-centro-sira-brechas-768x768.webp 768w, https:\/\/centrosira.org\/wp-content\/uploads\/2026\/03\/infiltraciones-policiales-que-no-sean-podcast-centro-sira-brechas-12x12.webp 12w\" sizes=\"(max-width: 1080px) 100vw, 1080px\" \/>\t\t\t\t\t\t\t\t\t\t\t\t\t\t\t<\/div>\n\t\t\t\t<div class=\"elementor-element elementor-element-b9383fd elementor-widget__width-inherit animated-slow elementor-invisible elementor-widget elementor-widget-html\" data-id=\"b9383fd\" data-element_type=\"widget\" data-e-type=\"widget\" data-settings=\"{&quot;_animation&quot;:&quot;fadeIn&quot;}\" data-widget_type=\"html.default\">\n\t\t\t\t\t<iframe data-testid=\"embed-iframe\" style=\"border-radius:12px\" src=\"https:\/\/open.spotify.com\/embed\/episode\/5OuUbo82ed9AfWIirQ3pCZ?utm_source=generator\" width=\"100%\" height=\"352\" frameborder=\"0\" allowfullscreen=\"\" allow=\"autoplay; clipboard-write; encrypted-media; fullscreen; picture-in-picture\" loading=\"lazy\"><\/iframe>\t\t\t\t<\/div>\n\t\t\t\t<div class=\"elementor-element elementor-element-7079642 elementor-align-center elementor-widget__width-inherit animated-slow elementor-invisible elementor-widget elementor-widget-button\" data-id=\"7079642\" data-element_type=\"widget\" data-e-type=\"widget\" data-settings=\"{&quot;_animation&quot;:&quot;fadeInUp&quot;,&quot;_animation_delay&quot;:0}\" data-widget_type=\"button.default\">\n\t\t\t\t\t\t\t\t\t\t<a class=\"elementor-button elementor-button-link elementor-size-sm\" href=\"https:\/\/centrosira.org\/fr\/brechas-podcast\/\">\n\t\t\t\t\t\t<span class=\"elementor-button-content-wrapper\">\n\t\t\t\t\t\t\t\t\t<span class=\"elementor-button-text\">Plus d&#039;\u00e9pisodes<\/span>\n\t\t\t\t\t<\/span>\n\t\t\t\t\t<\/a>\n\t\t\t\t\t\t\t\t<\/div>\n\t\t\t\t\t<\/div>\n\t\t\t\t<\/div>\n\t\t\t\t<\/div>","protected":false},"excerpt":{"rendered":"<p>Brechas Podcast \u2013 Que no sean Ellas lo conocieron como Dani. Ellos, como Sergio. Pero ni Dani ni Sergio existieron jam\u00e1s. Las protagonistas de este episodio compartieron militancia, amistad e incluso casa con alguien que result\u00f3 ser un polic\u00eda infiltrado. Y no fueron las \u00fanicas. En distintos movimientos sociales del Estado, muchas creyeron estar construyendo [&hellip;]<\/p>\n","protected":false},"author":2,"featured_media":1558,"parent":1517,"menu_order":0,"comment_status":"closed","ping_status":"closed","template":"","meta":{"footnotes":""},"class_list":["post-1871","page","type-page","status-publish","has-post-thumbnail","hentry"],"yoast_head":"<!-- This site is optimized with the Yoast SEO plugin v27.4 - https:\/\/yoast.com\/product\/yoast-seo-wordpress\/ -->\n<title>Brechas Cap. IV: Que No Sean | Infiltraciones Policiales y Tortura<\/title>\n<meta name=\"description\" content=\"Ellas lo conoc\u00edan como Dani, ellos como Sergio. Testimonios sobre las consecuencias psicol\u00f3gicas de las infiltraciones policiales en movimientos sociales.\" \/>\n<meta name=\"robots\" content=\"index, follow, max-snippet:-1, max-image-preview:large, max-video-preview:-1\" \/>\n<link rel=\"canonical\" href=\"https:\/\/centrosira.org\/fr\/brechas-podcast\/brechas-capitulo-iv\/\" \/>\n<meta property=\"og:locale\" content=\"fr_FR\" \/>\n<meta property=\"og:type\" content=\"article\" \/>\n<meta property=\"og:title\" content=\"Brechas Cap. IV: Que No Sean | Infiltraciones Policiales y Tortura\" \/>\n<meta property=\"og:description\" content=\"Ellas lo conoc\u00edan como Dani, ellos como Sergio. Testimonios sobre las consecuencias psicol\u00f3gicas de las infiltraciones policiales en movimientos sociales.\" \/>\n<meta property=\"og:url\" content=\"https:\/\/centrosira.org\/fr\/brechas-podcast\/brechas-capitulo-iv\/\" \/>\n<meta property=\"og:site_name\" content=\"Centro Sira\" \/>\n<meta property=\"article:publisher\" content=\"https:\/\/www.facebook.com\/siracentro\" \/>\n<meta property=\"article:modified_time\" content=\"2026-04-27T08:53:46+00:00\" \/>\n<meta property=\"og:image\" content=\"https:\/\/centrosira.org\/wp-content\/uploads\/2026\/03\/infiltraciones-policiales-que-no-sean-podcast-centro-sira-1.webp\" \/>\n\t<meta property=\"og:image:width\" content=\"1620\" \/>\n\t<meta property=\"og:image:height\" content=\"1620\" \/>\n\t<meta property=\"og:image:type\" content=\"image\/webp\" \/>\n<meta name=\"twitter:card\" content=\"summary_large_image\" \/>\n<meta name=\"twitter:site\" content=\"@sira_centro\" \/>\n<meta name=\"twitter:label1\" content=\"Dur\u00e9e de lecture estim\u00e9e\" \/>\n\t<meta name=\"twitter:data1\" content=\"3 minutes\" \/>\n<script type=\"application\/ld+json\" class=\"yoast-schema-graph\">{\"@context\":\"https:\\\/\\\/schema.org\",\"@graph\":[{\"@type\":\"WebPage\",\"@id\":\"https:\\\/\\\/centrosira.org\\\/brechas-podcast\\\/brechas-capitulo-iv\\\/\",\"url\":\"https:\\\/\\\/centrosira.org\\\/brechas-podcast\\\/brechas-capitulo-iv\\\/\",\"name\":\"Brechas Cap. IV: Que No Sean | Infiltraciones Policiales y Tortura\",\"isPartOf\":{\"@id\":\"https:\\\/\\\/centrosira.org\\\/#website\"},\"primaryImageOfPage\":{\"@id\":\"https:\\\/\\\/centrosira.org\\\/brechas-podcast\\\/brechas-capitulo-iv\\\/#primaryimage\"},\"image\":{\"@id\":\"https:\\\/\\\/centrosira.org\\\/brechas-podcast\\\/brechas-capitulo-iv\\\/#primaryimage\"},\"thumbnailUrl\":\"https:\\\/\\\/centrosira.org\\\/wp-content\\\/uploads\\\/2026\\\/03\\\/infiltraciones-policiales-que-no-sean-podcast-centro-sira-1.webp\",\"datePublished\":\"2026-03-31T12:02:56+00:00\",\"dateModified\":\"2026-04-27T08:53:46+00:00\",\"description\":\"Ellas lo conoc\u00edan como Dani, ellos como Sergio. Testimonios sobre las consecuencias psicol\u00f3gicas de las infiltraciones policiales en movimientos sociales.\",\"breadcrumb\":{\"@id\":\"https:\\\/\\\/centrosira.org\\\/brechas-podcast\\\/brechas-capitulo-iv\\\/#breadcrumb\"},\"inLanguage\":\"fr-FR\",\"potentialAction\":[{\"@type\":\"ReadAction\",\"target\":[\"https:\\\/\\\/centrosira.org\\\/brechas-podcast\\\/brechas-capitulo-iv\\\/\"]}]},{\"@type\":\"ImageObject\",\"inLanguage\":\"fr-FR\",\"@id\":\"https:\\\/\\\/centrosira.org\\\/brechas-podcast\\\/brechas-capitulo-iv\\\/#primaryimage\",\"url\":\"https:\\\/\\\/centrosira.org\\\/wp-content\\\/uploads\\\/2026\\\/03\\\/infiltraciones-policiales-que-no-sean-podcast-centro-sira-1.webp\",\"contentUrl\":\"https:\\\/\\\/centrosira.org\\\/wp-content\\\/uploads\\\/2026\\\/03\\\/infiltraciones-policiales-que-no-sean-podcast-centro-sira-1.webp\",\"width\":1620,\"height\":1620,\"caption\":\"Portada del Cap\u00edtulo IV del podcast Brechas, titulado Que No Sean, sobre infiltraciones policiales en movimientos sociales\"},{\"@type\":\"BreadcrumbList\",\"@id\":\"https:\\\/\\\/centrosira.org\\\/brechas-podcast\\\/brechas-capitulo-iv\\\/#breadcrumb\",\"itemListElement\":[{\"@type\":\"ListItem\",\"position\":1,\"name\":\"Portada\",\"item\":\"https:\\\/\\\/centrosira.org\\\/\"},{\"@type\":\"ListItem\",\"position\":2,\"name\":\"Brechas podcast\",\"item\":\"https:\\\/\\\/centrosira.org\\\/brechas-podcast\\\/\"},{\"@type\":\"ListItem\",\"position\":3,\"name\":\"Brechas Cap\u00edtulo IV\"}]},{\"@type\":\"WebSite\",\"@id\":\"https:\\\/\\\/centrosira.org\\\/#website\",\"url\":\"https:\\\/\\\/centrosira.org\\\/\",\"name\":\"Centro Sira\",\"description\":\"\",\"publisher\":{\"@id\":\"https:\\\/\\\/centrosira.org\\\/#organization\"},\"alternateName\":\"Centro de Atenci\u00f3n a V\u00edctimas de Malos Tratos y Tortura\",\"potentialAction\":[{\"@type\":\"SearchAction\",\"target\":{\"@type\":\"EntryPoint\",\"urlTemplate\":\"https:\\\/\\\/centrosira.org\\\/?s={search_term_string}\"},\"query-input\":{\"@type\":\"PropertyValueSpecification\",\"valueRequired\":true,\"valueName\":\"search_term_string\"}}],\"inLanguage\":\"fr-FR\"},{\"@type\":\"Organization\",\"@id\":\"https:\\\/\\\/centrosira.org\\\/#organization\",\"name\":\"Centro Sira\",\"alternateName\":\"Sira\",\"url\":\"https:\\\/\\\/centrosira.org\\\/\",\"logo\":{\"@type\":\"ImageObject\",\"inLanguage\":\"fr-FR\",\"@id\":\"https:\\\/\\\/centrosira.org\\\/#\\\/schema\\\/logo\\\/image\\\/\",\"url\":null,\"contentUrl\":null,\"width\":null,\"height\":null,\"caption\":\"Centro Sira\"},\"image\":{\"@id\":\"https:\\\/\\\/centrosira.org\\\/#\\\/schema\\\/logo\\\/image\\\/\"},\"sameAs\":[\"https:\\\/\\\/www.facebook.com\\\/siracentro\",\"https:\\\/\\\/x.com\\\/sira_centro\",\"https:\\\/\\\/www.instagram.com\\\/sira_centro\\\/\",\"https:\\\/\\\/www.linkedin.com\\\/company\\\/sira-centro\\\/?originalSubdomain=es\",\"https:\\\/\\\/www.youtube.com\\\/@sira_centro\"]}]}<\/script>\n<!-- \/ Yoast SEO plugin. -->","yoast_head_json":{"title":"Brechas Cap. IV: Que No Sean | Infiltraciones Policiales y Tortura","description":"Ellas lo conoc\u00edan como Dani, ellos como Sergio. Testimonios sobre las consecuencias psicol\u00f3gicas de las infiltraciones policiales en movimientos sociales.","robots":{"index":"index","follow":"follow","max-snippet":"max-snippet:-1","max-image-preview":"max-image-preview:large","max-video-preview":"max-video-preview:-1"},"canonical":"https:\/\/centrosira.org\/fr\/brechas-podcast\/brechas-capitulo-iv\/","og_locale":"fr_FR","og_type":"article","og_title":"Brechas Cap. IV: Que No Sean | Infiltraciones Policiales y Tortura","og_description":"Ellas lo conoc\u00edan como Dani, ellos como Sergio. Testimonios sobre las consecuencias psicol\u00f3gicas de las infiltraciones policiales en movimientos sociales.","og_url":"https:\/\/centrosira.org\/fr\/brechas-podcast\/brechas-capitulo-iv\/","og_site_name":"Centro Sira","article_publisher":"https:\/\/www.facebook.com\/siracentro","article_modified_time":"2026-04-27T08:53:46+00:00","og_image":[{"width":1620,"height":1620,"url":"https:\/\/centrosira.org\/wp-content\/uploads\/2026\/03\/infiltraciones-policiales-que-no-sean-podcast-centro-sira-1.webp","type":"image\/webp"}],"twitter_card":"summary_large_image","twitter_site":"@sira_centro","twitter_misc":{"Dur\u00e9e de lecture estim\u00e9e":"3 minutes"},"schema":{"@context":"https:\/\/schema.org","@graph":[{"@type":"WebPage","@id":"https:\/\/centrosira.org\/brechas-podcast\/brechas-capitulo-iv\/","url":"https:\/\/centrosira.org\/brechas-podcast\/brechas-capitulo-iv\/","name":"Brechas Cap. IV: Que No Sean | Infiltraciones Policiales y Tortura","isPartOf":{"@id":"https:\/\/centrosira.org\/#website"},"primaryImageOfPage":{"@id":"https:\/\/centrosira.org\/brechas-podcast\/brechas-capitulo-iv\/#primaryimage"},"image":{"@id":"https:\/\/centrosira.org\/brechas-podcast\/brechas-capitulo-iv\/#primaryimage"},"thumbnailUrl":"https:\/\/centrosira.org\/wp-content\/uploads\/2026\/03\/infiltraciones-policiales-que-no-sean-podcast-centro-sira-1.webp","datePublished":"2026-03-31T12:02:56+00:00","dateModified":"2026-04-27T08:53:46+00:00","description":"Ellas lo conoc\u00edan como Dani, ellos como Sergio. Testimonios sobre las consecuencias psicol\u00f3gicas de las infiltraciones policiales en movimientos sociales.","breadcrumb":{"@id":"https:\/\/centrosira.org\/brechas-podcast\/brechas-capitulo-iv\/#breadcrumb"},"inLanguage":"fr-FR","potentialAction":[{"@type":"ReadAction","target":["https:\/\/centrosira.org\/brechas-podcast\/brechas-capitulo-iv\/"]}]},{"@type":"ImageObject","inLanguage":"fr-FR","@id":"https:\/\/centrosira.org\/brechas-podcast\/brechas-capitulo-iv\/#primaryimage","url":"https:\/\/centrosira.org\/wp-content\/uploads\/2026\/03\/infiltraciones-policiales-que-no-sean-podcast-centro-sira-1.webp","contentUrl":"https:\/\/centrosira.org\/wp-content\/uploads\/2026\/03\/infiltraciones-policiales-que-no-sean-podcast-centro-sira-1.webp","width":1620,"height":1620,"caption":"Portada del Cap\u00edtulo IV del podcast Brechas, titulado Que No Sean, sobre infiltraciones policiales en movimientos sociales"},{"@type":"BreadcrumbList","@id":"https:\/\/centrosira.org\/brechas-podcast\/brechas-capitulo-iv\/#breadcrumb","itemListElement":[{"@type":"ListItem","position":1,"name":"Portada","item":"https:\/\/centrosira.org\/"},{"@type":"ListItem","position":2,"name":"Brechas podcast","item":"https:\/\/centrosira.org\/brechas-podcast\/"},{"@type":"ListItem","position":3,"name":"Brechas Cap\u00edtulo IV"}]},{"@type":"WebSite","@id":"https:\/\/centrosira.org\/#website","url":"https:\/\/centrosira.org\/","name":"Centre Sira","description":"","publisher":{"@id":"https:\/\/centrosira.org\/#organization"},"alternateName":"Centro de Atenci\u00f3n a V\u00edctimas de Malos Tratos y Tortura","potentialAction":[{"@type":"SearchAction","target":{"@type":"EntryPoint","urlTemplate":"https:\/\/centrosira.org\/?s={search_term_string}"},"query-input":{"@type":"PropertyValueSpecification","valueRequired":true,"valueName":"search_term_string"}}],"inLanguage":"fr-FR"},{"@type":"Organization","@id":"https:\/\/centrosira.org\/#organization","name":"Centre Sira","alternateName":"Sira","url":"https:\/\/centrosira.org\/","logo":{"@type":"ImageObject","inLanguage":"fr-FR","@id":"https:\/\/centrosira.org\/#\/schema\/logo\/image\/","url":null,"contentUrl":null,"width":null,"height":null,"caption":"Centro Sira"},"image":{"@id":"https:\/\/centrosira.org\/#\/schema\/logo\/image\/"},"sameAs":["https:\/\/www.facebook.com\/siracentro","https:\/\/x.com\/sira_centro","https:\/\/www.instagram.com\/sira_centro\/","https:\/\/www.linkedin.com\/company\/sira-centro\/?originalSubdomain=es","https:\/\/www.youtube.com\/@sira_centro"]}]}},"_links":{"self":[{"href":"https:\/\/centrosira.org\/fr\/wp-json\/wp\/v2\/pages\/1871","targetHints":{"allow":["GET"]}}],"collection":[{"href":"https:\/\/centrosira.org\/fr\/wp-json\/wp\/v2\/pages"}],"about":[{"href":"https:\/\/centrosira.org\/fr\/wp-json\/wp\/v2\/types\/page"}],"author":[{"embeddable":true,"href":"https:\/\/centrosira.org\/fr\/wp-json\/wp\/v2\/users\/2"}],"replies":[{"embeddable":true,"href":"https:\/\/centrosira.org\/fr\/wp-json\/wp\/v2\/comments?post=1871"}],"version-history":[{"count":10,"href":"https:\/\/centrosira.org\/fr\/wp-json\/wp\/v2\/pages\/1871\/revisions"}],"predecessor-version":[{"id":1975,"href":"https:\/\/centrosira.org\/fr\/wp-json\/wp\/v2\/pages\/1871\/revisions\/1975"}],"up":[{"embeddable":true,"href":"https:\/\/centrosira.org\/fr\/wp-json\/wp\/v2\/pages\/1517"}],"wp:featuredmedia":[{"embeddable":true,"href":"https:\/\/centrosira.org\/fr\/wp-json\/wp\/v2\/media\/1558"}],"wp:attachment":[{"href":"https:\/\/centrosira.org\/fr\/wp-json\/wp\/v2\/media?parent=1871"}],"curies":[{"name":"wp","href":"https:\/\/api.w.org\/{rel}","templated":true}]}}