{"id":1846,"date":"2026-03-31T13:46:49","date_gmt":"2026-03-31T11:46:49","guid":{"rendered":"https:\/\/centrosira.org\/?page_id=1846"},"modified":"2026-04-27T10:50:07","modified_gmt":"2026-04-27T08:50:07","slug":"brechas-capitulo-iii","status":"publish","type":"page","link":"https:\/\/centrosira.org\/fr\/brechas-podcast\/brechas-capitulo-iii\/","title":{"rendered":"Brechas Cap\u00edtulo III"},"content":{"rendered":"<div data-elementor-type=\"wp-page\" data-elementor-id=\"1846\" class=\"elementor elementor-1846\" data-elementor-post-type=\"page\">\n\t\t\t\t<div class=\"elementor-element elementor-element-70584f2 e-flex e-con-boxed e-con e-parent\" data-id=\"70584f2\" data-element_type=\"container\" data-e-type=\"container\" data-settings=\"{&quot;background_background&quot;:&quot;classic&quot;}\">\n\t\t\t\t\t<div class=\"e-con-inner\">\n\t\t\t\t<div class=\"elementor-element elementor-element-8256735 elementor-widget__width-initial elementor-widget elementor-widget-image\" data-id=\"8256735\" data-element_type=\"widget\" data-e-type=\"widget\" data-widget_type=\"image.default\">\n\t\t\t\t\t\t\t\t\t\t\t\t\t\t\t<img fetchpriority=\"high\" decoding=\"async\" width=\"1620\" height=\"1620\" src=\"https:\/\/centrosira.org\/wp-content\/uploads\/2026\/03\/brechas-podcast-balas-de-goma-1.webp\" class=\"attachment-full size-full wp-image-1559\" alt=\"Portada del Cap\u00edtulo III del podcast Brechas, titulado Balas de Goma, sobre v\u00edctimas de proyectiles de goma policiales\" srcset=\"https:\/\/centrosira.org\/wp-content\/uploads\/2026\/03\/brechas-podcast-balas-de-goma-1.webp 1620w, https:\/\/centrosira.org\/wp-content\/uploads\/2026\/03\/brechas-podcast-balas-de-goma-1-300x300.webp 300w, https:\/\/centrosira.org\/wp-content\/uploads\/2026\/03\/brechas-podcast-balas-de-goma-1-1024x1024.webp 1024w, https:\/\/centrosira.org\/wp-content\/uploads\/2026\/03\/brechas-podcast-balas-de-goma-1-150x150.webp 150w, https:\/\/centrosira.org\/wp-content\/uploads\/2026\/03\/brechas-podcast-balas-de-goma-1-768x768.webp 768w, https:\/\/centrosira.org\/wp-content\/uploads\/2026\/03\/brechas-podcast-balas-de-goma-1-1536x1536.webp 1536w, https:\/\/centrosira.org\/wp-content\/uploads\/2026\/03\/brechas-podcast-balas-de-goma-1-12x12.webp 12w\" sizes=\"(max-width: 1620px) 100vw, 1620px\" \/>\t\t\t\t\t\t\t\t\t\t\t\t\t\t\t<\/div>\n\t\t<div class=\"elementor-element elementor-element-3be8c19 e-con-full e-flex e-con e-child\" data-id=\"3be8c19\" data-element_type=\"container\" data-e-type=\"container\">\n\t\t\t\t<div class=\"elementor-element elementor-element-f4e3927 elementor-widget__width-initial animated-slow elementor-invisible elementor-widget elementor-widget-heading\" data-id=\"f4e3927\" data-element_type=\"widget\" data-e-type=\"widget\" data-settings=\"{&quot;_animation&quot;:&quot;fadeInRight&quot;}\" data-widget_type=\"heading.default\">\n\t\t\t\t\t<h1 class=\"elementor-heading-title elementor-size-default\">Podcast Brechas \u2013 Balles en caoutchouc<\/h1>\t\t\t\t<\/div>\n\t\t\t\t<div class=\"elementor-element elementor-element-b3e56ff animated-slow elementor-invisible elementor-widget elementor-widget-text-editor\" data-id=\"b3e56ff\" data-element_type=\"widget\" data-e-type=\"widget\" data-settings=\"{&quot;_animation&quot;:&quot;fadeIn&quot;,&quot;_animation_delay&quot;:400}\" data-widget_type=\"text-editor.default\">\n\t\t\t\t\t\t\t\t\t<p><strong>Carles Guillot et Esther Quintana<\/strong> Elles ont perdu un \u0153il dans des circonstances tr\u00e8s similaires. Toutes deux ont \u00e9t\u00e9 touch\u00e9es par une balle en caoutchouc tir\u00e9e par un policier alors qu&#039;elles exer\u00e7aient leur droit de manifester. Dans leur long combat judiciaire pour identifier les responsables, elles ont trouv\u00e9 le soutien n\u00e9cessaire aupr\u00e8s de leurs coll\u00e8gues f\u00e9minines, de leurs amies, de leur famille et de la soci\u00e9t\u00e9 civile, non seulement pour exiger justice et r\u00e9parations de l&#039;\u00c9tat, mais aussi <strong>l&#039;interdiction<\/strong> de ce type d&#039;arme, aussi impr\u00e9cise que mortelle.<\/p>\t\t\t\t\t\t\t\t<\/div>\n\t\t\t\t<\/div>\n\t\t\t\t<div class=\"elementor-element elementor-element-6183b18 elementor-widget__width-inherit animated-slow elementor-invisible elementor-widget elementor-widget-html\" data-id=\"6183b18\" data-element_type=\"widget\" data-e-type=\"widget\" data-settings=\"{&quot;_animation&quot;:&quot;fadeIn&quot;}\" data-widget_type=\"html.default\">\n\t\t\t\t\t<iframe src=\"https:\/\/www.ivoox.com\/player_ej_145320263_6_1.html?c1=f96214\" width=\"100%\" height=\"200\" frameborder=\"0\" allowfullscreen=\"\" scrolling=\"no\" loading=\"lazy\"><\/iframe>\t\t\t\t<\/div>\n\t\t\t\t\t<\/div>\n\t\t\t\t<\/div>\n\t\t<div class=\"elementor-element elementor-element-1dea360 e-flex e-con-boxed e-con e-parent\" data-id=\"1dea360\" data-element_type=\"container\" data-e-type=\"container\" data-settings=\"{&quot;background_background&quot;:&quot;classic&quot;}\">\n\t\t\t\t\t<div class=\"e-con-inner\">\n\t\t\t\t<div class=\"elementor-element elementor-element-6f482ff elementor-widget__width-initial elementor-widget elementor-widget-image\" data-id=\"6f482ff\" data-element_type=\"widget\" data-e-type=\"widget\" data-widget_type=\"image.default\">\n\t\t\t\t\t\t\t\t\t\t\t\t\t\t\t<img decoding=\"async\" width=\"1080\" height=\"1080\" src=\"https:\/\/centrosira.org\/wp-content\/uploads\/2026\/03\/balas-de-goma-podcast-centro-sira-brechas-1.webp\" class=\"attachment-full size-full wp-image-1848\" alt=\"Imagen documental sobre v\u00edctimas de balas de goma disparadas por polic\u00edas en el Estado espa\u00f1ol, caso Carles Guillot y Esther Quintana\" srcset=\"https:\/\/centrosira.org\/wp-content\/uploads\/2026\/03\/balas-de-goma-podcast-centro-sira-brechas-1.webp 1080w, https:\/\/centrosira.org\/wp-content\/uploads\/2026\/03\/balas-de-goma-podcast-centro-sira-brechas-1-300x300.webp 300w, https:\/\/centrosira.org\/wp-content\/uploads\/2026\/03\/balas-de-goma-podcast-centro-sira-brechas-1-1024x1024.webp 1024w, https:\/\/centrosira.org\/wp-content\/uploads\/2026\/03\/balas-de-goma-podcast-centro-sira-brechas-1-150x150.webp 150w, https:\/\/centrosira.org\/wp-content\/uploads\/2026\/03\/balas-de-goma-podcast-centro-sira-brechas-1-768x768.webp 768w, https:\/\/centrosira.org\/wp-content\/uploads\/2026\/03\/balas-de-goma-podcast-centro-sira-brechas-1-12x12.webp 12w\" sizes=\"(max-width: 1080px) 100vw, 1080px\" \/>\t\t\t\t\t\t\t\t\t\t\t\t\t\t\t<\/div>\n\t\t<div class=\"elementor-element elementor-element-34530e3 e-con-full e-flex e-con e-child\" data-id=\"34530e3\" data-element_type=\"container\" data-e-type=\"container\">\n\t\t\t\t<div class=\"elementor-element elementor-element-583c15a elementor-widget__width-initial animated-slow elementor-invisible elementor-widget elementor-widget-heading\" data-id=\"583c15a\" data-element_type=\"widget\" data-e-type=\"widget\" data-settings=\"{&quot;_animation&quot;:&quot;fadeInRight&quot;}\" data-widget_type=\"heading.default\">\n\t\t\t\t\t<h2 class=\"elementor-heading-title elementor-size-default\">Incontr\u00f4lable, indiscrimin\u00e9, intra\u00e7able<\/h2>\t\t\t\t<\/div>\n\t\t\t\t<div class=\"elementor-element elementor-element-ab396d1 animated-slow elementor-invisible elementor-widget elementor-widget-text-editor\" data-id=\"ab396d1\" data-element_type=\"widget\" data-e-type=\"widget\" data-settings=\"{&quot;_animation&quot;:&quot;fadeIn&quot;,&quot;_animation_delay&quot;:400}\" data-widget_type=\"text-editor.default\">\n\t\t\t\t\t\t\t\t\t<p>Depuis l&#039;an 2000, dans l&#039;\u00c9tat espagnol <a href=\"https:\/\/iridia.cat\/es\/publicaciones\/informe-stop-bales-de-goma\/\" target=\"_blank\" rel=\"noopener\">comptes<\/a> Une personne a \u00e9t\u00e9 tu\u00e9e par un tir direct, et jusqu&#039;\u00e0 onze personnes ont perdu la vue d&#039;un \u0153il.<\/p>\t\t\t\t\t\t\t\t<\/div>\n\t\t\t\t<\/div>\n\t\t\t\t\t<\/div>\n\t\t\t\t<\/div>\n\t\t<div class=\"elementor-element elementor-element-8b53ad8 e-flex e-con-boxed e-con e-parent\" data-id=\"8b53ad8\" data-element_type=\"container\" data-e-type=\"container\" data-settings=\"{&quot;background_background&quot;:&quot;classic&quot;}\">\n\t\t\t\t\t<div class=\"e-con-inner\">\n\t\t<div class=\"elementor-element elementor-element-fa372f3 e-con-full e-flex e-con e-child\" data-id=\"fa372f3\" data-element_type=\"container\" data-e-type=\"container\">\n\t\t\t\t<div class=\"elementor-element elementor-element-45402bc elementor-widget__width-initial animated-slow elementor-invisible elementor-widget elementor-widget-heading\" data-id=\"45402bc\" data-element_type=\"widget\" data-e-type=\"widget\" data-settings=\"{&quot;_animation&quot;:&quot;fadeInLeft&quot;}\" data-widget_type=\"heading.default\">\n\t\t\t\t\t<h2 class=\"elementor-heading-title elementor-size-default\">3 points cl\u00e9s de l&#039;\u00e9pisode<\/h2>\t\t\t\t<\/div>\n\t\t\t\t<div class=\"elementor-element elementor-element-e14b2ac animated-slow elementor-invisible elementor-widget elementor-widget-text-editor\" data-id=\"e14b2ac\" data-element_type=\"widget\" data-e-type=\"widget\" data-settings=\"{&quot;_animation&quot;:&quot;fadeIn&quot;,&quot;_animation_delay&quot;:400}\" data-widget_type=\"text-editor.default\">\n\t\t\t\t\t\t\t\t\t<p><strong>SOUTIEN PSYCHOLOGIQUE<\/strong><br \/><span style=\"color: #808080;\">Selon Marina Parras, membre de l&#039;\u00e9quipe m\u00e9dicale du Centre Sira et collaboratrice de la Fondation de recherche Omega, les cas de mutilation comme ceux de Carles et Ester ne donnent lieu \u00e0 aucun protocole sp\u00e9cifique incluant un soutien psychologique ou une intervention sociale. Les victimes sont trait\u00e9es comme si elles avaient subi un accident.<\/span><\/p><p><strong>M\u00c9CANISMES DE CONTR\u00d4LE<\/strong><br \/><span style=\"color: #808080;\">Sans auteur identifi\u00e9, il n&#039;y a pas de condamnation. Souvent, les affaires qui parviennent devant les tribunaux d\u00e9pendent des informations fournies par la police elle-m\u00eame, dont les membres sont fr\u00e9quemment mal identifi\u00e9s, pr\u00e9vient Irene Urango d&#039;Ir\u00eddia. Ce centre, en collaboration avec Novact et des experts du Centre Sira, a pr\u00e9sent\u00e9 l&#039;an dernier un plan d&#039;action visant \u00e0 cr\u00e9er un m\u00e9canisme ind\u00e9pendant d&#039;enqu\u00eate sur les violations graves des droits humains commises par la police.<\/span><\/p><p><strong>SOUTIEN MUTUEL<\/strong><br \/><span style=\"color: #808080;\">Ester, Carles, Nicola, Roger, \u00d2scar, Stop Rubber Bullets et Watch Out for Your Eye r\u00e9clament depuis des ann\u00e9es l&#039;interdiction des projectiles \u00e0 \u00e9nergie cin\u00e9tique et d\u00e9noncent les cons\u00e9quences de leur utilisation dans tous types d&#039;espaces. \u00ab\u00a0Pour nous, il \u00e9tait important de nous r\u00e9unir\u00a0; que ce soit un premier contact, et ensuite nous verrions ce qui se passerait. Et ce qui s&#039;est pass\u00e9, c&#039;est une amiti\u00e9 et un militantisme que nous poursuivons depuis 2012\u00a0\u00bb, explique Carles Guillot.<\/span><\/p>\t\t\t\t\t\t\t\t<\/div>\n\t\t\t\t<\/div>\n\t\t\t\t<div class=\"elementor-element elementor-element-e0a031b elementor-widget__width-initial elementor-widget elementor-widget-image\" data-id=\"e0a031b\" data-element_type=\"widget\" data-e-type=\"widget\" data-widget_type=\"image.default\">\n\t\t\t\t\t\t\t\t\t\t\t\t\t\t\t<img decoding=\"async\" width=\"768\" height=\"768\" src=\"https:\/\/centrosira.org\/wp-content\/uploads\/2026\/03\/balas-de-goma-brechas-podcast-carles-guillot-768x768-1.webp\" class=\"attachment-full size-full wp-image-1849\" alt=\"Imagen de Carles Guillot, v\u00edctima de bala de goma y activista por la prohibici\u00f3n de los proyectiles de energ\u00eda cin\u00e9tica\" srcset=\"https:\/\/centrosira.org\/wp-content\/uploads\/2026\/03\/balas-de-goma-brechas-podcast-carles-guillot-768x768-1.webp 768w, https:\/\/centrosira.org\/wp-content\/uploads\/2026\/03\/balas-de-goma-brechas-podcast-carles-guillot-768x768-1-300x300.webp 300w, https:\/\/centrosira.org\/wp-content\/uploads\/2026\/03\/balas-de-goma-brechas-podcast-carles-guillot-768x768-1-150x150.webp 150w, https:\/\/centrosira.org\/wp-content\/uploads\/2026\/03\/balas-de-goma-brechas-podcast-carles-guillot-768x768-1-12x12.webp 12w\" sizes=\"(max-width: 768px) 100vw, 768px\" \/>\t\t\t\t\t\t\t\t\t\t\t\t\t\t\t<\/div>\n\t\t\t\t<div class=\"elementor-element elementor-element-9f631ff elementor-widget__width-inherit animated-slow elementor-invisible elementor-widget elementor-widget-html\" data-id=\"9f631ff\" data-element_type=\"widget\" data-e-type=\"widget\" data-settings=\"{&quot;_animation&quot;:&quot;fadeIn&quot;}\" data-widget_type=\"html.default\">\n\t\t\t\t\t<iframe data-testid=\"embed-iframe\" style=\"border-radius:12px\" src=\"https:\/\/open.spotify.com\/embed\/episode\/44stuh8RXeb0aJoSVd7aJQ?utm_source=generator\" width=\"100%\" height=\"352\" frameborder=\"0\" allowfullscreen=\"\" allow=\"autoplay; clipboard-write; encrypted-media; fullscreen; picture-in-picture\" loading=\"lazy\"><\/iframe>\t\t\t\t<\/div>\n\t\t\t\t<div class=\"elementor-element elementor-element-d2b3d3a elementor-align-center elementor-widget__width-inherit animated-slow elementor-invisible elementor-widget elementor-widget-button\" data-id=\"d2b3d3a\" data-element_type=\"widget\" data-e-type=\"widget\" data-settings=\"{&quot;_animation&quot;:&quot;fadeInUp&quot;,&quot;_animation_delay&quot;:0}\" data-widget_type=\"button.default\">\n\t\t\t\t\t\t\t\t\t\t<a class=\"elementor-button elementor-button-link elementor-size-sm\" href=\"https:\/\/centrosira.org\/fr\/brechas-podcast\/\">\n\t\t\t\t\t\t<span class=\"elementor-button-content-wrapper\">\n\t\t\t\t\t\t\t\t\t<span class=\"elementor-button-text\">Plus d&#039;\u00e9pisodes<\/span>\n\t\t\t\t\t<\/span>\n\t\t\t\t\t<\/a>\n\t\t\t\t\t\t\t\t<\/div>\n\t\t\t\t\t<\/div>\n\t\t\t\t<\/div>\n\t\t\t\t<\/div>","protected":false},"excerpt":{"rendered":"<p>Brechas Podcast \u2013 Balas de goma Carles Guillot y Esther Quintana perdieron un ojo en circunstancias muy similares. Ambos sufrieron el impacto de una bala de goma disparada por un polic\u00eda, mientras ejerc\u00edan su derecho a la protesta. En su largu\u00edsima carrera judicial por identificar a los responsables, los dos encontraron el empuje necesario en [&hellip;]<\/p>\n","protected":false},"author":2,"featured_media":1559,"parent":1517,"menu_order":0,"comment_status":"closed","ping_status":"closed","template":"","meta":{"footnotes":""},"class_list":["post-1846","page","type-page","status-publish","has-post-thumbnail","hentry"],"yoast_head":"<!-- This site is optimized with the Yoast SEO plugin v27.4 - https:\/\/yoast.com\/product\/yoast-seo-wordpress\/ -->\n<title>Brechas Cap. III: Balas de Goma | Violencia Policial y V\u00edctimas<\/title>\n<meta name=\"description\" content=\"Carles Guillot y Esther Quintana perdieron un ojo por balas de goma policiales. Su lucha por la justicia y la prohibici\u00f3n de estas armas en Brechas.\" \/>\n<meta name=\"robots\" content=\"index, follow, max-snippet:-1, max-image-preview:large, max-video-preview:-1\" \/>\n<link rel=\"canonical\" href=\"https:\/\/centrosira.org\/fr\/brechas-podcast\/brechas-capitulo-iii\/\" \/>\n<meta property=\"og:locale\" content=\"fr_FR\" \/>\n<meta property=\"og:type\" content=\"article\" \/>\n<meta property=\"og:title\" content=\"Brechas Cap. III: Balas de Goma | Violencia Policial y V\u00edctimas\" \/>\n<meta property=\"og:description\" content=\"Carles Guillot y Esther Quintana perdieron un ojo por balas de goma policiales. Su lucha por la justicia y la prohibici\u00f3n de estas armas en Brechas.\" \/>\n<meta property=\"og:url\" content=\"https:\/\/centrosira.org\/fr\/brechas-podcast\/brechas-capitulo-iii\/\" \/>\n<meta property=\"og:site_name\" content=\"Centro Sira\" \/>\n<meta property=\"article:publisher\" content=\"https:\/\/www.facebook.com\/siracentro\" \/>\n<meta property=\"article:modified_time\" content=\"2026-04-27T08:50:07+00:00\" \/>\n<meta property=\"og:image\" content=\"https:\/\/centrosira.org\/wp-content\/uploads\/2026\/03\/brechas-podcast-balas-de-goma-1.webp\" \/>\n\t<meta property=\"og:image:width\" content=\"1620\" \/>\n\t<meta property=\"og:image:height\" content=\"1620\" \/>\n\t<meta property=\"og:image:type\" content=\"image\/webp\" \/>\n<meta name=\"twitter:card\" content=\"summary_large_image\" \/>\n<meta name=\"twitter:site\" content=\"@sira_centro\" \/>\n<meta name=\"twitter:label1\" content=\"Dur\u00e9e de lecture estim\u00e9e\" \/>\n\t<meta name=\"twitter:data1\" content=\"3 minutes\" \/>\n<script type=\"application\/ld+json\" class=\"yoast-schema-graph\">{\"@context\":\"https:\\\/\\\/schema.org\",\"@graph\":[{\"@type\":\"WebPage\",\"@id\":\"https:\\\/\\\/centrosira.org\\\/brechas-podcast\\\/brechas-capitulo-iii\\\/\",\"url\":\"https:\\\/\\\/centrosira.org\\\/brechas-podcast\\\/brechas-capitulo-iii\\\/\",\"name\":\"Brechas Cap. III: Balas de Goma | Violencia Policial y V\u00edctimas\",\"isPartOf\":{\"@id\":\"https:\\\/\\\/centrosira.org\\\/#website\"},\"primaryImageOfPage\":{\"@id\":\"https:\\\/\\\/centrosira.org\\\/brechas-podcast\\\/brechas-capitulo-iii\\\/#primaryimage\"},\"image\":{\"@id\":\"https:\\\/\\\/centrosira.org\\\/brechas-podcast\\\/brechas-capitulo-iii\\\/#primaryimage\"},\"thumbnailUrl\":\"https:\\\/\\\/centrosira.org\\\/wp-content\\\/uploads\\\/2026\\\/03\\\/brechas-podcast-balas-de-goma-1.webp\",\"datePublished\":\"2026-03-31T11:46:49+00:00\",\"dateModified\":\"2026-04-27T08:50:07+00:00\",\"description\":\"Carles Guillot y Esther Quintana perdieron un ojo por balas de goma policiales. Su lucha por la justicia y la prohibici\u00f3n de estas armas en Brechas.\",\"breadcrumb\":{\"@id\":\"https:\\\/\\\/centrosira.org\\\/brechas-podcast\\\/brechas-capitulo-iii\\\/#breadcrumb\"},\"inLanguage\":\"fr-FR\",\"potentialAction\":[{\"@type\":\"ReadAction\",\"target\":[\"https:\\\/\\\/centrosira.org\\\/brechas-podcast\\\/brechas-capitulo-iii\\\/\"]}]},{\"@type\":\"ImageObject\",\"inLanguage\":\"fr-FR\",\"@id\":\"https:\\\/\\\/centrosira.org\\\/brechas-podcast\\\/brechas-capitulo-iii\\\/#primaryimage\",\"url\":\"https:\\\/\\\/centrosira.org\\\/wp-content\\\/uploads\\\/2026\\\/03\\\/brechas-podcast-balas-de-goma-1.webp\",\"contentUrl\":\"https:\\\/\\\/centrosira.org\\\/wp-content\\\/uploads\\\/2026\\\/03\\\/brechas-podcast-balas-de-goma-1.webp\",\"width\":1620,\"height\":1620,\"caption\":\"Portada del Cap\u00edtulo III del podcast Brechas, titulado Balas de Goma, sobre v\u00edctimas de proyectiles de goma policiales\"},{\"@type\":\"BreadcrumbList\",\"@id\":\"https:\\\/\\\/centrosira.org\\\/brechas-podcast\\\/brechas-capitulo-iii\\\/#breadcrumb\",\"itemListElement\":[{\"@type\":\"ListItem\",\"position\":1,\"name\":\"Portada\",\"item\":\"https:\\\/\\\/centrosira.org\\\/\"},{\"@type\":\"ListItem\",\"position\":2,\"name\":\"Brechas podcast\",\"item\":\"https:\\\/\\\/centrosira.org\\\/brechas-podcast\\\/\"},{\"@type\":\"ListItem\",\"position\":3,\"name\":\"Brechas Cap\u00edtulo III\"}]},{\"@type\":\"WebSite\",\"@id\":\"https:\\\/\\\/centrosira.org\\\/#website\",\"url\":\"https:\\\/\\\/centrosira.org\\\/\",\"name\":\"Centro Sira\",\"description\":\"\",\"publisher\":{\"@id\":\"https:\\\/\\\/centrosira.org\\\/#organization\"},\"alternateName\":\"Centro de Atenci\u00f3n a V\u00edctimas de Malos Tratos y Tortura\",\"potentialAction\":[{\"@type\":\"SearchAction\",\"target\":{\"@type\":\"EntryPoint\",\"urlTemplate\":\"https:\\\/\\\/centrosira.org\\\/?s={search_term_string}\"},\"query-input\":{\"@type\":\"PropertyValueSpecification\",\"valueRequired\":true,\"valueName\":\"search_term_string\"}}],\"inLanguage\":\"fr-FR\"},{\"@type\":\"Organization\",\"@id\":\"https:\\\/\\\/centrosira.org\\\/#organization\",\"name\":\"Centro Sira\",\"alternateName\":\"Sira\",\"url\":\"https:\\\/\\\/centrosira.org\\\/\",\"logo\":{\"@type\":\"ImageObject\",\"inLanguage\":\"fr-FR\",\"@id\":\"https:\\\/\\\/centrosira.org\\\/#\\\/schema\\\/logo\\\/image\\\/\",\"url\":null,\"contentUrl\":null,\"width\":null,\"height\":null,\"caption\":\"Centro Sira\"},\"image\":{\"@id\":\"https:\\\/\\\/centrosira.org\\\/#\\\/schema\\\/logo\\\/image\\\/\"},\"sameAs\":[\"https:\\\/\\\/www.facebook.com\\\/siracentro\",\"https:\\\/\\\/x.com\\\/sira_centro\",\"https:\\\/\\\/www.instagram.com\\\/sira_centro\\\/\",\"https:\\\/\\\/www.linkedin.com\\\/company\\\/sira-centro\\\/?originalSubdomain=es\",\"https:\\\/\\\/www.youtube.com\\\/@sira_centro\"]}]}<\/script>\n<!-- \/ Yoast SEO plugin. -->","yoast_head_json":{"title":"Brechas Cap. III: Balas de Goma | Violencia Policial y V\u00edctimas","description":"Carles Guillot y Esther Quintana perdieron un ojo por balas de goma policiales. Su lucha por la justicia y la prohibici\u00f3n de estas armas en Brechas.","robots":{"index":"index","follow":"follow","max-snippet":"max-snippet:-1","max-image-preview":"max-image-preview:large","max-video-preview":"max-video-preview:-1"},"canonical":"https:\/\/centrosira.org\/fr\/brechas-podcast\/brechas-capitulo-iii\/","og_locale":"fr_FR","og_type":"article","og_title":"Brechas Cap. III: Balas de Goma | Violencia Policial y V\u00edctimas","og_description":"Carles Guillot y Esther Quintana perdieron un ojo por balas de goma policiales. Su lucha por la justicia y la prohibici\u00f3n de estas armas en Brechas.","og_url":"https:\/\/centrosira.org\/fr\/brechas-podcast\/brechas-capitulo-iii\/","og_site_name":"Centro Sira","article_publisher":"https:\/\/www.facebook.com\/siracentro","article_modified_time":"2026-04-27T08:50:07+00:00","og_image":[{"width":1620,"height":1620,"url":"https:\/\/centrosira.org\/wp-content\/uploads\/2026\/03\/brechas-podcast-balas-de-goma-1.webp","type":"image\/webp"}],"twitter_card":"summary_large_image","twitter_site":"@sira_centro","twitter_misc":{"Dur\u00e9e de lecture estim\u00e9e":"3 minutes"},"schema":{"@context":"https:\/\/schema.org","@graph":[{"@type":"WebPage","@id":"https:\/\/centrosira.org\/brechas-podcast\/brechas-capitulo-iii\/","url":"https:\/\/centrosira.org\/brechas-podcast\/brechas-capitulo-iii\/","name":"Brechas Cap. III: Balas de Goma | Violencia Policial y V\u00edctimas","isPartOf":{"@id":"https:\/\/centrosira.org\/#website"},"primaryImageOfPage":{"@id":"https:\/\/centrosira.org\/brechas-podcast\/brechas-capitulo-iii\/#primaryimage"},"image":{"@id":"https:\/\/centrosira.org\/brechas-podcast\/brechas-capitulo-iii\/#primaryimage"},"thumbnailUrl":"https:\/\/centrosira.org\/wp-content\/uploads\/2026\/03\/brechas-podcast-balas-de-goma-1.webp","datePublished":"2026-03-31T11:46:49+00:00","dateModified":"2026-04-27T08:50:07+00:00","description":"Carles Guillot y Esther Quintana perdieron un ojo por balas de goma policiales. Su lucha por la justicia y la prohibici\u00f3n de estas armas en Brechas.","breadcrumb":{"@id":"https:\/\/centrosira.org\/brechas-podcast\/brechas-capitulo-iii\/#breadcrumb"},"inLanguage":"fr-FR","potentialAction":[{"@type":"ReadAction","target":["https:\/\/centrosira.org\/brechas-podcast\/brechas-capitulo-iii\/"]}]},{"@type":"ImageObject","inLanguage":"fr-FR","@id":"https:\/\/centrosira.org\/brechas-podcast\/brechas-capitulo-iii\/#primaryimage","url":"https:\/\/centrosira.org\/wp-content\/uploads\/2026\/03\/brechas-podcast-balas-de-goma-1.webp","contentUrl":"https:\/\/centrosira.org\/wp-content\/uploads\/2026\/03\/brechas-podcast-balas-de-goma-1.webp","width":1620,"height":1620,"caption":"Portada del Cap\u00edtulo III del podcast Brechas, titulado Balas de Goma, sobre v\u00edctimas de proyectiles de goma policiales"},{"@type":"BreadcrumbList","@id":"https:\/\/centrosira.org\/brechas-podcast\/brechas-capitulo-iii\/#breadcrumb","itemListElement":[{"@type":"ListItem","position":1,"name":"Portada","item":"https:\/\/centrosira.org\/"},{"@type":"ListItem","position":2,"name":"Brechas podcast","item":"https:\/\/centrosira.org\/brechas-podcast\/"},{"@type":"ListItem","position":3,"name":"Brechas Cap\u00edtulo III"}]},{"@type":"WebSite","@id":"https:\/\/centrosira.org\/#website","url":"https:\/\/centrosira.org\/","name":"Centre Sira","description":"","publisher":{"@id":"https:\/\/centrosira.org\/#organization"},"alternateName":"Centro de Atenci\u00f3n a V\u00edctimas de Malos Tratos y Tortura","potentialAction":[{"@type":"SearchAction","target":{"@type":"EntryPoint","urlTemplate":"https:\/\/centrosira.org\/?s={search_term_string}"},"query-input":{"@type":"PropertyValueSpecification","valueRequired":true,"valueName":"search_term_string"}}],"inLanguage":"fr-FR"},{"@type":"Organization","@id":"https:\/\/centrosira.org\/#organization","name":"Centre Sira","alternateName":"Sira","url":"https:\/\/centrosira.org\/","logo":{"@type":"ImageObject","inLanguage":"fr-FR","@id":"https:\/\/centrosira.org\/#\/schema\/logo\/image\/","url":null,"contentUrl":null,"width":null,"height":null,"caption":"Centro Sira"},"image":{"@id":"https:\/\/centrosira.org\/#\/schema\/logo\/image\/"},"sameAs":["https:\/\/www.facebook.com\/siracentro","https:\/\/x.com\/sira_centro","https:\/\/www.instagram.com\/sira_centro\/","https:\/\/www.linkedin.com\/company\/sira-centro\/?originalSubdomain=es","https:\/\/www.youtube.com\/@sira_centro"]}]}},"_links":{"self":[{"href":"https:\/\/centrosira.org\/fr\/wp-json\/wp\/v2\/pages\/1846","targetHints":{"allow":["GET"]}}],"collection":[{"href":"https:\/\/centrosira.org\/fr\/wp-json\/wp\/v2\/pages"}],"about":[{"href":"https:\/\/centrosira.org\/fr\/wp-json\/wp\/v2\/types\/page"}],"author":[{"embeddable":true,"href":"https:\/\/centrosira.org\/fr\/wp-json\/wp\/v2\/users\/2"}],"replies":[{"embeddable":true,"href":"https:\/\/centrosira.org\/fr\/wp-json\/wp\/v2\/comments?post=1846"}],"version-history":[{"count":13,"href":"https:\/\/centrosira.org\/fr\/wp-json\/wp\/v2\/pages\/1846\/revisions"}],"predecessor-version":[{"id":1971,"href":"https:\/\/centrosira.org\/fr\/wp-json\/wp\/v2\/pages\/1846\/revisions\/1971"}],"up":[{"embeddable":true,"href":"https:\/\/centrosira.org\/fr\/wp-json\/wp\/v2\/pages\/1517"}],"wp:featuredmedia":[{"embeddable":true,"href":"https:\/\/centrosira.org\/fr\/wp-json\/wp\/v2\/media\/1559"}],"wp:attachment":[{"href":"https:\/\/centrosira.org\/fr\/wp-json\/wp\/v2\/media?parent=1846"}],"curies":[{"name":"wp","href":"https:\/\/api.w.org\/{rel}","templated":true}]}}