{"id":1836,"date":"2026-03-31T13:26:20","date_gmt":"2026-03-31T11:26:20","guid":{"rendered":"https:\/\/centrosira.org\/?page_id=1836"},"modified":"2026-04-27T10:46:18","modified_gmt":"2026-04-27T08:46:18","slug":"brechas-capitulo-ii","status":"publish","type":"page","link":"https:\/\/centrosira.org\/fr\/brechas-podcast\/brechas-capitulo-ii\/","title":{"rendered":"Brechas Cap\u00edtulo II"},"content":{"rendered":"<div data-elementor-type=\"wp-page\" data-elementor-id=\"1836\" class=\"elementor elementor-1836\" data-elementor-post-type=\"page\">\n\t\t\t\t<div class=\"elementor-element elementor-element-61a2b33 e-flex e-con-boxed e-con e-parent\" data-id=\"61a2b33\" data-element_type=\"container\" data-e-type=\"container\" data-settings=\"{&quot;background_background&quot;:&quot;classic&quot;}\">\n\t\t\t\t\t<div class=\"e-con-inner\">\n\t\t\t\t<div class=\"elementor-element elementor-element-3e092ee elementor-widget__width-initial elementor-widget elementor-widget-image\" data-id=\"3e092ee\" data-element_type=\"widget\" data-e-type=\"widget\" data-widget_type=\"image.default\">\n\t\t\t\t\t\t\t\t\t\t\t\t\t\t\t<img fetchpriority=\"high\" decoding=\"async\" width=\"1620\" height=\"1620\" src=\"https:\/\/centrosira.org\/wp-content\/uploads\/2026\/03\/1080x1080-1-1-1.webp\" class=\"attachment-full size-full wp-image-1560\" alt=\"Portada del Cap\u00edtulo II del podcast Brechas, titulado Hechos Abstractos, sobre el caso Omar en prisi\u00f3n de aislamiento\" srcset=\"https:\/\/centrosira.org\/wp-content\/uploads\/2026\/03\/1080x1080-1-1-1.webp 1620w, https:\/\/centrosira.org\/wp-content\/uploads\/2026\/03\/1080x1080-1-1-1-300x300.webp 300w, https:\/\/centrosira.org\/wp-content\/uploads\/2026\/03\/1080x1080-1-1-1-1024x1024.webp 1024w, https:\/\/centrosira.org\/wp-content\/uploads\/2026\/03\/1080x1080-1-1-1-150x150.webp 150w, https:\/\/centrosira.org\/wp-content\/uploads\/2026\/03\/1080x1080-1-1-1-768x768.webp 768w, https:\/\/centrosira.org\/wp-content\/uploads\/2026\/03\/1080x1080-1-1-1-1536x1536.webp 1536w, https:\/\/centrosira.org\/wp-content\/uploads\/2026\/03\/1080x1080-1-1-1-12x12.webp 12w\" sizes=\"(max-width: 1620px) 100vw, 1620px\" \/>\t\t\t\t\t\t\t\t\t\t\t\t\t\t\t<\/div>\n\t\t<div class=\"elementor-element elementor-element-f40d51d e-con-full e-flex e-con e-child\" data-id=\"f40d51d\" data-element_type=\"container\" data-e-type=\"container\">\n\t\t\t\t<div class=\"elementor-element elementor-element-aa413c0 elementor-widget__width-initial animated-slow elementor-invisible elementor-widget elementor-widget-heading\" data-id=\"aa413c0\" data-element_type=\"widget\" data-e-type=\"widget\" data-settings=\"{&quot;_animation&quot;:&quot;fadeInRight&quot;}\" data-widget_type=\"heading.default\">\n\t\t\t\t\t<h1 class=\"elementor-heading-title elementor-size-default\">Podcast Gaps \u2013 Faits abstraits<\/h1>\t\t\t\t<\/div>\n\t\t\t\t<div class=\"elementor-element elementor-element-8d96ca2 animated-slow elementor-invisible elementor-widget elementor-widget-text-editor\" data-id=\"8d96ca2\" data-element_type=\"widget\" data-e-type=\"widget\" data-settings=\"{&quot;_animation&quot;:&quot;fadeIn&quot;,&quot;_animation_delay&quot;:400}\" data-widget_type=\"text-editor.default\">\n\t\t\t\t\t\t\t\t\t<p>Omar <strong>entre en prison<\/strong> De Zuera, \u00e0 Saragosse, en 2016. Elle y demeure. <strong>presque trois ans<\/strong> en d\u00e9tention provisoire \u00e0 l&#039;isolement \u2013 c&#039;est-\u00e0-dire compl\u00e8tement seul dans une cellule \u2013 <strong>accus\u00e9 d&#039;endoctrinement et de glorification.<\/strong> Omar est entr\u00e9 en prison en bonne sant\u00e9 et <strong>Il est parti avec un handicap de pr\u00e8s de 80%<\/strong> reconnu. En 2023, apr\u00e8s plusieurs ann\u00e9es de lutte, <strong>La Cour nationale a condamn\u00e9 l&#039;Espagne<\/strong> Pour indemniser sa famille, dans le cadre d&#039;une d\u00e9cision historique, voici son histoire.<\/p>\t\t\t\t\t\t\t\t<\/div>\n\t\t\t\t<\/div>\n\t\t\t\t<div class=\"elementor-element elementor-element-9ee4e39 elementor-widget__width-inherit animated-slow elementor-invisible elementor-widget elementor-widget-html\" data-id=\"9ee4e39\" data-element_type=\"widget\" data-e-type=\"widget\" data-settings=\"{&quot;_animation&quot;:&quot;fadeIn&quot;}\" data-widget_type=\"html.default\">\n\t\t\t\t\t<iframe src=\"https:\/\/www.ivoox.com\/player_ej_123138665_6_1.html?c1=f96214\" width=\"100%\" height=\"200\" frameborder=\"0\" allowfullscreen=\"\" scrolling=\"no\" loading=\"lazy\"><\/iframe>\t\t\t\t<\/div>\n\t\t\t\t\t<\/div>\n\t\t\t\t<\/div>\n\t\t<div class=\"elementor-element elementor-element-5f76d94 e-flex e-con-boxed e-con e-parent\" data-id=\"5f76d94\" data-element_type=\"container\" data-e-type=\"container\" data-settings=\"{&quot;background_background&quot;:&quot;classic&quot;}\">\n\t\t\t\t\t<div class=\"e-con-inner\">\n\t\t\t\t<div class=\"elementor-element elementor-element-b758043 elementor-widget__width-initial elementor-widget elementor-widget-image\" data-id=\"b758043\" data-element_type=\"widget\" data-e-type=\"widget\" data-widget_type=\"image.default\">\n\t\t\t\t\t\t\t\t\t\t\t\t\t\t\t<img decoding=\"async\" width=\"1200\" height=\"900\" src=\"https:\/\/centrosira.org\/wp-content\/uploads\/2026\/03\/f.elconfidencial.com_original_e.webp\" class=\"attachment-full size-full wp-image-1839\" alt=\"Imagen de Omar A.Z., protagonista del Cap\u00edtulo II de Brechas, ciudadano que sufri\u00f3 aislamiento extremo en prisi\u00f3n preventiva\" srcset=\"https:\/\/centrosira.org\/wp-content\/uploads\/2026\/03\/f.elconfidencial.com_original_e.webp 1200w, https:\/\/centrosira.org\/wp-content\/uploads\/2026\/03\/f.elconfidencial.com_original_e-300x225.webp 300w, https:\/\/centrosira.org\/wp-content\/uploads\/2026\/03\/f.elconfidencial.com_original_e-1024x768.webp 1024w, https:\/\/centrosira.org\/wp-content\/uploads\/2026\/03\/f.elconfidencial.com_original_e-768x576.webp 768w, https:\/\/centrosira.org\/wp-content\/uploads\/2026\/03\/f.elconfidencial.com_original_e-16x12.webp 16w\" sizes=\"(max-width: 1200px) 100vw, 1200px\" \/>\t\t\t\t\t\t\t\t\t\t\t\t\t\t\t<\/div>\n\t\t<div class=\"elementor-element elementor-element-be27984 e-con-full e-flex e-con e-child\" data-id=\"be27984\" data-element_type=\"container\" data-e-type=\"container\">\n\t\t\t\t<div class=\"elementor-element elementor-element-a1ff62b elementor-widget__width-initial animated-slow elementor-invisible elementor-widget elementor-widget-heading\" data-id=\"a1ff62b\" data-element_type=\"widget\" data-e-type=\"widget\" data-settings=\"{&quot;_animation&quot;:&quot;fadeInRight&quot;}\" data-widget_type=\"heading.default\">\n\t\t\t\t\t<h2 class=\"elementor-heading-title elementor-size-default\">Omar AZ<\/h2>\t\t\t\t<\/div>\n\t\t\t\t<div class=\"elementor-element elementor-element-06d9314 animated-slow elementor-invisible elementor-widget elementor-widget-text-editor\" data-id=\"06d9314\" data-element_type=\"widget\" data-e-type=\"widget\" data-settings=\"{&quot;_animation&quot;:&quot;fadeIn&quot;,&quot;_animation_delay&quot;:400}\" data-widget_type=\"text-editor.default\">\n\t\t\t\t\t\t\t\t\t<p>Un ressortissant marocain a \u00e9t\u00e9 arr\u00eat\u00e9 en 2016 dans le cadre d&#039;une op\u00e9ration contre le terrorisme djihadiste. Il a pass\u00e9 pr\u00e8s de trois ans en isolement cellulaire \u00e0 la prison de Zuera (Saragosse). C&#039;est dans cette affaire qu&#039;il a \u00e9t\u00e9 all\u00e9gu\u00e9 que cet isolement extr\u00eame lui avait caus\u00e9 un handicap grave, le contraignant \u00e0 se d\u00e9placer en fauteuil roulant et lui causant de s\u00e9rieux troubles cognitifs \u00e0 sa lib\u00e9ration sans inculpation.<\/p>\t\t\t\t\t\t\t\t<\/div>\n\t\t\t\t<\/div>\n\t\t\t\t<div class=\"elementor-element elementor-element-59045f4 elementor-widget__width-inherit animated-slow elementor-invisible elementor-widget elementor-widget-html\" data-id=\"59045f4\" data-element_type=\"widget\" data-e-type=\"widget\" data-settings=\"{&quot;_animation&quot;:&quot;fadeIn&quot;}\" data-widget_type=\"html.default\">\n\t\t\t\t\t<iframe data-testid=\"embed-iframe\" style=\"border-radius:12px\" src=\"https:\/\/open.spotify.com\/embed\/episode\/10RNgAHMc0vM2f1nL6Cykl?utm_source=generator\" width=\"100%\" height=\"352\" frameborder=\"0\" allowfullscreen=\"\" allow=\"autoplay; clipboard-write; encrypted-media; fullscreen; picture-in-picture\" loading=\"lazy\"><\/iframe>\t\t\t\t<\/div>\n\t\t\t\t<div class=\"elementor-element elementor-element-f791aff elementor-align-center elementor-widget__width-inherit animated-slow elementor-invisible elementor-widget elementor-widget-button\" data-id=\"f791aff\" data-element_type=\"widget\" data-e-type=\"widget\" data-settings=\"{&quot;_animation&quot;:&quot;fadeInUp&quot;,&quot;_animation_delay&quot;:0}\" data-widget_type=\"button.default\">\n\t\t\t\t\t\t\t\t\t\t<a class=\"elementor-button elementor-button-link elementor-size-sm\" href=\"https:\/\/centrosira.org\/fr\/brechas-podcast\/\">\n\t\t\t\t\t\t<span class=\"elementor-button-content-wrapper\">\n\t\t\t\t\t\t\t\t\t<span class=\"elementor-button-text\">Plus d&#039;\u00e9pisodes<\/span>\n\t\t\t\t\t<\/span>\n\t\t\t\t\t<\/a>\n\t\t\t\t\t\t\t\t<\/div>\n\t\t\t\t\t<\/div>\n\t\t\t\t<\/div>\n\t\t\t\t<\/div>","protected":false},"excerpt":{"rendered":"<p>Brechas Podcast \u2013 Hechos abstractos Omar ingresa en la c\u00e1rcel de Zuera, en Zaragoza, en 2016. Aqu\u00ed permanece casi tres a\u00f1os en prisi\u00f3n preventiva en r\u00e9gimen de aislamiento, &#8211; es decir, completamente solo en una celda &#8211; acusado de adoctrinamiento y enaltecimiento. Omar entr\u00f3 en prisi\u00f3n sano y sali\u00f3 con casi un 80% de discapacidad [&hellip;]<\/p>\n","protected":false},"author":2,"featured_media":1560,"parent":1517,"menu_order":0,"comment_status":"closed","ping_status":"closed","template":"","meta":{"footnotes":""},"class_list":["post-1836","page","type-page","status-publish","has-post-thumbnail","hentry"],"yoast_head":"<!-- This site is optimized with the Yoast SEO plugin v27.4 - https:\/\/yoast.com\/product\/yoast-seo-wordpress\/ -->\n<title>Brechas Cap. II: Hechos Abstractos | Centro SIRA<\/title>\n<meta name=\"description\" content=\"Omar pas\u00f3 casi tres a\u00f1os en aislamiento total en Zuera y sali\u00f3 con un 80% de discapacidad. La Audiencia Nacional conden\u00f3 a Espa\u00f1a.\" \/>\n<meta name=\"robots\" content=\"index, follow, max-snippet:-1, max-image-preview:large, max-video-preview:-1\" \/>\n<link rel=\"canonical\" href=\"https:\/\/centrosira.org\/fr\/brechas-podcast\/brechas-capitulo-ii\/\" \/>\n<meta property=\"og:locale\" content=\"fr_FR\" \/>\n<meta property=\"og:type\" content=\"article\" \/>\n<meta property=\"og:title\" content=\"Brechas Cap. II: Hechos Abstractos | Centro SIRA\" \/>\n<meta property=\"og:description\" content=\"Omar pas\u00f3 casi tres a\u00f1os en aislamiento total en Zuera y sali\u00f3 con un 80% de discapacidad. La Audiencia Nacional conden\u00f3 a Espa\u00f1a.\" \/>\n<meta property=\"og:url\" content=\"https:\/\/centrosira.org\/fr\/brechas-podcast\/brechas-capitulo-ii\/\" \/>\n<meta property=\"og:site_name\" content=\"Centro Sira\" \/>\n<meta property=\"article:publisher\" content=\"https:\/\/www.facebook.com\/siracentro\" \/>\n<meta property=\"article:modified_time\" content=\"2026-04-27T08:46:18+00:00\" \/>\n<meta property=\"og:image\" content=\"https:\/\/centrosira.org\/wp-content\/uploads\/2026\/03\/1080x1080-1-1-1.webp\" \/>\n\t<meta property=\"og:image:width\" content=\"1620\" \/>\n\t<meta property=\"og:image:height\" content=\"1620\" \/>\n\t<meta property=\"og:image:type\" content=\"image\/webp\" \/>\n<meta name=\"twitter:card\" content=\"summary_large_image\" \/>\n<meta name=\"twitter:site\" content=\"@sira_centro\" \/>\n<meta name=\"twitter:label1\" content=\"Dur\u00e9e de lecture estim\u00e9e\" \/>\n\t<meta name=\"twitter:data1\" content=\"2 minutes\" \/>\n<script type=\"application\/ld+json\" class=\"yoast-schema-graph\">{\"@context\":\"https:\\\/\\\/schema.org\",\"@graph\":[{\"@type\":\"WebPage\",\"@id\":\"https:\\\/\\\/centrosira.org\\\/brechas-podcast\\\/brechas-capitulo-ii\\\/\",\"url\":\"https:\\\/\\\/centrosira.org\\\/brechas-podcast\\\/brechas-capitulo-ii\\\/\",\"name\":\"Brechas Cap. II: Hechos Abstractos | Centro SIRA\",\"isPartOf\":{\"@id\":\"https:\\\/\\\/centrosira.org\\\/#website\"},\"primaryImageOfPage\":{\"@id\":\"https:\\\/\\\/centrosira.org\\\/brechas-podcast\\\/brechas-capitulo-ii\\\/#primaryimage\"},\"image\":{\"@id\":\"https:\\\/\\\/centrosira.org\\\/brechas-podcast\\\/brechas-capitulo-ii\\\/#primaryimage\"},\"thumbnailUrl\":\"https:\\\/\\\/centrosira.org\\\/wp-content\\\/uploads\\\/2026\\\/03\\\/1080x1080-1-1-1.webp\",\"datePublished\":\"2026-03-31T11:26:20+00:00\",\"dateModified\":\"2026-04-27T08:46:18+00:00\",\"description\":\"Omar pas\u00f3 casi tres a\u00f1os en aislamiento total en Zuera y sali\u00f3 con un 80% de discapacidad. La Audiencia Nacional conden\u00f3 a Espa\u00f1a.\",\"breadcrumb\":{\"@id\":\"https:\\\/\\\/centrosira.org\\\/brechas-podcast\\\/brechas-capitulo-ii\\\/#breadcrumb\"},\"inLanguage\":\"fr-FR\",\"potentialAction\":[{\"@type\":\"ReadAction\",\"target\":[\"https:\\\/\\\/centrosira.org\\\/brechas-podcast\\\/brechas-capitulo-ii\\\/\"]}]},{\"@type\":\"ImageObject\",\"inLanguage\":\"fr-FR\",\"@id\":\"https:\\\/\\\/centrosira.org\\\/brechas-podcast\\\/brechas-capitulo-ii\\\/#primaryimage\",\"url\":\"https:\\\/\\\/centrosira.org\\\/wp-content\\\/uploads\\\/2026\\\/03\\\/1080x1080-1-1-1.webp\",\"contentUrl\":\"https:\\\/\\\/centrosira.org\\\/wp-content\\\/uploads\\\/2026\\\/03\\\/1080x1080-1-1-1.webp\",\"width\":1620,\"height\":1620,\"caption\":\"Portada del Cap\u00edtulo II del podcast Brechas, titulado Hechos Abstractos, sobre el caso Omar en prisi\u00f3n de aislamiento\"},{\"@type\":\"BreadcrumbList\",\"@id\":\"https:\\\/\\\/centrosira.org\\\/brechas-podcast\\\/brechas-capitulo-ii\\\/#breadcrumb\",\"itemListElement\":[{\"@type\":\"ListItem\",\"position\":1,\"name\":\"Portada\",\"item\":\"https:\\\/\\\/centrosira.org\\\/\"},{\"@type\":\"ListItem\",\"position\":2,\"name\":\"Brechas podcast\",\"item\":\"https:\\\/\\\/centrosira.org\\\/brechas-podcast\\\/\"},{\"@type\":\"ListItem\",\"position\":3,\"name\":\"Brechas Cap\u00edtulo II\"}]},{\"@type\":\"WebSite\",\"@id\":\"https:\\\/\\\/centrosira.org\\\/#website\",\"url\":\"https:\\\/\\\/centrosira.org\\\/\",\"name\":\"Centro Sira\",\"description\":\"\",\"publisher\":{\"@id\":\"https:\\\/\\\/centrosira.org\\\/#organization\"},\"alternateName\":\"Centro de Atenci\u00f3n a V\u00edctimas de Malos Tratos y Tortura\",\"potentialAction\":[{\"@type\":\"SearchAction\",\"target\":{\"@type\":\"EntryPoint\",\"urlTemplate\":\"https:\\\/\\\/centrosira.org\\\/?s={search_term_string}\"},\"query-input\":{\"@type\":\"PropertyValueSpecification\",\"valueRequired\":true,\"valueName\":\"search_term_string\"}}],\"inLanguage\":\"fr-FR\"},{\"@type\":\"Organization\",\"@id\":\"https:\\\/\\\/centrosira.org\\\/#organization\",\"name\":\"Centro Sira\",\"alternateName\":\"Sira\",\"url\":\"https:\\\/\\\/centrosira.org\\\/\",\"logo\":{\"@type\":\"ImageObject\",\"inLanguage\":\"fr-FR\",\"@id\":\"https:\\\/\\\/centrosira.org\\\/#\\\/schema\\\/logo\\\/image\\\/\",\"url\":null,\"contentUrl\":null,\"width\":null,\"height\":null,\"caption\":\"Centro Sira\"},\"image\":{\"@id\":\"https:\\\/\\\/centrosira.org\\\/#\\\/schema\\\/logo\\\/image\\\/\"},\"sameAs\":[\"https:\\\/\\\/www.facebook.com\\\/siracentro\",\"https:\\\/\\\/x.com\\\/sira_centro\",\"https:\\\/\\\/www.instagram.com\\\/sira_centro\\\/\",\"https:\\\/\\\/www.linkedin.com\\\/company\\\/sira-centro\\\/?originalSubdomain=es\",\"https:\\\/\\\/www.youtube.com\\\/@sira_centro\"]}]}<\/script>\n<!-- \/ Yoast SEO plugin. -->","yoast_head_json":{"title":"Brechas Cap. II: Hechos Abstractos | Centro SIRA","description":"Omar pas\u00f3 casi tres a\u00f1os en aislamiento total en Zuera y sali\u00f3 con un 80% de discapacidad. La Audiencia Nacional conden\u00f3 a Espa\u00f1a.","robots":{"index":"index","follow":"follow","max-snippet":"max-snippet:-1","max-image-preview":"max-image-preview:large","max-video-preview":"max-video-preview:-1"},"canonical":"https:\/\/centrosira.org\/fr\/brechas-podcast\/brechas-capitulo-ii\/","og_locale":"fr_FR","og_type":"article","og_title":"Brechas Cap. II: Hechos Abstractos | Centro SIRA","og_description":"Omar pas\u00f3 casi tres a\u00f1os en aislamiento total en Zuera y sali\u00f3 con un 80% de discapacidad. La Audiencia Nacional conden\u00f3 a Espa\u00f1a.","og_url":"https:\/\/centrosira.org\/fr\/brechas-podcast\/brechas-capitulo-ii\/","og_site_name":"Centro Sira","article_publisher":"https:\/\/www.facebook.com\/siracentro","article_modified_time":"2026-04-27T08:46:18+00:00","og_image":[{"width":1620,"height":1620,"url":"https:\/\/centrosira.org\/wp-content\/uploads\/2026\/03\/1080x1080-1-1-1.webp","type":"image\/webp"}],"twitter_card":"summary_large_image","twitter_site":"@sira_centro","twitter_misc":{"Dur\u00e9e de lecture estim\u00e9e":"2 minutes"},"schema":{"@context":"https:\/\/schema.org","@graph":[{"@type":"WebPage","@id":"https:\/\/centrosira.org\/brechas-podcast\/brechas-capitulo-ii\/","url":"https:\/\/centrosira.org\/brechas-podcast\/brechas-capitulo-ii\/","name":"Brechas Cap. II: Hechos Abstractos | Centro SIRA","isPartOf":{"@id":"https:\/\/centrosira.org\/#website"},"primaryImageOfPage":{"@id":"https:\/\/centrosira.org\/brechas-podcast\/brechas-capitulo-ii\/#primaryimage"},"image":{"@id":"https:\/\/centrosira.org\/brechas-podcast\/brechas-capitulo-ii\/#primaryimage"},"thumbnailUrl":"https:\/\/centrosira.org\/wp-content\/uploads\/2026\/03\/1080x1080-1-1-1.webp","datePublished":"2026-03-31T11:26:20+00:00","dateModified":"2026-04-27T08:46:18+00:00","description":"Omar pas\u00f3 casi tres a\u00f1os en aislamiento total en Zuera y sali\u00f3 con un 80% de discapacidad. La Audiencia Nacional conden\u00f3 a Espa\u00f1a.","breadcrumb":{"@id":"https:\/\/centrosira.org\/brechas-podcast\/brechas-capitulo-ii\/#breadcrumb"},"inLanguage":"fr-FR","potentialAction":[{"@type":"ReadAction","target":["https:\/\/centrosira.org\/brechas-podcast\/brechas-capitulo-ii\/"]}]},{"@type":"ImageObject","inLanguage":"fr-FR","@id":"https:\/\/centrosira.org\/brechas-podcast\/brechas-capitulo-ii\/#primaryimage","url":"https:\/\/centrosira.org\/wp-content\/uploads\/2026\/03\/1080x1080-1-1-1.webp","contentUrl":"https:\/\/centrosira.org\/wp-content\/uploads\/2026\/03\/1080x1080-1-1-1.webp","width":1620,"height":1620,"caption":"Portada del Cap\u00edtulo II del podcast Brechas, titulado Hechos Abstractos, sobre el caso Omar en prisi\u00f3n de aislamiento"},{"@type":"BreadcrumbList","@id":"https:\/\/centrosira.org\/brechas-podcast\/brechas-capitulo-ii\/#breadcrumb","itemListElement":[{"@type":"ListItem","position":1,"name":"Portada","item":"https:\/\/centrosira.org\/"},{"@type":"ListItem","position":2,"name":"Brechas podcast","item":"https:\/\/centrosira.org\/brechas-podcast\/"},{"@type":"ListItem","position":3,"name":"Brechas Cap\u00edtulo II"}]},{"@type":"WebSite","@id":"https:\/\/centrosira.org\/#website","url":"https:\/\/centrosira.org\/","name":"Centre Sira","description":"","publisher":{"@id":"https:\/\/centrosira.org\/#organization"},"alternateName":"Centro de Atenci\u00f3n a V\u00edctimas de Malos Tratos y Tortura","potentialAction":[{"@type":"SearchAction","target":{"@type":"EntryPoint","urlTemplate":"https:\/\/centrosira.org\/?s={search_term_string}"},"query-input":{"@type":"PropertyValueSpecification","valueRequired":true,"valueName":"search_term_string"}}],"inLanguage":"fr-FR"},{"@type":"Organization","@id":"https:\/\/centrosira.org\/#organization","name":"Centre Sira","alternateName":"Sira","url":"https:\/\/centrosira.org\/","logo":{"@type":"ImageObject","inLanguage":"fr-FR","@id":"https:\/\/centrosira.org\/#\/schema\/logo\/image\/","url":null,"contentUrl":null,"width":null,"height":null,"caption":"Centro Sira"},"image":{"@id":"https:\/\/centrosira.org\/#\/schema\/logo\/image\/"},"sameAs":["https:\/\/www.facebook.com\/siracentro","https:\/\/x.com\/sira_centro","https:\/\/www.instagram.com\/sira_centro\/","https:\/\/www.linkedin.com\/company\/sira-centro\/?originalSubdomain=es","https:\/\/www.youtube.com\/@sira_centro"]}]}},"_links":{"self":[{"href":"https:\/\/centrosira.org\/fr\/wp-json\/wp\/v2\/pages\/1836","targetHints":{"allow":["GET"]}}],"collection":[{"href":"https:\/\/centrosira.org\/fr\/wp-json\/wp\/v2\/pages"}],"about":[{"href":"https:\/\/centrosira.org\/fr\/wp-json\/wp\/v2\/types\/page"}],"author":[{"embeddable":true,"href":"https:\/\/centrosira.org\/fr\/wp-json\/wp\/v2\/users\/2"}],"replies":[{"embeddable":true,"href":"https:\/\/centrosira.org\/fr\/wp-json\/wp\/v2\/comments?post=1836"}],"version-history":[{"count":10,"href":"https:\/\/centrosira.org\/fr\/wp-json\/wp\/v2\/pages\/1836\/revisions"}],"predecessor-version":[{"id":1968,"href":"https:\/\/centrosira.org\/fr\/wp-json\/wp\/v2\/pages\/1836\/revisions\/1968"}],"up":[{"embeddable":true,"href":"https:\/\/centrosira.org\/fr\/wp-json\/wp\/v2\/pages\/1517"}],"wp:featuredmedia":[{"embeddable":true,"href":"https:\/\/centrosira.org\/fr\/wp-json\/wp\/v2\/media\/1560"}],"wp:attachment":[{"href":"https:\/\/centrosira.org\/fr\/wp-json\/wp\/v2\/media?parent=1836"}],"curies":[{"name":"wp","href":"https:\/\/api.w.org\/{rel}","templated":true}]}}