{"id":1871,"date":"2026-03-31T14:02:56","date_gmt":"2026-03-31T12:02:56","guid":{"rendered":"https:\/\/centrosira.org\/?page_id=1871"},"modified":"2026-04-27T10:53:46","modified_gmt":"2026-04-27T08:53:46","slug":"brechas-capitulo-iv","status":"publish","type":"page","link":"https:\/\/centrosira.org\/en\/brechas-podcast\/brechas-capitulo-iv\/","title":{"rendered":"Brechas Cap\u00edtulo IV"},"content":{"rendered":"<div data-elementor-type=\"wp-page\" data-elementor-id=\"1871\" class=\"elementor elementor-1871\" data-elementor-post-type=\"page\">\n\t\t\t\t<div class=\"elementor-element elementor-element-9b6a97d e-flex e-con-boxed e-con e-parent\" data-id=\"9b6a97d\" data-element_type=\"container\" data-e-type=\"container\" data-settings=\"{&quot;background_background&quot;:&quot;classic&quot;}\">\n\t\t\t\t\t<div class=\"e-con-inner\">\n\t\t\t\t<div class=\"elementor-element elementor-element-851de8c elementor-widget__width-initial elementor-widget elementor-widget-image\" data-id=\"851de8c\" data-element_type=\"widget\" data-e-type=\"widget\" data-widget_type=\"image.default\">\n\t\t\t\t\t\t\t\t\t\t\t\t\t\t\t<img fetchpriority=\"high\" decoding=\"async\" width=\"1620\" height=\"1620\" src=\"https:\/\/centrosira.org\/wp-content\/uploads\/2026\/03\/infiltraciones-policiales-que-no-sean-podcast-centro-sira-1.webp\" class=\"attachment-full size-full wp-image-1558\" alt=\"Portada del Cap\u00edtulo IV del podcast Brechas, titulado Que No Sean, sobre infiltraciones policiales en movimientos sociales\" srcset=\"https:\/\/centrosira.org\/wp-content\/uploads\/2026\/03\/infiltraciones-policiales-que-no-sean-podcast-centro-sira-1.webp 1620w, https:\/\/centrosira.org\/wp-content\/uploads\/2026\/03\/infiltraciones-policiales-que-no-sean-podcast-centro-sira-1-300x300.webp 300w, https:\/\/centrosira.org\/wp-content\/uploads\/2026\/03\/infiltraciones-policiales-que-no-sean-podcast-centro-sira-1-1024x1024.webp 1024w, https:\/\/centrosira.org\/wp-content\/uploads\/2026\/03\/infiltraciones-policiales-que-no-sean-podcast-centro-sira-1-150x150.webp 150w, https:\/\/centrosira.org\/wp-content\/uploads\/2026\/03\/infiltraciones-policiales-que-no-sean-podcast-centro-sira-1-768x768.webp 768w, https:\/\/centrosira.org\/wp-content\/uploads\/2026\/03\/infiltraciones-policiales-que-no-sean-podcast-centro-sira-1-1536x1536.webp 1536w, https:\/\/centrosira.org\/wp-content\/uploads\/2026\/03\/infiltraciones-policiales-que-no-sean-podcast-centro-sira-1-12x12.webp 12w\" sizes=\"(max-width: 1620px) 100vw, 1620px\" \/>\t\t\t\t\t\t\t\t\t\t\t\t\t\t\t<\/div>\n\t\t<div class=\"elementor-element elementor-element-2d52429 e-con-full e-flex e-con e-child\" data-id=\"2d52429\" data-element_type=\"container\" data-e-type=\"container\">\n\t\t\t\t<div class=\"elementor-element elementor-element-5fffb59 elementor-widget__width-initial animated-slow elementor-invisible elementor-widget elementor-widget-heading\" data-id=\"5fffb59\" data-element_type=\"widget\" data-e-type=\"widget\" data-settings=\"{&quot;_animation&quot;:&quot;fadeInRight&quot;}\" data-widget_type=\"heading.default\">\n\t\t\t\t\t<h1 class=\"elementor-heading-title elementor-size-default\">Gaps Podcast \u2013 May they not be<\/h1>\t\t\t\t<\/div>\n\t\t\t\t<div class=\"elementor-element elementor-element-f2ff417 animated-slow elementor-invisible elementor-widget elementor-widget-text-editor\" data-id=\"f2ff417\" data-element_type=\"widget\" data-e-type=\"widget\" data-settings=\"{&quot;_animation&quot;:&quot;fadeIn&quot;,&quot;_animation_delay&quot;:400}\" data-widget_type=\"text-editor.default\">\n\t\t\t\t\t\t\t\t\t<p>They knew him as Dani. They knew him as Sergio. <strong>But neither Dani nor Sergio ever existed.<\/strong><\/p><p>The protagonists of this episode shared activism, friendship, and even a house with someone who turned out to be an undercover police officer.<\/p><p>And they weren&#039;t the only ones. In various social movements across the state, many believed they were building real bonds \u2013 emotional, political, or even romantic relationships \u2013 with people who weren&#039;t who they claimed to be.<\/p><p>These are the consequences of police infiltration.<strong> And also, ways to resist them.<\/strong><\/p>\t\t\t\t\t\t\t\t<\/div>\n\t\t\t\t<\/div>\n\t\t\t\t<div class=\"elementor-element elementor-element-cd37768 elementor-widget__width-inherit animated-slow elementor-invisible elementor-widget elementor-widget-html\" data-id=\"cd37768\" data-element_type=\"widget\" data-e-type=\"widget\" data-settings=\"{&quot;_animation&quot;:&quot;fadeIn&quot;}\" data-widget_type=\"html.default\">\n\t\t\t\t\t<iframe src=\"https:\/\/www.ivoox.com\/player_ej_152176572_6_1.html?c1=f96214\" width=\"100%\" height=\"200\" frameborder=\"0\" allowfullscreen=\"\" scrolling=\"no\" loading=\"lazy\"><\/iframe>\t\t\t\t<\/div>\n\t\t\t\t\t<\/div>\n\t\t\t\t<\/div>\n\t\t<div class=\"elementor-element elementor-element-ce015b2 e-flex e-con-boxed e-con e-parent\" data-id=\"ce015b2\" data-element_type=\"container\" data-e-type=\"container\" data-settings=\"{&quot;background_background&quot;:&quot;classic&quot;}\">\n\t\t\t\t\t<div class=\"e-con-inner\">\n\t\t\t\t<div class=\"elementor-element elementor-element-73223e9 elementor-widget__width-initial elementor-widget elementor-widget-image\" data-id=\"73223e9\" data-element_type=\"widget\" data-e-type=\"widget\" data-widget_type=\"image.default\">\n\t\t\t\t\t\t\t\t\t\t\t\t\t\t\t<img decoding=\"async\" width=\"1080\" height=\"1080\" src=\"https:\/\/centrosira.org\/wp-content\/uploads\/2026\/03\/impactos-infiltraciones-policiales-que-no-sean-podcast-centro-sira.webp\" class=\"attachment-full size-full wp-image-1874\" alt=\"Imagen que ilustra los impactos psicol\u00f3gicos de las infiltraciones policiales en las personas afectadas, seg\u00fan el Centro Sira\" srcset=\"https:\/\/centrosira.org\/wp-content\/uploads\/2026\/03\/impactos-infiltraciones-policiales-que-no-sean-podcast-centro-sira.webp 1080w, https:\/\/centrosira.org\/wp-content\/uploads\/2026\/03\/impactos-infiltraciones-policiales-que-no-sean-podcast-centro-sira-300x300.webp 300w, https:\/\/centrosira.org\/wp-content\/uploads\/2026\/03\/impactos-infiltraciones-policiales-que-no-sean-podcast-centro-sira-1024x1024.webp 1024w, https:\/\/centrosira.org\/wp-content\/uploads\/2026\/03\/impactos-infiltraciones-policiales-que-no-sean-podcast-centro-sira-150x150.webp 150w, https:\/\/centrosira.org\/wp-content\/uploads\/2026\/03\/impactos-infiltraciones-policiales-que-no-sean-podcast-centro-sira-768x768.webp 768w, https:\/\/centrosira.org\/wp-content\/uploads\/2026\/03\/impactos-infiltraciones-policiales-que-no-sean-podcast-centro-sira-12x12.webp 12w\" sizes=\"(max-width: 1080px) 100vw, 1080px\" \/>\t\t\t\t\t\t\t\t\t\t\t\t\t\t\t<\/div>\n\t\t<div class=\"elementor-element elementor-element-430814b e-con-full e-flex e-con e-child\" data-id=\"430814b\" data-element_type=\"container\" data-e-type=\"container\">\n\t\t\t\t<div class=\"elementor-element elementor-element-4eba2ef elementor-widget__width-initial animated-slow elementor-invisible elementor-widget elementor-widget-heading\" data-id=\"4eba2ef\" data-element_type=\"widget\" data-e-type=\"widget\" data-settings=\"{&quot;_animation&quot;:&quot;fadeInRight&quot;}\" data-widget_type=\"heading.default\">\n\t\t\t\t\t<h2 class=\"elementor-heading-title elementor-size-default\">Those affected by police infiltration should be recognized as victims of torture<\/h2>\t\t\t\t<\/div>\n\t\t\t\t<div class=\"elementor-element elementor-element-dfd185c animated-slow elementor-invisible elementor-widget elementor-widget-text-editor\" data-id=\"dfd185c\" data-element_type=\"widget\" data-e-type=\"widget\" data-settings=\"{&quot;_animation&quot;:&quot;fadeIn&quot;,&quot;_animation_delay&quot;:400}\" data-widget_type=\"text-editor.default\">\n\t\t\t\t\t\t\t\t\t<p>There is serious suffering.<br \/>There is a clear intention.<br \/>There is one objective: to obtain information, to punish, to humiliate, or to discriminate.<br \/>And all of this is carried out by a state official.<br \/>Under these criteria, the facts fit the definition of torture according to international standards.<\/p>\t\t\t\t\t\t\t\t<\/div>\n\t\t\t\t<\/div>\n\t\t\t\t\t<\/div>\n\t\t\t\t<\/div>\n\t\t<div class=\"elementor-element elementor-element-54417ea e-flex e-con-boxed e-con e-parent\" data-id=\"54417ea\" data-element_type=\"container\" data-e-type=\"container\" data-settings=\"{&quot;background_background&quot;:&quot;classic&quot;}\">\n\t\t\t\t\t<div class=\"e-con-inner\">\n\t\t<div class=\"elementor-element elementor-element-2977a4f e-con-full e-flex e-con e-child\" data-id=\"2977a4f\" data-element_type=\"container\" data-e-type=\"container\">\n\t\t\t\t<div class=\"elementor-element elementor-element-18fdd89 elementor-widget__width-initial animated-slow elementor-invisible elementor-widget elementor-widget-heading\" data-id=\"18fdd89\" data-element_type=\"widget\" data-e-type=\"widget\" data-settings=\"{&quot;_animation&quot;:&quot;fadeInLeft&quot;}\" data-widget_type=\"heading.default\">\n\t\t\t\t\t<h2 class=\"elementor-heading-title elementor-size-default\">3 key points of the episode<\/h2>\t\t\t\t<\/div>\n\t\t\t\t<div class=\"elementor-element elementor-element-98a8b8c animated-slow elementor-invisible elementor-widget elementor-widget-text-editor\" data-id=\"98a8b8c\" data-element_type=\"widget\" data-e-type=\"widget\" data-settings=\"{&quot;_animation&quot;:&quot;fadeIn&quot;,&quot;_animation_delay&quot;:400}\" data-widget_type=\"text-editor.default\">\n\t\t\t\t\t\t\t\t\t<p><strong>THEY SAY THEY ARE<\/strong><br \/><span style=\"color: #808080;\">Most of the undercover agents shared a similar profile: calm, conciliatory, affable, and non-confrontational individuals. This pattern was too uniform to be accidental. In some cases, the infiltration went further, resulting in a genuine transformation of identity: T-shirts with anti-fascist messages, piercings, mohawks, visible tattoos\u2026 The agents took advantage of the open and horizontal nature of social movements to integrate themselves, gain trust, observe from within, and extract information.<\/span><\/p><p><strong>IMPACTS OF INFILTRATIONS<\/strong><br \/><span style=\"color: #808080;\">Among the most serious psychological impacts are depressive episodes, panic attacks, and insomnia. Of all the people evaluated, 70% reported having had suicidal thoughts at some point. In 90% cases, these thoughts were linked to shame, the humiliations suffered, or a clear sense of the &quot;irreversibility of the harm.&quot; All stated that they would never have had sexual relations with the undercover agents had they known their true identities.<\/span><\/p><p><strong>COLLECTIVE ORGANIZATION<\/strong><br \/><span style=\"color: #808080;\">Those affected know that infiltration of social movements is nothing new. That&#039;s why, in their efforts to denounce the situation, they reconnected with people who had also gone through similar experiences in the past. People from Madrid, Valencia, Asturias, Seville, Barcelona, Girona, and even groups in the United Kingdom, have worked together so that others in the future can learn how to deal with a situation like this.<\/span><\/p>\t\t\t\t\t\t\t\t<\/div>\n\t\t\t\t<\/div>\n\t\t\t\t<div class=\"elementor-element elementor-element-4450a07 elementor-widget__width-initial elementor-widget elementor-widget-image\" data-id=\"4450a07\" data-element_type=\"widget\" data-e-type=\"widget\" data-widget_type=\"image.default\">\n\t\t\t\t\t\t\t\t\t\t\t\t\t\t\t<img decoding=\"async\" width=\"1080\" height=\"1080\" src=\"https:\/\/centrosira.org\/wp-content\/uploads\/2026\/03\/infiltraciones-policiales-que-no-sean-podcast-centro-sira-brechas.webp\" class=\"attachment-full size-full wp-image-1873\" alt=\"Portada del episodio Que No Sean del podcast Brechas sobre infiltraciones policiales en movimientos sociales en Espa\u00f1a\" srcset=\"https:\/\/centrosira.org\/wp-content\/uploads\/2026\/03\/infiltraciones-policiales-que-no-sean-podcast-centro-sira-brechas.webp 1080w, https:\/\/centrosira.org\/wp-content\/uploads\/2026\/03\/infiltraciones-policiales-que-no-sean-podcast-centro-sira-brechas-300x300.webp 300w, https:\/\/centrosira.org\/wp-content\/uploads\/2026\/03\/infiltraciones-policiales-que-no-sean-podcast-centro-sira-brechas-1024x1024.webp 1024w, https:\/\/centrosira.org\/wp-content\/uploads\/2026\/03\/infiltraciones-policiales-que-no-sean-podcast-centro-sira-brechas-150x150.webp 150w, https:\/\/centrosira.org\/wp-content\/uploads\/2026\/03\/infiltraciones-policiales-que-no-sean-podcast-centro-sira-brechas-768x768.webp 768w, https:\/\/centrosira.org\/wp-content\/uploads\/2026\/03\/infiltraciones-policiales-que-no-sean-podcast-centro-sira-brechas-12x12.webp 12w\" sizes=\"(max-width: 1080px) 100vw, 1080px\" \/>\t\t\t\t\t\t\t\t\t\t\t\t\t\t\t<\/div>\n\t\t\t\t<div class=\"elementor-element elementor-element-b9383fd elementor-widget__width-inherit animated-slow elementor-invisible elementor-widget elementor-widget-html\" data-id=\"b9383fd\" data-element_type=\"widget\" data-e-type=\"widget\" data-settings=\"{&quot;_animation&quot;:&quot;fadeIn&quot;}\" data-widget_type=\"html.default\">\n\t\t\t\t\t<iframe data-testid=\"embed-iframe\" style=\"border-radius:12px\" src=\"https:\/\/open.spotify.com\/embed\/episode\/5OuUbo82ed9AfWIirQ3pCZ?utm_source=generator\" width=\"100%\" height=\"352\" frameborder=\"0\" allowfullscreen=\"\" allow=\"autoplay; clipboard-write; encrypted-media; fullscreen; picture-in-picture\" loading=\"lazy\"><\/iframe>\t\t\t\t<\/div>\n\t\t\t\t<div class=\"elementor-element elementor-element-7079642 elementor-align-center elementor-widget__width-inherit animated-slow elementor-invisible elementor-widget elementor-widget-button\" data-id=\"7079642\" data-element_type=\"widget\" data-e-type=\"widget\" data-settings=\"{&quot;_animation&quot;:&quot;fadeInUp&quot;,&quot;_animation_delay&quot;:0}\" data-widget_type=\"button.default\">\n\t\t\t\t\t\t\t\t\t\t<a class=\"elementor-button elementor-button-link elementor-size-sm\" href=\"https:\/\/centrosira.org\/en\/brechas-podcast\/\">\n\t\t\t\t\t\t<span class=\"elementor-button-content-wrapper\">\n\t\t\t\t\t\t\t\t\t<span class=\"elementor-button-text\">More episodes<\/span>\n\t\t\t\t\t<\/span>\n\t\t\t\t\t<\/a>\n\t\t\t\t\t\t\t\t<\/div>\n\t\t\t\t\t<\/div>\n\t\t\t\t<\/div>\n\t\t\t\t<\/div>","protected":false},"excerpt":{"rendered":"<p>Brechas Podcast \u2013 Que no sean Ellas lo conocieron como Dani. Ellos, como Sergio. Pero ni Dani ni Sergio existieron jam\u00e1s. Las protagonistas de este episodio compartieron militancia, amistad e incluso casa con alguien que result\u00f3 ser un polic\u00eda infiltrado. Y no fueron las \u00fanicas. En distintos movimientos sociales del Estado, muchas creyeron estar construyendo [&hellip;]<\/p>\n","protected":false},"author":2,"featured_media":1558,"parent":1517,"menu_order":0,"comment_status":"closed","ping_status":"closed","template":"","meta":{"footnotes":""},"class_list":["post-1871","page","type-page","status-publish","has-post-thumbnail","hentry"],"yoast_head":"<!-- This site is optimized with the Yoast SEO plugin v27.4 - https:\/\/yoast.com\/product\/yoast-seo-wordpress\/ -->\n<title>Brechas Cap. IV: Que No Sean | Infiltraciones Policiales y Tortura<\/title>\n<meta name=\"description\" content=\"Ellas lo conoc\u00edan como Dani, ellos como Sergio. Testimonios sobre las consecuencias psicol\u00f3gicas de las infiltraciones policiales en movimientos sociales.\" \/>\n<meta name=\"robots\" content=\"index, follow, max-snippet:-1, max-image-preview:large, max-video-preview:-1\" \/>\n<link rel=\"canonical\" href=\"https:\/\/centrosira.org\/en\/brechas-podcast\/brechas-capitulo-iv\/\" \/>\n<meta property=\"og:locale\" content=\"en_GB\" \/>\n<meta property=\"og:type\" content=\"article\" \/>\n<meta property=\"og:title\" content=\"Brechas Cap. IV: Que No Sean | Infiltraciones Policiales y Tortura\" \/>\n<meta property=\"og:description\" content=\"Ellas lo conoc\u00edan como Dani, ellos como Sergio. Testimonios sobre las consecuencias psicol\u00f3gicas de las infiltraciones policiales en movimientos sociales.\" \/>\n<meta property=\"og:url\" content=\"https:\/\/centrosira.org\/en\/brechas-podcast\/brechas-capitulo-iv\/\" \/>\n<meta property=\"og:site_name\" content=\"Centro Sira\" \/>\n<meta property=\"article:publisher\" content=\"https:\/\/www.facebook.com\/siracentro\" \/>\n<meta property=\"article:modified_time\" content=\"2026-04-27T08:53:46+00:00\" \/>\n<meta property=\"og:image\" content=\"https:\/\/centrosira.org\/wp-content\/uploads\/2026\/03\/infiltraciones-policiales-que-no-sean-podcast-centro-sira-1.webp\" \/>\n\t<meta property=\"og:image:width\" content=\"1620\" \/>\n\t<meta property=\"og:image:height\" content=\"1620\" \/>\n\t<meta property=\"og:image:type\" content=\"image\/webp\" \/>\n<meta name=\"twitter:card\" content=\"summary_large_image\" \/>\n<meta name=\"twitter:site\" content=\"@sira_centro\" \/>\n<meta name=\"twitter:label1\" content=\"Estimated reading time\" \/>\n\t<meta name=\"twitter:data1\" content=\"3 minutes\" \/>\n<script type=\"application\/ld+json\" class=\"yoast-schema-graph\">{\"@context\":\"https:\\\/\\\/schema.org\",\"@graph\":[{\"@type\":\"WebPage\",\"@id\":\"https:\\\/\\\/centrosira.org\\\/brechas-podcast\\\/brechas-capitulo-iv\\\/\",\"url\":\"https:\\\/\\\/centrosira.org\\\/brechas-podcast\\\/brechas-capitulo-iv\\\/\",\"name\":\"Brechas Cap. IV: Que No Sean | Infiltraciones Policiales y Tortura\",\"isPartOf\":{\"@id\":\"https:\\\/\\\/centrosira.org\\\/#website\"},\"primaryImageOfPage\":{\"@id\":\"https:\\\/\\\/centrosira.org\\\/brechas-podcast\\\/brechas-capitulo-iv\\\/#primaryimage\"},\"image\":{\"@id\":\"https:\\\/\\\/centrosira.org\\\/brechas-podcast\\\/brechas-capitulo-iv\\\/#primaryimage\"},\"thumbnailUrl\":\"https:\\\/\\\/centrosira.org\\\/wp-content\\\/uploads\\\/2026\\\/03\\\/infiltraciones-policiales-que-no-sean-podcast-centro-sira-1.webp\",\"datePublished\":\"2026-03-31T12:02:56+00:00\",\"dateModified\":\"2026-04-27T08:53:46+00:00\",\"description\":\"Ellas lo conoc\u00edan como Dani, ellos como Sergio. Testimonios sobre las consecuencias psicol\u00f3gicas de las infiltraciones policiales en movimientos sociales.\",\"breadcrumb\":{\"@id\":\"https:\\\/\\\/centrosira.org\\\/brechas-podcast\\\/brechas-capitulo-iv\\\/#breadcrumb\"},\"inLanguage\":\"en-GB\",\"potentialAction\":[{\"@type\":\"ReadAction\",\"target\":[\"https:\\\/\\\/centrosira.org\\\/brechas-podcast\\\/brechas-capitulo-iv\\\/\"]}]},{\"@type\":\"ImageObject\",\"inLanguage\":\"en-GB\",\"@id\":\"https:\\\/\\\/centrosira.org\\\/brechas-podcast\\\/brechas-capitulo-iv\\\/#primaryimage\",\"url\":\"https:\\\/\\\/centrosira.org\\\/wp-content\\\/uploads\\\/2026\\\/03\\\/infiltraciones-policiales-que-no-sean-podcast-centro-sira-1.webp\",\"contentUrl\":\"https:\\\/\\\/centrosira.org\\\/wp-content\\\/uploads\\\/2026\\\/03\\\/infiltraciones-policiales-que-no-sean-podcast-centro-sira-1.webp\",\"width\":1620,\"height\":1620,\"caption\":\"Portada del Cap\u00edtulo IV del podcast Brechas, titulado Que No Sean, sobre infiltraciones policiales en movimientos sociales\"},{\"@type\":\"BreadcrumbList\",\"@id\":\"https:\\\/\\\/centrosira.org\\\/brechas-podcast\\\/brechas-capitulo-iv\\\/#breadcrumb\",\"itemListElement\":[{\"@type\":\"ListItem\",\"position\":1,\"name\":\"Portada\",\"item\":\"https:\\\/\\\/centrosira.org\\\/\"},{\"@type\":\"ListItem\",\"position\":2,\"name\":\"Brechas podcast\",\"item\":\"https:\\\/\\\/centrosira.org\\\/brechas-podcast\\\/\"},{\"@type\":\"ListItem\",\"position\":3,\"name\":\"Brechas Cap\u00edtulo IV\"}]},{\"@type\":\"WebSite\",\"@id\":\"https:\\\/\\\/centrosira.org\\\/#website\",\"url\":\"https:\\\/\\\/centrosira.org\\\/\",\"name\":\"Centro Sira\",\"description\":\"\",\"publisher\":{\"@id\":\"https:\\\/\\\/centrosira.org\\\/#organization\"},\"alternateName\":\"Centro de Atenci\u00f3n a V\u00edctimas de Malos Tratos y Tortura\",\"potentialAction\":[{\"@type\":\"SearchAction\",\"target\":{\"@type\":\"EntryPoint\",\"urlTemplate\":\"https:\\\/\\\/centrosira.org\\\/?s={search_term_string}\"},\"query-input\":{\"@type\":\"PropertyValueSpecification\",\"valueRequired\":true,\"valueName\":\"search_term_string\"}}],\"inLanguage\":\"en-GB\"},{\"@type\":\"Organization\",\"@id\":\"https:\\\/\\\/centrosira.org\\\/#organization\",\"name\":\"Centro Sira\",\"alternateName\":\"Sira\",\"url\":\"https:\\\/\\\/centrosira.org\\\/\",\"logo\":{\"@type\":\"ImageObject\",\"inLanguage\":\"en-GB\",\"@id\":\"https:\\\/\\\/centrosira.org\\\/#\\\/schema\\\/logo\\\/image\\\/\",\"url\":null,\"contentUrl\":null,\"width\":null,\"height\":null,\"caption\":\"Centro Sira\"},\"image\":{\"@id\":\"https:\\\/\\\/centrosira.org\\\/#\\\/schema\\\/logo\\\/image\\\/\"},\"sameAs\":[\"https:\\\/\\\/www.facebook.com\\\/siracentro\",\"https:\\\/\\\/x.com\\\/sira_centro\",\"https:\\\/\\\/www.instagram.com\\\/sira_centro\\\/\",\"https:\\\/\\\/www.linkedin.com\\\/company\\\/sira-centro\\\/?originalSubdomain=es\",\"https:\\\/\\\/www.youtube.com\\\/@sira_centro\"]}]}<\/script>\n<!-- \/ Yoast SEO plugin. -->","yoast_head_json":{"title":"Brechas Cap. IV: Que No Sean | Infiltraciones Policiales y Tortura","description":"Ellas lo conoc\u00edan como Dani, ellos como Sergio. Testimonios sobre las consecuencias psicol\u00f3gicas de las infiltraciones policiales en movimientos sociales.","robots":{"index":"index","follow":"follow","max-snippet":"max-snippet:-1","max-image-preview":"max-image-preview:large","max-video-preview":"max-video-preview:-1"},"canonical":"https:\/\/centrosira.org\/en\/brechas-podcast\/brechas-capitulo-iv\/","og_locale":"en_GB","og_type":"article","og_title":"Brechas Cap. IV: Que No Sean | Infiltraciones Policiales y Tortura","og_description":"Ellas lo conoc\u00edan como Dani, ellos como Sergio. Testimonios sobre las consecuencias psicol\u00f3gicas de las infiltraciones policiales en movimientos sociales.","og_url":"https:\/\/centrosira.org\/en\/brechas-podcast\/brechas-capitulo-iv\/","og_site_name":"Centro Sira","article_publisher":"https:\/\/www.facebook.com\/siracentro","article_modified_time":"2026-04-27T08:53:46+00:00","og_image":[{"width":1620,"height":1620,"url":"https:\/\/centrosira.org\/wp-content\/uploads\/2026\/03\/infiltraciones-policiales-que-no-sean-podcast-centro-sira-1.webp","type":"image\/webp"}],"twitter_card":"summary_large_image","twitter_site":"@sira_centro","twitter_misc":{"Estimated reading time":"3 minutes"},"schema":{"@context":"https:\/\/schema.org","@graph":[{"@type":"WebPage","@id":"https:\/\/centrosira.org\/brechas-podcast\/brechas-capitulo-iv\/","url":"https:\/\/centrosira.org\/brechas-podcast\/brechas-capitulo-iv\/","name":"Brechas Cap. IV: Que No Sean | Infiltraciones Policiales y Tortura","isPartOf":{"@id":"https:\/\/centrosira.org\/#website"},"primaryImageOfPage":{"@id":"https:\/\/centrosira.org\/brechas-podcast\/brechas-capitulo-iv\/#primaryimage"},"image":{"@id":"https:\/\/centrosira.org\/brechas-podcast\/brechas-capitulo-iv\/#primaryimage"},"thumbnailUrl":"https:\/\/centrosira.org\/wp-content\/uploads\/2026\/03\/infiltraciones-policiales-que-no-sean-podcast-centro-sira-1.webp","datePublished":"2026-03-31T12:02:56+00:00","dateModified":"2026-04-27T08:53:46+00:00","description":"Ellas lo conoc\u00edan como Dani, ellos como Sergio. Testimonios sobre las consecuencias psicol\u00f3gicas de las infiltraciones policiales en movimientos sociales.","breadcrumb":{"@id":"https:\/\/centrosira.org\/brechas-podcast\/brechas-capitulo-iv\/#breadcrumb"},"inLanguage":"en-GB","potentialAction":[{"@type":"ReadAction","target":["https:\/\/centrosira.org\/brechas-podcast\/brechas-capitulo-iv\/"]}]},{"@type":"ImageObject","inLanguage":"en-GB","@id":"https:\/\/centrosira.org\/brechas-podcast\/brechas-capitulo-iv\/#primaryimage","url":"https:\/\/centrosira.org\/wp-content\/uploads\/2026\/03\/infiltraciones-policiales-que-no-sean-podcast-centro-sira-1.webp","contentUrl":"https:\/\/centrosira.org\/wp-content\/uploads\/2026\/03\/infiltraciones-policiales-que-no-sean-podcast-centro-sira-1.webp","width":1620,"height":1620,"caption":"Portada del Cap\u00edtulo IV del podcast Brechas, titulado Que No Sean, sobre infiltraciones policiales en movimientos sociales"},{"@type":"BreadcrumbList","@id":"https:\/\/centrosira.org\/brechas-podcast\/brechas-capitulo-iv\/#breadcrumb","itemListElement":[{"@type":"ListItem","position":1,"name":"Portada","item":"https:\/\/centrosira.org\/"},{"@type":"ListItem","position":2,"name":"Brechas podcast","item":"https:\/\/centrosira.org\/brechas-podcast\/"},{"@type":"ListItem","position":3,"name":"Brechas Cap\u00edtulo IV"}]},{"@type":"WebSite","@id":"https:\/\/centrosira.org\/#website","url":"https:\/\/centrosira.org\/","name":"Sira Centre","description":"","publisher":{"@id":"https:\/\/centrosira.org\/#organization"},"alternateName":"Centro de Atenci\u00f3n a V\u00edctimas de Malos Tratos y Tortura","potentialAction":[{"@type":"SearchAction","target":{"@type":"EntryPoint","urlTemplate":"https:\/\/centrosira.org\/?s={search_term_string}"},"query-input":{"@type":"PropertyValueSpecification","valueRequired":true,"valueName":"search_term_string"}}],"inLanguage":"en-GB"},{"@type":"Organization","@id":"https:\/\/centrosira.org\/#organization","name":"Sira Centre","alternateName":"Sira","url":"https:\/\/centrosira.org\/","logo":{"@type":"ImageObject","inLanguage":"en-GB","@id":"https:\/\/centrosira.org\/#\/schema\/logo\/image\/","url":null,"contentUrl":null,"width":null,"height":null,"caption":"Centro Sira"},"image":{"@id":"https:\/\/centrosira.org\/#\/schema\/logo\/image\/"},"sameAs":["https:\/\/www.facebook.com\/siracentro","https:\/\/x.com\/sira_centro","https:\/\/www.instagram.com\/sira_centro\/","https:\/\/www.linkedin.com\/company\/sira-centro\/?originalSubdomain=es","https:\/\/www.youtube.com\/@sira_centro"]}]}},"_links":{"self":[{"href":"https:\/\/centrosira.org\/en\/wp-json\/wp\/v2\/pages\/1871","targetHints":{"allow":["GET"]}}],"collection":[{"href":"https:\/\/centrosira.org\/en\/wp-json\/wp\/v2\/pages"}],"about":[{"href":"https:\/\/centrosira.org\/en\/wp-json\/wp\/v2\/types\/page"}],"author":[{"embeddable":true,"href":"https:\/\/centrosira.org\/en\/wp-json\/wp\/v2\/users\/2"}],"replies":[{"embeddable":true,"href":"https:\/\/centrosira.org\/en\/wp-json\/wp\/v2\/comments?post=1871"}],"version-history":[{"count":10,"href":"https:\/\/centrosira.org\/en\/wp-json\/wp\/v2\/pages\/1871\/revisions"}],"predecessor-version":[{"id":1975,"href":"https:\/\/centrosira.org\/en\/wp-json\/wp\/v2\/pages\/1871\/revisions\/1975"}],"up":[{"embeddable":true,"href":"https:\/\/centrosira.org\/en\/wp-json\/wp\/v2\/pages\/1517"}],"wp:featuredmedia":[{"embeddable":true,"href":"https:\/\/centrosira.org\/en\/wp-json\/wp\/v2\/media\/1558"}],"wp:attachment":[{"href":"https:\/\/centrosira.org\/en\/wp-json\/wp\/v2\/media?parent=1871"}],"curies":[{"name":"wp","href":"https:\/\/api.w.org\/{rel}","templated":true}]}}