{"id":1846,"date":"2026-03-31T13:46:49","date_gmt":"2026-03-31T11:46:49","guid":{"rendered":"https:\/\/centrosira.org\/?page_id=1846"},"modified":"2026-03-31T14:01:55","modified_gmt":"2026-03-31T12:01:55","slug":"brechas-capitulo-iii","status":"publish","type":"page","link":"https:\/\/centrosira.org\/en\/brechas-podcast\/brechas-capitulo-iii\/","title":{"rendered":"Brechas Cap\u00edtulo III"},"content":{"rendered":"<div data-elementor-type=\"wp-page\" data-elementor-id=\"1846\" class=\"elementor elementor-1846\" data-elementor-post-type=\"page\">\n\t\t\t\t<div class=\"elementor-element elementor-element-70584f2 e-flex e-con-boxed e-con e-parent\" data-id=\"70584f2\" data-element_type=\"container\" data-e-type=\"container\" data-settings=\"{&quot;background_background&quot;:&quot;classic&quot;}\">\n\t\t\t\t\t<div class=\"e-con-inner\">\n\t\t\t\t<div class=\"elementor-element elementor-element-8256735 elementor-widget__width-initial elementor-widget elementor-widget-image\" data-id=\"8256735\" data-element_type=\"widget\" data-e-type=\"widget\" data-widget_type=\"image.default\">\n\t\t\t\t\t\t\t\t\t\t\t\t\t\t\t<img fetchpriority=\"high\" decoding=\"async\" width=\"1620\" height=\"1620\" src=\"https:\/\/centrosira.org\/wp-content\/uploads\/2026\/03\/brechas-podcast-balas-de-goma-1.webp\" class=\"attachment-full size-full wp-image-1559\" alt=\"\" srcset=\"https:\/\/centrosira.org\/wp-content\/uploads\/2026\/03\/brechas-podcast-balas-de-goma-1.webp 1620w, https:\/\/centrosira.org\/wp-content\/uploads\/2026\/03\/brechas-podcast-balas-de-goma-1-300x300.webp 300w, https:\/\/centrosira.org\/wp-content\/uploads\/2026\/03\/brechas-podcast-balas-de-goma-1-1024x1024.webp 1024w, https:\/\/centrosira.org\/wp-content\/uploads\/2026\/03\/brechas-podcast-balas-de-goma-1-150x150.webp 150w, https:\/\/centrosira.org\/wp-content\/uploads\/2026\/03\/brechas-podcast-balas-de-goma-1-768x768.webp 768w, https:\/\/centrosira.org\/wp-content\/uploads\/2026\/03\/brechas-podcast-balas-de-goma-1-1536x1536.webp 1536w, https:\/\/centrosira.org\/wp-content\/uploads\/2026\/03\/brechas-podcast-balas-de-goma-1-12x12.webp 12w\" sizes=\"(max-width: 1620px) 100vw, 1620px\" \/>\t\t\t\t\t\t\t\t\t\t\t\t\t\t\t<\/div>\n\t\t<div class=\"elementor-element elementor-element-3be8c19 e-con-full e-flex e-con e-child\" data-id=\"3be8c19\" data-element_type=\"container\" data-e-type=\"container\">\n\t\t\t\t<div class=\"elementor-element elementor-element-f4e3927 elementor-widget__width-initial animated-slow elementor-invisible elementor-widget elementor-widget-heading\" data-id=\"f4e3927\" data-element_type=\"widget\" data-e-type=\"widget\" data-settings=\"{&quot;_animation&quot;:&quot;fadeInRight&quot;}\" data-widget_type=\"heading.default\">\n\t\t\t\t\t<h1 class=\"elementor-heading-title elementor-size-default\">Brechas Podcast \u2013 Balas de goma<\/h1>\t\t\t\t<\/div>\n\t\t\t\t<div class=\"elementor-element elementor-element-b3e56ff animated-slow elementor-invisible elementor-widget elementor-widget-text-editor\" data-id=\"b3e56ff\" data-element_type=\"widget\" data-e-type=\"widget\" data-settings=\"{&quot;_animation&quot;:&quot;fadeIn&quot;,&quot;_animation_delay&quot;:400}\" data-widget_type=\"text-editor.default\">\n\t\t\t\t\t\t\t\t\t<p><strong>Carles Guillot y Esther Quintana<\/strong> perdieron un ojo en circunstancias muy similares. Ambos sufrieron el impacto de una bala de goma disparada por un polic\u00eda, mientras ejerc\u00edan su derecho a la protesta. En su largu\u00edsima carrera judicial por identificar a los responsables, los dos encontraron el empuje necesario en sus compa\u00f1eras, v\u00ednculos, familiares y sociedad civil, no solo para exigir justicia y reparaci\u00f3n al Estado, sino tambi\u00e9n <strong>la prohibici\u00f3n<\/strong> de este tipo de armas tan imprecisas como letales.<\/p>\t\t\t\t\t\t\t\t<\/div>\n\t\t\t\t<\/div>\n\t\t\t\t<div class=\"elementor-element elementor-element-6183b18 elementor-widget__width-inherit animated-slow elementor-invisible elementor-widget elementor-widget-html\" data-id=\"6183b18\" data-element_type=\"widget\" data-e-type=\"widget\" data-settings=\"{&quot;_animation&quot;:&quot;fadeIn&quot;}\" data-widget_type=\"html.default\">\n\t\t\t\t\t<iframe src=\"https:\/\/www.ivoox.com\/player_ej_145320263_6_1.html?c1=f96214\" width=\"100%\" height=\"200\" frameborder=\"0\" allowfullscreen=\"\" scrolling=\"no\" loading=\"lazy\"><\/iframe>\t\t\t\t<\/div>\n\t\t\t\t\t<\/div>\n\t\t\t\t<\/div>\n\t\t<div class=\"elementor-element elementor-element-1dea360 e-flex e-con-boxed e-con e-parent\" data-id=\"1dea360\" data-element_type=\"container\" data-e-type=\"container\" data-settings=\"{&quot;background_background&quot;:&quot;classic&quot;}\">\n\t\t\t\t\t<div class=\"e-con-inner\">\n\t\t\t\t<div class=\"elementor-element elementor-element-6f482ff elementor-widget__width-initial elementor-widget elementor-widget-image\" data-id=\"6f482ff\" data-element_type=\"widget\" data-e-type=\"widget\" data-widget_type=\"image.default\">\n\t\t\t\t\t\t\t\t\t\t\t\t\t\t\t<img decoding=\"async\" width=\"1080\" height=\"1080\" src=\"https:\/\/centrosira.org\/wp-content\/uploads\/2026\/03\/balas-de-goma-podcast-centro-sira-brechas-1.webp\" class=\"attachment-full size-full wp-image-1848\" alt=\"\" srcset=\"https:\/\/centrosira.org\/wp-content\/uploads\/2026\/03\/balas-de-goma-podcast-centro-sira-brechas-1.webp 1080w, https:\/\/centrosira.org\/wp-content\/uploads\/2026\/03\/balas-de-goma-podcast-centro-sira-brechas-1-300x300.webp 300w, https:\/\/centrosira.org\/wp-content\/uploads\/2026\/03\/balas-de-goma-podcast-centro-sira-brechas-1-1024x1024.webp 1024w, https:\/\/centrosira.org\/wp-content\/uploads\/2026\/03\/balas-de-goma-podcast-centro-sira-brechas-1-150x150.webp 150w, https:\/\/centrosira.org\/wp-content\/uploads\/2026\/03\/balas-de-goma-podcast-centro-sira-brechas-1-768x768.webp 768w, https:\/\/centrosira.org\/wp-content\/uploads\/2026\/03\/balas-de-goma-podcast-centro-sira-brechas-1-12x12.webp 12w\" sizes=\"(max-width: 1080px) 100vw, 1080px\" \/>\t\t\t\t\t\t\t\t\t\t\t\t\t\t\t<\/div>\n\t\t<div class=\"elementor-element elementor-element-34530e3 e-con-full e-flex e-con e-child\" data-id=\"34530e3\" data-element_type=\"container\" data-e-type=\"container\">\n\t\t\t\t<div class=\"elementor-element elementor-element-583c15a elementor-widget__width-initial animated-slow elementor-invisible elementor-widget elementor-widget-heading\" data-id=\"583c15a\" data-element_type=\"widget\" data-e-type=\"widget\" data-settings=\"{&quot;_animation&quot;:&quot;fadeInRight&quot;}\" data-widget_type=\"heading.default\">\n\t\t\t\t\t<h2 class=\"elementor-heading-title elementor-size-default\">Incontrolables\nIndiscriminadas\nIntrazables<\/h2>\t\t\t\t<\/div>\n\t\t\t\t<div class=\"elementor-element elementor-element-ab396d1 animated-slow elementor-invisible elementor-widget elementor-widget-text-editor\" data-id=\"ab396d1\" data-element_type=\"widget\" data-e-type=\"widget\" data-settings=\"{&quot;_animation&quot;:&quot;fadeIn&quot;,&quot;_animation_delay&quot;:400}\" data-widget_type=\"text-editor.default\">\n\t\t\t\t\t\t\t\t\t<p>Desde el a\u00f1o 2000, en el Estado espa\u00f1ol se <a href=\"https:\/\/iridia.cat\/es\/publicaciones\/informe-stop-bales-de-goma\/\" target=\"_blank\" rel=\"noopener\">contabiliza<\/a> una persona muerta alcanzada por un disparo directo, y hasta once que han perdido la visi\u00f3n de un ojo.<\/p>\t\t\t\t\t\t\t\t<\/div>\n\t\t\t\t<\/div>\n\t\t\t\t\t<\/div>\n\t\t\t\t<\/div>\n\t\t<div class=\"elementor-element elementor-element-8b53ad8 e-flex e-con-boxed e-con e-parent\" data-id=\"8b53ad8\" data-element_type=\"container\" data-e-type=\"container\" data-settings=\"{&quot;background_background&quot;:&quot;classic&quot;}\">\n\t\t\t\t\t<div class=\"e-con-inner\">\n\t\t<div class=\"elementor-element elementor-element-fa372f3 e-con-full e-flex e-con e-child\" data-id=\"fa372f3\" data-element_type=\"container\" data-e-type=\"container\">\n\t\t\t\t<div class=\"elementor-element elementor-element-45402bc elementor-widget__width-initial animated-slow elementor-invisible elementor-widget elementor-widget-heading\" data-id=\"45402bc\" data-element_type=\"widget\" data-e-type=\"widget\" data-settings=\"{&quot;_animation&quot;:&quot;fadeInLeft&quot;}\" data-widget_type=\"heading.default\">\n\t\t\t\t\t<h2 class=\"elementor-heading-title elementor-size-default\">3 claves del episodio<\/h2>\t\t\t\t<\/div>\n\t\t\t\t<div class=\"elementor-element elementor-element-e14b2ac animated-slow elementor-invisible elementor-widget elementor-widget-text-editor\" data-id=\"e14b2ac\" data-element_type=\"widget\" data-e-type=\"widget\" data-settings=\"{&quot;_animation&quot;:&quot;fadeIn&quot;,&quot;_animation_delay&quot;:400}\" data-widget_type=\"text-editor.default\">\n\t\t\t\t\t\t\t\t\t<p><strong>ATENCI\u00d3N PSICOL\u00d3GICA<\/strong><br \/><span style=\"color: #808080;\">Seg\u00fan Marina Parras, parte del \u00e1rea m\u00e9dica del Centro Sira y colaboradora en Omega Research Foundation, casos de mutilaci\u00f3n como los de Carles o Ester, no activan ning\u00fan protocolo espec\u00edfico que contemple apoyo psicol\u00f3gico o la intervenci\u00f3n del \u00e1rea de trabajo social. Las v\u00edctimas son atendidas igual que si hubieran sufrido un accidente fortuito.<\/span><\/p><p><strong>MECANISMOS DE CONTROL<\/strong><br \/><span style=\"color: #808080;\">Sin autor conocido, no hay condena. Muchas veces, los casos que llegan a la justicia dependen de informaci\u00f3n proporcionada por la propia polic\u00eda, que a menudo no va debidamente identificada, advierte Irene Urango, de Ir\u00eddia. Este centro, junto a Novact y expertas del Centro Sira, present\u00f3 el a\u00f1o pasado un Plan de Acci\u00f3n para crear un mecanismo independiente que investigue violaciones graves de derechos humanos cometidas por la polic\u00eda.<\/span><\/p><p><strong>APOYO MUTUO<\/strong><br \/><span style=\"color: #808080;\">Ester, Carles, Nicola, Roger, \u00d2scar, Stop Bales de Goma, Ojo con tu ojo, llevan muchos a\u00f1os exigiendo en todo tipo de espacios la prohibici\u00f3n de los proyectiles de energ\u00eda cin\u00e9tica y denunciando las consecuencias de su uso. \u00abPara nosotros era importante juntarnos todas; que ese fuera un primer contacto y despu\u00e9s ya ver\u00edamos qu\u00e9 es lo que se dar\u00eda. Y lo que se dio es una amistad y un activismo que llevamos haciendo desde 2012\u00bb, explica Carles Guillot.<\/span><\/p>\t\t\t\t\t\t\t\t<\/div>\n\t\t\t\t<\/div>\n\t\t\t\t<div class=\"elementor-element elementor-element-e0a031b elementor-widget__width-initial elementor-widget elementor-widget-image\" data-id=\"e0a031b\" data-element_type=\"widget\" data-e-type=\"widget\" data-widget_type=\"image.default\">\n\t\t\t\t\t\t\t\t\t\t\t\t\t\t\t<img decoding=\"async\" width=\"768\" height=\"768\" src=\"https:\/\/centrosira.org\/wp-content\/uploads\/2026\/03\/balas-de-goma-brechas-podcast-carles-guillot-768x768-1.webp\" class=\"attachment-full size-full wp-image-1849\" alt=\"\" srcset=\"https:\/\/centrosira.org\/wp-content\/uploads\/2026\/03\/balas-de-goma-brechas-podcast-carles-guillot-768x768-1.webp 768w, https:\/\/centrosira.org\/wp-content\/uploads\/2026\/03\/balas-de-goma-brechas-podcast-carles-guillot-768x768-1-300x300.webp 300w, https:\/\/centrosira.org\/wp-content\/uploads\/2026\/03\/balas-de-goma-brechas-podcast-carles-guillot-768x768-1-150x150.webp 150w, https:\/\/centrosira.org\/wp-content\/uploads\/2026\/03\/balas-de-goma-brechas-podcast-carles-guillot-768x768-1-12x12.webp 12w\" sizes=\"(max-width: 768px) 100vw, 768px\" \/>\t\t\t\t\t\t\t\t\t\t\t\t\t\t\t<\/div>\n\t\t\t\t<div class=\"elementor-element elementor-element-9f631ff elementor-widget__width-inherit animated-slow elementor-invisible elementor-widget elementor-widget-html\" data-id=\"9f631ff\" data-element_type=\"widget\" data-e-type=\"widget\" data-settings=\"{&quot;_animation&quot;:&quot;fadeIn&quot;}\" data-widget_type=\"html.default\">\n\t\t\t\t\t<iframe data-testid=\"embed-iframe\" style=\"border-radius:12px\" src=\"https:\/\/open.spotify.com\/embed\/episode\/44stuh8RXeb0aJoSVd7aJQ?utm_source=generator\" width=\"100%\" height=\"352\" frameborder=\"0\" allowfullscreen=\"\" allow=\"autoplay; clipboard-write; encrypted-media; fullscreen; picture-in-picture\" loading=\"lazy\"><\/iframe>\t\t\t\t<\/div>\n\t\t\t\t<div class=\"elementor-element elementor-element-d2b3d3a elementor-align-center elementor-widget__width-inherit animated-slow elementor-invisible elementor-widget elementor-widget-button\" data-id=\"d2b3d3a\" data-element_type=\"widget\" data-e-type=\"widget\" data-settings=\"{&quot;_animation&quot;:&quot;fadeInUp&quot;,&quot;_animation_delay&quot;:0}\" data-widget_type=\"button.default\">\n\t\t\t\t\t\t\t\t\t\t<a class=\"elementor-button elementor-button-link elementor-size-sm\" href=\"https:\/\/centrosira.org\/en\/brechas-podcast\/\">\n\t\t\t\t\t\t<span class=\"elementor-button-content-wrapper\">\n\t\t\t\t\t\t\t\t\t<span class=\"elementor-button-text\">M\u00e1s episodios<\/span>\n\t\t\t\t\t<\/span>\n\t\t\t\t\t<\/a>\n\t\t\t\t\t\t\t\t<\/div>\n\t\t\t\t\t<\/div>\n\t\t\t\t<\/div>\n\t\t\t\t<\/div>","protected":false},"excerpt":{"rendered":"<p>Brechas Podcast \u2013 Balas de goma Carles Guillot y Esther Quintana perdieron un ojo en circunstancias muy similares. Ambos sufrieron el impacto de una bala de goma disparada por un polic\u00eda, mientras ejerc\u00edan su derecho a la protesta. En su largu\u00edsima carrera judicial por identificar a los responsables, los dos encontraron el empuje necesario en [&hellip;]<\/p>\n","protected":false},"author":2,"featured_media":0,"parent":1517,"menu_order":0,"comment_status":"closed","ping_status":"closed","template":"","meta":{"footnotes":""},"class_list":["post-1846","page","type-page","status-publish","hentry"],"yoast_head":"<!-- This site is optimized with the Yoast SEO plugin v27.4 - https:\/\/yoast.com\/product\/yoast-seo-wordpress\/ -->\n<title>Brechas Cap\u00edtulo III - Centro Sira<\/title>\n<meta name=\"robots\" content=\"index, follow, max-snippet:-1, max-image-preview:large, max-video-preview:-1\" \/>\n<link rel=\"canonical\" href=\"https:\/\/centrosira.org\/en\/brechas-podcast\/brechas-capitulo-iii\/\" \/>\n<meta property=\"og:locale\" content=\"en_GB\" \/>\n<meta property=\"og:type\" content=\"article\" \/>\n<meta property=\"og:title\" content=\"Brechas Cap\u00edtulo III - Centro Sira\" \/>\n<meta property=\"og:description\" content=\"Brechas Podcast \u2013 Balas de goma Carles Guillot y Esther Quintana perdieron un ojo en circunstancias muy similares. Ambos sufrieron el impacto de una bala de goma disparada por un polic\u00eda, mientras ejerc\u00edan su derecho a la protesta. En su largu\u00edsima carrera judicial por identificar a los responsables, los dos encontraron el empuje necesario en [&hellip;]\" \/>\n<meta property=\"og:url\" content=\"https:\/\/centrosira.org\/en\/brechas-podcast\/brechas-capitulo-iii\/\" \/>\n<meta property=\"og:site_name\" content=\"Centro Sira\" \/>\n<meta property=\"article:publisher\" content=\"https:\/\/www.facebook.com\/siracentro\" \/>\n<meta property=\"article:modified_time\" content=\"2026-03-31T12:01:55+00:00\" \/>\n<meta property=\"og:image\" content=\"https:\/\/centrosira.org\/wp-content\/uploads\/2026\/03\/brechas-podcast-balas-de-goma-1.webp\" \/>\n\t<meta property=\"og:image:width\" content=\"1620\" \/>\n\t<meta property=\"og:image:height\" content=\"1620\" \/>\n\t<meta property=\"og:image:type\" content=\"image\/webp\" \/>\n<meta name=\"twitter:card\" content=\"summary_large_image\" \/>\n<meta name=\"twitter:site\" content=\"@sira_centro\" \/>\n<meta name=\"twitter:label1\" content=\"Estimated reading time\" \/>\n\t<meta name=\"twitter:data1\" content=\"2 minutes\" \/>\n<script type=\"application\/ld+json\" class=\"yoast-schema-graph\">{\"@context\":\"https:\\\/\\\/schema.org\",\"@graph\":[{\"@type\":\"WebPage\",\"@id\":\"https:\\\/\\\/centrosira.org\\\/brechas-podcast\\\/brechas-capitulo-iii\\\/\",\"url\":\"https:\\\/\\\/centrosira.org\\\/brechas-podcast\\\/brechas-capitulo-iii\\\/\",\"name\":\"Brechas Cap\u00edtulo III - Centro Sira\",\"isPartOf\":{\"@id\":\"https:\\\/\\\/centrosira.org\\\/#website\"},\"primaryImageOfPage\":{\"@id\":\"https:\\\/\\\/centrosira.org\\\/brechas-podcast\\\/brechas-capitulo-iii\\\/#primaryimage\"},\"image\":{\"@id\":\"https:\\\/\\\/centrosira.org\\\/brechas-podcast\\\/brechas-capitulo-iii\\\/#primaryimage\"},\"thumbnailUrl\":\"https:\\\/\\\/centrosira.org\\\/wp-content\\\/uploads\\\/2026\\\/03\\\/brechas-podcast-balas-de-goma-1.webp\",\"datePublished\":\"2026-03-31T11:46:49+00:00\",\"dateModified\":\"2026-03-31T12:01:55+00:00\",\"breadcrumb\":{\"@id\":\"https:\\\/\\\/centrosira.org\\\/brechas-podcast\\\/brechas-capitulo-iii\\\/#breadcrumb\"},\"inLanguage\":\"en-GB\",\"potentialAction\":[{\"@type\":\"ReadAction\",\"target\":[\"https:\\\/\\\/centrosira.org\\\/brechas-podcast\\\/brechas-capitulo-iii\\\/\"]}]},{\"@type\":\"ImageObject\",\"inLanguage\":\"en-GB\",\"@id\":\"https:\\\/\\\/centrosira.org\\\/brechas-podcast\\\/brechas-capitulo-iii\\\/#primaryimage\",\"url\":\"https:\\\/\\\/centrosira.org\\\/wp-content\\\/uploads\\\/2026\\\/03\\\/brechas-podcast-balas-de-goma-1.webp\",\"contentUrl\":\"https:\\\/\\\/centrosira.org\\\/wp-content\\\/uploads\\\/2026\\\/03\\\/brechas-podcast-balas-de-goma-1.webp\"},{\"@type\":\"BreadcrumbList\",\"@id\":\"https:\\\/\\\/centrosira.org\\\/brechas-podcast\\\/brechas-capitulo-iii\\\/#breadcrumb\",\"itemListElement\":[{\"@type\":\"ListItem\",\"position\":1,\"name\":\"Portada\",\"item\":\"https:\\\/\\\/centrosira.org\\\/\"},{\"@type\":\"ListItem\",\"position\":2,\"name\":\"Brechas podcast\",\"item\":\"https:\\\/\\\/centrosira.org\\\/brechas-podcast\\\/\"},{\"@type\":\"ListItem\",\"position\":3,\"name\":\"Brechas Cap\u00edtulo III\"}]},{\"@type\":\"WebSite\",\"@id\":\"https:\\\/\\\/centrosira.org\\\/#website\",\"url\":\"https:\\\/\\\/centrosira.org\\\/\",\"name\":\"Centro Sira\",\"description\":\"\",\"publisher\":{\"@id\":\"https:\\\/\\\/centrosira.org\\\/#organization\"},\"alternateName\":\"Centro de Atenci\u00f3n a V\u00edctimas de Malos Tratos y Tortura\",\"potentialAction\":[{\"@type\":\"SearchAction\",\"target\":{\"@type\":\"EntryPoint\",\"urlTemplate\":\"https:\\\/\\\/centrosira.org\\\/?s={search_term_string}\"},\"query-input\":{\"@type\":\"PropertyValueSpecification\",\"valueRequired\":true,\"valueName\":\"search_term_string\"}}],\"inLanguage\":\"en-GB\"},{\"@type\":\"Organization\",\"@id\":\"https:\\\/\\\/centrosira.org\\\/#organization\",\"name\":\"Centro Sira\",\"alternateName\":\"Sira\",\"url\":\"https:\\\/\\\/centrosira.org\\\/\",\"logo\":{\"@type\":\"ImageObject\",\"inLanguage\":\"en-GB\",\"@id\":\"https:\\\/\\\/centrosira.org\\\/#\\\/schema\\\/logo\\\/image\\\/\",\"url\":null,\"contentUrl\":null,\"width\":null,\"height\":null,\"caption\":\"Centro Sira\"},\"image\":{\"@id\":\"https:\\\/\\\/centrosira.org\\\/#\\\/schema\\\/logo\\\/image\\\/\"},\"sameAs\":[\"https:\\\/\\\/www.facebook.com\\\/siracentro\",\"https:\\\/\\\/x.com\\\/sira_centro\",\"https:\\\/\\\/www.instagram.com\\\/sira_centro\\\/\",\"https:\\\/\\\/www.linkedin.com\\\/company\\\/sira-centro\\\/?originalSubdomain=es\",\"https:\\\/\\\/www.youtube.com\\\/@sira_centro\"]}]}<\/script>\n<!-- \/ Yoast SEO plugin. -->","yoast_head_json":{"title":"Brechas Cap\u00edtulo III - Centro Sira","robots":{"index":"index","follow":"follow","max-snippet":"max-snippet:-1","max-image-preview":"max-image-preview:large","max-video-preview":"max-video-preview:-1"},"canonical":"https:\/\/centrosira.org\/en\/brechas-podcast\/brechas-capitulo-iii\/","og_locale":"en_GB","og_type":"article","og_title":"Brechas Cap\u00edtulo III - Centro Sira","og_description":"Brechas Podcast \u2013 Balas de goma Carles Guillot y Esther Quintana perdieron un ojo en circunstancias muy similares. Ambos sufrieron el impacto de una bala de goma disparada por un polic\u00eda, mientras ejerc\u00edan su derecho a la protesta. En su largu\u00edsima carrera judicial por identificar a los responsables, los dos encontraron el empuje necesario en [&hellip;]","og_url":"https:\/\/centrosira.org\/en\/brechas-podcast\/brechas-capitulo-iii\/","og_site_name":"Centro Sira","article_publisher":"https:\/\/www.facebook.com\/siracentro","article_modified_time":"2026-03-31T12:01:55+00:00","og_image":[{"width":1620,"height":1620,"url":"https:\/\/centrosira.org\/wp-content\/uploads\/2026\/03\/brechas-podcast-balas-de-goma-1.webp","type":"image\/webp"}],"twitter_card":"summary_large_image","twitter_site":"@sira_centro","twitter_misc":{"Estimated reading time":"2 minutes"},"schema":{"@context":"https:\/\/schema.org","@graph":[{"@type":"WebPage","@id":"https:\/\/centrosira.org\/brechas-podcast\/brechas-capitulo-iii\/","url":"https:\/\/centrosira.org\/brechas-podcast\/brechas-capitulo-iii\/","name":"Brechas Cap\u00edtulo III - Centro Sira","isPartOf":{"@id":"https:\/\/centrosira.org\/#website"},"primaryImageOfPage":{"@id":"https:\/\/centrosira.org\/brechas-podcast\/brechas-capitulo-iii\/#primaryimage"},"image":{"@id":"https:\/\/centrosira.org\/brechas-podcast\/brechas-capitulo-iii\/#primaryimage"},"thumbnailUrl":"https:\/\/centrosira.org\/wp-content\/uploads\/2026\/03\/brechas-podcast-balas-de-goma-1.webp","datePublished":"2026-03-31T11:46:49+00:00","dateModified":"2026-03-31T12:01:55+00:00","breadcrumb":{"@id":"https:\/\/centrosira.org\/brechas-podcast\/brechas-capitulo-iii\/#breadcrumb"},"inLanguage":"en-GB","potentialAction":[{"@type":"ReadAction","target":["https:\/\/centrosira.org\/brechas-podcast\/brechas-capitulo-iii\/"]}]},{"@type":"ImageObject","inLanguage":"en-GB","@id":"https:\/\/centrosira.org\/brechas-podcast\/brechas-capitulo-iii\/#primaryimage","url":"https:\/\/centrosira.org\/wp-content\/uploads\/2026\/03\/brechas-podcast-balas-de-goma-1.webp","contentUrl":"https:\/\/centrosira.org\/wp-content\/uploads\/2026\/03\/brechas-podcast-balas-de-goma-1.webp"},{"@type":"BreadcrumbList","@id":"https:\/\/centrosira.org\/brechas-podcast\/brechas-capitulo-iii\/#breadcrumb","itemListElement":[{"@type":"ListItem","position":1,"name":"Portada","item":"https:\/\/centrosira.org\/"},{"@type":"ListItem","position":2,"name":"Brechas podcast","item":"https:\/\/centrosira.org\/brechas-podcast\/"},{"@type":"ListItem","position":3,"name":"Brechas Cap\u00edtulo III"}]},{"@type":"WebSite","@id":"https:\/\/centrosira.org\/#website","url":"https:\/\/centrosira.org\/","name":"Sira Centre","description":"","publisher":{"@id":"https:\/\/centrosira.org\/#organization"},"alternateName":"Centro de Atenci\u00f3n a V\u00edctimas de Malos Tratos y Tortura","potentialAction":[{"@type":"SearchAction","target":{"@type":"EntryPoint","urlTemplate":"https:\/\/centrosira.org\/?s={search_term_string}"},"query-input":{"@type":"PropertyValueSpecification","valueRequired":true,"valueName":"search_term_string"}}],"inLanguage":"en-GB"},{"@type":"Organization","@id":"https:\/\/centrosira.org\/#organization","name":"Sira Centre","alternateName":"Sira","url":"https:\/\/centrosira.org\/","logo":{"@type":"ImageObject","inLanguage":"en-GB","@id":"https:\/\/centrosira.org\/#\/schema\/logo\/image\/","url":null,"contentUrl":null,"width":null,"height":null,"caption":"Centro Sira"},"image":{"@id":"https:\/\/centrosira.org\/#\/schema\/logo\/image\/"},"sameAs":["https:\/\/www.facebook.com\/siracentro","https:\/\/x.com\/sira_centro","https:\/\/www.instagram.com\/sira_centro\/","https:\/\/www.linkedin.com\/company\/sira-centro\/?originalSubdomain=es","https:\/\/www.youtube.com\/@sira_centro"]}]}},"_links":{"self":[{"href":"https:\/\/centrosira.org\/en\/wp-json\/wp\/v2\/pages\/1846","targetHints":{"allow":["GET"]}}],"collection":[{"href":"https:\/\/centrosira.org\/en\/wp-json\/wp\/v2\/pages"}],"about":[{"href":"https:\/\/centrosira.org\/en\/wp-json\/wp\/v2\/types\/page"}],"author":[{"embeddable":true,"href":"https:\/\/centrosira.org\/en\/wp-json\/wp\/v2\/users\/2"}],"replies":[{"embeddable":true,"href":"https:\/\/centrosira.org\/en\/wp-json\/wp\/v2\/comments?post=1846"}],"version-history":[{"count":10,"href":"https:\/\/centrosira.org\/en\/wp-json\/wp\/v2\/pages\/1846\/revisions"}],"predecessor-version":[{"id":1867,"href":"https:\/\/centrosira.org\/en\/wp-json\/wp\/v2\/pages\/1846\/revisions\/1867"}],"up":[{"embeddable":true,"href":"https:\/\/centrosira.org\/en\/wp-json\/wp\/v2\/pages\/1517"}],"wp:attachment":[{"href":"https:\/\/centrosira.org\/en\/wp-json\/wp\/v2\/media?parent=1846"}],"curies":[{"name":"wp","href":"https:\/\/api.w.org\/{rel}","templated":true}]}}