{"id":40,"date":"2026-01-22T14:25:55","date_gmt":"2026-01-22T13:25:55","guid":{"rendered":"https:\/\/centrosira.org\/?page_id=40"},"modified":"2026-02-11T11:30:30","modified_gmt":"2026-02-11T10:30:30","slug":"aviso-legal","status":"publish","type":"page","link":"https:\/\/centrosira.org\/ca\/aviso-legal\/","title":{"rendered":"Av\u00eds legal"},"content":{"rendered":"<div data-elementor-type=\"wp-page\" data-elementor-id=\"40\" class=\"elementor elementor-40\" data-elementor-post-type=\"page\">\n\t\t\t\t<div class=\"elementor-element elementor-element-46afa31 e-flex e-con-boxed e-con e-parent\" data-id=\"46afa31\" data-element_type=\"container\" data-e-type=\"container\" data-settings=\"{&quot;background_background&quot;:&quot;classic&quot;}\">\n\t\t\t\t\t<div class=\"e-con-inner\">\n\t\t\t\t<div class=\"elementor-element elementor-element-0068beb elementor-widget elementor-widget-heading\" data-id=\"0068beb\" data-element_type=\"widget\" data-e-type=\"widget\" data-widget_type=\"heading.default\">\n\t\t\t\t\t<h2 class=\"elementor-heading-title elementor-size-default\">AV\u00cdS LEGAL I CONDICIONS GENERALS<\/h2>\t\t\t\t<\/div>\n\t\t\t\t<div class=\"elementor-element elementor-element-edda3f9 elementor-widget elementor-widget-text-editor\" data-id=\"edda3f9\" data-element_type=\"widget\" data-e-type=\"widget\" data-widget_type=\"text-editor.default\">\n\t\t\t\t\t\t\t\t\t<p>I. INFORMACI\u00d3 GENERAL<\/p>\t\t\t\t\t\t\t\t<\/div>\n\t\t\t\t<div class=\"elementor-element elementor-element-9a85473 elementor-widget elementor-widget-text-editor\" data-id=\"9a85473\" data-element_type=\"widget\" data-e-type=\"widget\" data-widget_type=\"text-editor.default\">\n\t\t\t\t\t\t\t\t\t<p>En compliment amb el deure informaci\u00f3 disposat a la Llei 34\/2002 de Serveis de la Societat de la Informaci\u00f3 i el Comer\u00e7 Electr\u00f2nic (LSSI-CE) d&#039;11 de juliol, es faciliten a continuaci\u00f3 les dades d&#039;informaci\u00f3 general d&#039;aquest lloc web seg\u00fcents:<\/p><p>La titularitat d&#039;aquest lloc web, https:\/\/centrosira.org, (d&#039;ara endavant, Lloc Web) l&#039;ostenta: <strong>Gabriela Lopez Neyra<\/strong>, amb NIF: G87553905, i les dades de contacte de les quals s\u00f3n:<\/p><p>Email de contacte: <a href=\"mailto:sira@redsira.net\"><strong>sira@redsira.net<\/strong><\/a><\/p>\t\t\t\t\t\t\t\t<\/div>\n\t\t\t\t<div class=\"elementor-element elementor-element-3da6632 elementor-widget elementor-widget-text-editor\" data-id=\"3da6632\" data-element_type=\"widget\" data-e-type=\"widget\" data-widget_type=\"text-editor.default\">\n\t\t\t\t\t\t\t\t\t<p>II. TERMES I CONDICIONS GENERALS D&#039;\u00daS<\/p>\t\t\t\t\t\t\t\t<\/div>\n\t\t\t\t<div class=\"elementor-element elementor-element-22ad830 elementor-widget elementor-widget-text-editor\" data-id=\"22ad830\" data-element_type=\"widget\" data-e-type=\"widget\" data-widget_type=\"text-editor.default\">\n\t\t\t\t\t\t\t\t\t<p>L&#039;objecte de les condicions: El Lloc Web<\/p>\t\t\t\t\t\t\t\t<\/div>\n\t\t\t\t<div class=\"elementor-element elementor-element-dab99ea elementor-widget elementor-widget-text-editor\" data-id=\"dab99ea\" data-element_type=\"widget\" data-e-type=\"widget\" data-widget_type=\"text-editor.default\">\n\t\t\t\t\t\t\t\t\t<p>L&#039;objecte d&#039;aquestes Condicions Generals d&#039;\u00das (d&#039;ara endavant, Condicions) \u00e9s regular l&#039;acc\u00e9s i la utilitzaci\u00f3 del Lloc Web. Als efectes de les presents Condicions s&#039;entendr\u00e0 com a Lloc Web: l&#039;aparen\u00e7a externa de les interf\u00edcies de pantalla, tant de forma est\u00e0tica com de forma din\u00e0mica, \u00e9s a dir, l&#039;arbre de navegaci\u00f3; i tots els elements integrats tant a les interf\u00edcies de pantalla com a l&#039;arbre de navegaci\u00f3 (d&#039;ara endavant, Continguts) i tots aquells serveis o recursos en l\u00ednia que si escau ofereixi als Usuaris (d&#039;ara endavant, Serveis).<\/p><p><strong>Centre SIRA<\/strong> es reserva la facultat de modificar, en qualsevol moment, i sense av\u00eds previ, la presentaci\u00f3 i configuraci\u00f3 del Lloc Web i dels Continguts i Serveis que hi poguessin estar incorporats. L&#039;Usuari reconeix i accepta que en qualsevol moment <strong>Centre SIRA<\/strong> pugui interrompre, desactivar i\/o cancel\u00b7lar qualsevol d&#039;aquests elements que s&#039;integren al Lloc Web o accedir-hi.<\/p>\t\t\t\t\t\t\t\t<\/div>\n\t\t\t\t<div class=\"elementor-element elementor-element-bb87180 elementor-widget elementor-widget-text-editor\" data-id=\"bb87180\" data-element_type=\"widget\" data-e-type=\"widget\" data-widget_type=\"text-editor.default\">\n\t\t\t\t\t\t\t\t\t<p>L&#039;Usuari<\/p>\t\t\t\t\t\t\t\t<\/div>\n\t\t\t\t<div class=\"elementor-element elementor-element-6d0e4ae elementor-widget elementor-widget-text-editor\" data-id=\"6d0e4ae\" data-element_type=\"widget\" data-e-type=\"widget\" data-widget_type=\"text-editor.default\">\n\t\t\t\t\t\t\t\t\t<p>L&#039;acc\u00e9s, la navegaci\u00f3 i \u00fas del Lloc Web, confereix la condici\u00f3 d&#039;Usuari, per la qual cosa s&#039;accepten, des que s&#039;inicia la navegaci\u00f3 pel Lloc Web, totes les Condicions aqu\u00ed establertes, aix\u00ed com les modificacions ulteriors, sense perjudici de l&#039;aplicaci\u00f3 de la corresponent normativa legal de compliment obligat segons el cas. Atesa la rellev\u00e0ncia de l&#039;anterior, es recomana a l&#039;Usuari llegir-les cada vegada que visiteu el Lloc Web.<\/p><p>El Lloc Web de <strong>Centre SIRA<\/strong>\u00a0proporciona una gran diversitat d&#039;informaci\u00f3, serveis i dades. L&#039;Usuari assumeix la seva responsabilitat per fer un \u00fas correcte del Lloc Web. Aquesta responsabilitat s&#039;estendr\u00e0 a:<\/p><ul><li>Un \u00fas de la informaci\u00f3, Continguts i\/o Serveis i dades ofertes per <strong>Centre SIRA<\/strong>\u00a0sense que sigui contrari al que disposen aquestes Condicions, la Llei, la moral o l&#039;ordre p\u00fablic, o que de qualsevol altra manera puguin suposar lesi\u00f3 dels drets de tercers o del mateix funcionament del Lloc Web.<\/li><li>La veracitat i licitud de les informacions aportades per l&#039;Usuari als formularis estesos per <strong>Centre SIRA<\/strong> per a l&#039;acc\u00e9s a certs continguts o serveis oferts pel Lloc Web. En tot cas, l&#039;Usuari notificar\u00e0 de forma immediata a <strong>Centre SIRA<\/strong>\u00a0sobre qualsevol fet que permeti l&#039;\u00fas indegut de la informaci\u00f3 registrada en aquests formularis, com ara, per\u00f2 no nom\u00e9s, el robatori, la p\u00e8rdua, o l&#039;acc\u00e9s no autoritzat a identificadors i\/o contrasenyes, per tal de procedir a cancel\u00b7lar-la immediatament.<\/li><\/ul><div>\u00a0<\/div><p>El mer acc\u00e9s a aquest Lloc Web no suposa entaular cap tipus de relaci\u00f3 de car\u00e0cter comercial entre <strong>Centre SIRA<\/strong>\u00a0i l&#039;Usuari.<\/p>\t\t\t\t\t\t\t\t<\/div>\n\t\t\t\t<div class=\"elementor-element elementor-element-567deab elementor-widget elementor-widget-text-editor\" data-id=\"567deab\" data-element_type=\"widget\" data-e-type=\"widget\" data-widget_type=\"text-editor.default\">\n\t\t\t\t\t\t\t\t\t<p>III. ACC\u00c9S I NAVEGACI\u00d3 AL LLOC WEB: EXCLUSI\u00d3 DE GARANTIES I RESPONSABILITAT<\/p>\t\t\t\t\t\t\t\t<\/div>\n\t\t\t\t<div class=\"elementor-element elementor-element-ce5737b elementor-widget elementor-widget-text-editor\" data-id=\"ce5737b\" data-element_type=\"widget\" data-e-type=\"widget\" data-widget_type=\"text-editor.default\">\n\t\t\t\t\t\t\t\t\t<p><strong>Centre SIRA<\/strong> no garanteix la continu\u00eftat, disponibilitat i utilitat del Lloc Web, ni dels Continguts o Serveis. <strong>Centre SIRA<\/strong>\u00a0far\u00e0 tot el possible pel bon funcionament del Lloc Web, per\u00f2, no es responsabilitza ni garanteix que l&#039;acc\u00e9s a aquest Lloc Web no sigui ininterromput o que estigui lliure d&#039;error.<\/p><p>Tampoc no es responsabilitza o garanteix que el contingut o programari al qual es pugui accedir a trav\u00e9s d&#039;aquest Lloc Web, estigui lliure d&#039;error o causi un dany al sistema inform\u00e0tic (programari i maquinari) de l&#039;Usuari. En cap cas <strong>Centre SIRA<\/strong>\u00a0ser\u00e0 responsable per les p\u00e8rdues, danys o perjudicis de qualsevol tipus que sorgeixin per l&#039;acc\u00e9s, la navegaci\u00f3 i l&#039;\u00fas del Lloc Web, incloent-hi, per\u00f2 no limitant-se, els ocasionats als sistemes inform\u00e0tics o els provocats per la introducci\u00f3 de virus.<\/p><p><strong>Centre SIRA<\/strong> tampoc no es fa responsable dels danys que poguessin ocasionar-se als usuaris per un \u00fas inadequat d&#039;aquest Lloc Web. En particular, no es fa responsable de cap manera de les caigudes, interrupcions, falta o defecte de les telecomunicacions que poguessin oc\u00f3rrer.<\/p>\t\t\t\t\t\t\t\t<\/div>\n\t\t\t\t<div class=\"elementor-element elementor-element-9744a9c elementor-widget elementor-widget-text-editor\" data-id=\"9744a9c\" data-element_type=\"widget\" data-e-type=\"widget\" data-widget_type=\"text-editor.default\">\n\t\t\t\t\t\t\t\t\t<p>IV. POL\u00cdTICA D&#039;ENLLA\u00c7OS<\/p>\t\t\t\t\t\t\t\t<\/div>\n\t\t\t\t<div class=\"elementor-element elementor-element-3e9482e elementor-widget elementor-widget-text-editor\" data-id=\"3e9482e\" data-element_type=\"widget\" data-e-type=\"widget\" data-widget_type=\"text-editor.default\">\n\t\t\t\t\t\t\t\t\t<p><strong>Centre SIRA<\/strong> no ofereix ni comercialitza per si mateix ni per mitj\u00e0 de tercers els productes i\/o serveis disponibles en aquests llocs enlla\u00e7ats.<\/p><p>L&#039;Usuari o tercer que faci un hiperenlla\u00e7 des d&#039;una p\u00e0gina web d&#039;un altre, diferent, lloc web al Lloc Web de <strong>Centre SIRA<\/strong>\u00a0haur\u00e0 de saber que:<\/p><p>No es permet la reproducci\u00f3 \u2014totalment o parcialment\u2014 de cap dels Continguts i\/o Serveis del Lloc Web sense autoritzaci\u00f3 expressa de <strong>Centre SIRA<\/strong>.<\/p><p>No es permet tampoc cap manifestaci\u00f3 falsa, inexacta o incorrecta sobre el Lloc Web de <strong>Centre SIRA<\/strong>, ni sobre els Continguts i\/o Serveis del mateix.<\/p><p>A excepci\u00f3 de l&#039;hiperenlla\u00e7, el lloc web en qu\u00e8 s&#039;estableixi aquest hiperenlla\u00e7 no contindr\u00e0 cap element, d&#039;aquest Lloc Web, protegit com a propietat intel\u00b7lectual per l&#039;ordenament jur\u00eddic espanyol, excepte autoritzaci\u00f3 expressa de <strong>Centre SIRA<\/strong>.<\/p><p>L&#039;establiment de l&#039;hipervincle no implicar\u00e0 l&#039;exist\u00e8ncia de relacions entre <strong>Centre SIRA<\/strong> i el titular del lloc web des del qual es realitzi, ni el coneixement i acceptaci\u00f3 de <strong>Centre SIRA<\/strong>\u00a0dels continguts, serveis i\/o activitats oferts en aquest lloc web, i viceversa.<\/p>\t\t\t\t\t\t\t\t<\/div>\n\t\t\t\t<div class=\"elementor-element elementor-element-ff86be7 elementor-widget elementor-widget-text-editor\" data-id=\"ff86be7\" data-element_type=\"widget\" data-e-type=\"widget\" data-widget_type=\"text-editor.default\">\n\t\t\t\t\t\t\t\t\t<p>V. PROPIETAT INTEL\u00b7LECTUAL I INDUSTRIAL<\/p>\t\t\t\t\t\t\t\t<\/div>\n\t\t\t\t<div class=\"elementor-element elementor-element-5530bcd elementor-widget elementor-widget-text-editor\" data-id=\"5530bcd\" data-element_type=\"widget\" data-e-type=\"widget\" data-widget_type=\"text-editor.default\">\n\t\t\t\t\t\t\t\t\t<p><strong>Centre SIRA<\/strong> per si o com a part cession\u00e0ria, \u00e9s titular de tots els drets de propietat intel\u00b7lectual i industrial del Lloc Web, aix\u00ed com dels elements continguts en aquest (a t\u00edtol enunciatiu i no exhaustiu, imatges, so, \u00e0udio, v\u00eddeo, programari o textos, marques o logotips, combinacions de colors, estructura i disseny, selecci\u00f3 de materials usats, programes d&#039;ordinador necessaris per al seu funcionament). Seran, per tant, obres protegides com a propietat intel\u00b7lectual per l&#039;ordenament jur\u00eddic espanyol, i els seran aplicables tant la normativa espanyola i comunit\u00e0ria en aquest camp, com els tractats internacionals relatius a la mat\u00e8ria i subscrits per Espanya.<\/p><p>Tots els drets reservats. En virtut del que disposa la Llei de propietat intel\u00b7lectual, queden expressament prohibides la reproducci\u00f3, la distribuci\u00f3 i la comunicaci\u00f3 p\u00fablica, inclosa la seva modalitat de posada a disposici\u00f3, de la totalitat o part dels continguts d&#039;aquesta p\u00e0gina web, amb fins comercials, en qualsevol suport i per qualsevol mitj\u00e0 t\u00e8cnic, sense l&#039;autoritzaci\u00f3 de <strong>Centre SIRA<\/strong>.<\/p><p>L&#039;Usuari es compromet a respectar els drets de propietat intel\u00b7lectual i industrial de <strong>Centre SIRA<\/strong>. Podreu visualitzar els elements del Lloc Web o fins i tot imprimir-los, copiar-los i emmagatzemar-los al disc dur del vostre ordinador o en qualsevol altre suport f\u00edsic sempre que sigui, exclusivament, per al seu \u00fas personal. L&#039;Usuari, per\u00f2, no podr\u00e0 suprimir, alterar, o manipular qualsevol dispositiu de protecci\u00f3 o sistema de seguretat que estigu\u00e9s instal\u00b7lat al Lloc Web.<\/p><p>En cas que l&#039;Usuari o tercer consideri que qualsevol dels Continguts del Lloc Web suposi una violaci\u00f3 dels drets de protecci\u00f3 de la propietat intel\u00b7lectual, ho haur\u00e0 de comunicar immediatament a <strong>Centre SIRA<\/strong>\u00a0a trav\u00e9s de les dades de contacte de l\u00b4apartat d\u00b4INFORMACI\u00d3 GENERAL d\u00b4aquest Av\u00eds Legal i Condicions Generals d\u00b4\u00das.<\/p>\t\t\t\t\t\t\t\t<\/div>\n\t\t\t\t<div class=\"elementor-element elementor-element-b836b54 elementor-widget elementor-widget-text-editor\" data-id=\"b836b54\" data-element_type=\"widget\" data-e-type=\"widget\" data-widget_type=\"text-editor.default\">\n\t\t\t\t\t\t\t\t\t<p>VI. ACCIONS LEGALS, LEGISLACI\u00d3 APLICABLE I JURISDICCI\u00d3<\/p>\t\t\t\t\t\t\t\t<\/div>\n\t\t\t\t<div class=\"elementor-element elementor-element-dc9d490 elementor-widget elementor-widget-text-editor\" data-id=\"dc9d490\" data-element_type=\"widget\" data-e-type=\"widget\" data-widget_type=\"text-editor.default\">\n\t\t\t\t\t\t\t\t\t<p><strong>Centre SIRA<\/strong> es reserva la facultat de presentar les accions civils o penals que consideri necess\u00e0ries per la utilitzaci\u00f3 indeguda del Lloc Web i Continguts, o per l&#039;incompliment de les presents Condicions.<\/p><p>La relaci\u00f3 entre l&#039;Usuari i <strong>Centre SIRA<\/strong>\u00a0es regir\u00e0 per la normativa vigent i aplicable al territori espanyol. Si sorgeix qualsevol controv\u00e8rsia en relaci\u00f3 amb la interpretaci\u00f3 i\/o l&#039;aplicaci\u00f3 d&#039;aquestes Condicions, les parts sotmetran els seus conflictes a la jurisdicci\u00f3 ordin\u00e0ria sotmetent-se als jutges i tribunals que corresponguin d&#039;acord amb el dret.<\/p><p>Aquest document d&#039;Av\u00eds Legal i Condicions Generals d&#039;\u00fas del lloc web ha estat creat mitjan\u00e7ant el generador de plantilla d&#039;av\u00eds legal i condicions d&#039;\u00fas en l\u00ednia el dia 16\/07\/2021.<\/p>\t\t\t\t\t\t\t\t<\/div>\n\t\t\t\t\t<\/div>\n\t\t\t\t<\/div>\n\t\t\t\t<\/div>","protected":false},"excerpt":{"rendered":"<p>AVISO LEGAL Y CONDICIONES GENERALES I. INFORMACI\u00d3N GENERAL En cumplimiento con el deber de informaci\u00f3n dispuesto en la Ley 34\/2002 de Servicios de la Sociedad de la Informaci\u00f3n y el Comercio Electr\u00f3nico (LSSI-CE) de 11 de julio, se facilitan a continuaci\u00f3n los siguientes datos de informaci\u00f3n general de este sitio web: La titularidad de este [&hellip;]<\/p>\n","protected":false},"author":2,"featured_media":0,"parent":0,"menu_order":0,"comment_status":"closed","ping_status":"closed","template":"","meta":{"footnotes":""},"class_list":["post-40","page","type-page","status-publish","hentry"],"yoast_head":"<!-- This site is optimized with the Yoast SEO plugin v27.2 - https:\/\/yoast.com\/product\/yoast-seo-wordpress\/ -->\n<title>Aviso legal - Centro Sira<\/title>\n<meta name=\"robots\" content=\"index, follow, max-snippet:-1, max-image-preview:large, max-video-preview:-1\" \/>\n<link rel=\"canonical\" href=\"https:\/\/centrosira.org\/ca\/aviso-legal\/\" \/>\n<meta property=\"og:locale\" content=\"ca_ES\" \/>\n<meta property=\"og:type\" content=\"article\" \/>\n<meta property=\"og:title\" content=\"Aviso legal - Centro Sira\" \/>\n<meta property=\"og:description\" content=\"AVISO LEGAL Y CONDICIONES GENERALES I. INFORMACI\u00d3N GENERAL En cumplimiento con el deber de informaci\u00f3n dispuesto en la Ley 34\/2002 de Servicios de la Sociedad de la Informaci\u00f3n y el Comercio Electr\u00f3nico (LSSI-CE) de 11 de julio, se facilitan a continuaci\u00f3n los siguientes datos de informaci\u00f3n general de este sitio web: La titularidad de este [&hellip;]\" \/>\n<meta property=\"og:url\" content=\"https:\/\/centrosira.org\/ca\/aviso-legal\/\" \/>\n<meta property=\"og:site_name\" content=\"Centro Sira\" \/>\n<meta property=\"article:publisher\" content=\"https:\/\/www.facebook.com\/siracentro\" \/>\n<meta property=\"article:modified_time\" content=\"2026-02-11T10:30:30+00:00\" \/>\n<meta name=\"twitter:card\" content=\"summary_large_image\" \/>\n<meta name=\"twitter:site\" content=\"@sira_centro\" \/>\n<meta name=\"twitter:label1\" content=\"Temps estimat de lectura\" \/>\n\t<meta name=\"twitter:data1\" content=\"7 minuts\" \/>\n<script type=\"application\/ld+json\" class=\"yoast-schema-graph\">{\"@context\":\"https:\/\/schema.org\",\"@graph\":[{\"@type\":\"WebPage\",\"@id\":\"https:\/\/centrosira.org\/aviso-legal\/\",\"url\":\"https:\/\/centrosira.org\/aviso-legal\/\",\"name\":\"Aviso legal - Centro Sira\",\"isPartOf\":{\"@id\":\"https:\/\/centrosira.org\/#website\"},\"datePublished\":\"2026-01-22T13:25:55+00:00\",\"dateModified\":\"2026-02-11T10:30:30+00:00\",\"breadcrumb\":{\"@id\":\"https:\/\/centrosira.org\/aviso-legal\/#breadcrumb\"},\"inLanguage\":\"ca\",\"potentialAction\":[{\"@type\":\"ReadAction\",\"target\":[\"https:\/\/centrosira.org\/aviso-legal\/\"]}]},{\"@type\":\"BreadcrumbList\",\"@id\":\"https:\/\/centrosira.org\/aviso-legal\/#breadcrumb\",\"itemListElement\":[{\"@type\":\"ListItem\",\"position\":1,\"name\":\"Portada\",\"item\":\"https:\/\/centrosira.org\/\"},{\"@type\":\"ListItem\",\"position\":2,\"name\":\"Aviso legal\"}]},{\"@type\":\"WebSite\",\"@id\":\"https:\/\/centrosira.org\/#website\",\"url\":\"https:\/\/centrosira.org\/\",\"name\":\"Centro Sira\",\"description\":\"\",\"publisher\":{\"@id\":\"https:\/\/centrosira.org\/#organization\"},\"alternateName\":\"Centro de Atenci\u00f3n a V\u00edctimas de Malos Tratos y Tortura\",\"potentialAction\":[{\"@type\":\"SearchAction\",\"target\":{\"@type\":\"EntryPoint\",\"urlTemplate\":\"https:\/\/centrosira.org\/?s={search_term_string}\"},\"query-input\":{\"@type\":\"PropertyValueSpecification\",\"valueRequired\":true,\"valueName\":\"search_term_string\"}}],\"inLanguage\":\"ca\"},{\"@type\":\"Organization\",\"@id\":\"https:\/\/centrosira.org\/#organization\",\"name\":\"Centro Sira\",\"alternateName\":\"Sira\",\"url\":\"https:\/\/centrosira.org\/\",\"logo\":{\"@type\":\"ImageObject\",\"inLanguage\":\"ca\",\"@id\":\"https:\/\/centrosira.org\/#\/schema\/logo\/image\/\",\"url\":null,\"contentUrl\":null,\"width\":null,\"height\":null,\"caption\":\"Centro Sira\"},\"image\":{\"@id\":\"https:\/\/centrosira.org\/#\/schema\/logo\/image\/\"},\"sameAs\":[\"https:\/\/www.facebook.com\/siracentro\",\"https:\/\/x.com\/sira_centro\",\"https:\/\/www.instagram.com\/sira_centro\/\",\"https:\/\/www.linkedin.com\/company\/sira-centro\/?originalSubdomain=es\",\"https:\/\/www.youtube.com\/@sira_centro\"]}]}<\/script>\n<!-- \/ Yoast SEO plugin. -->","yoast_head_json":{"title":"Aviso legal - Centro Sira","robots":{"index":"index","follow":"follow","max-snippet":"max-snippet:-1","max-image-preview":"max-image-preview:large","max-video-preview":"max-video-preview:-1"},"canonical":"https:\/\/centrosira.org\/ca\/aviso-legal\/","og_locale":"ca_ES","og_type":"article","og_title":"Aviso legal - Centro Sira","og_description":"AVISO LEGAL Y CONDICIONES GENERALES I. INFORMACI\u00d3N GENERAL En cumplimiento con el deber de informaci\u00f3n dispuesto en la Ley 34\/2002 de Servicios de la Sociedad de la Informaci\u00f3n y el Comercio Electr\u00f3nico (LSSI-CE) de 11 de julio, se facilitan a continuaci\u00f3n los siguientes datos de informaci\u00f3n general de este sitio web: La titularidad de este [&hellip;]","og_url":"https:\/\/centrosira.org\/ca\/aviso-legal\/","og_site_name":"Centro Sira","article_publisher":"https:\/\/www.facebook.com\/siracentro","article_modified_time":"2026-02-11T10:30:30+00:00","twitter_card":"summary_large_image","twitter_site":"@sira_centro","twitter_misc":{"Temps estimat de lectura":"7 minuts"},"schema":{"@context":"https:\/\/schema.org","@graph":[{"@type":"WebPage","@id":"https:\/\/centrosira.org\/aviso-legal\/","url":"https:\/\/centrosira.org\/aviso-legal\/","name":"Aviso legal - Centro Sira","isPartOf":{"@id":"https:\/\/centrosira.org\/#website"},"datePublished":"2026-01-22T13:25:55+00:00","dateModified":"2026-02-11T10:30:30+00:00","breadcrumb":{"@id":"https:\/\/centrosira.org\/aviso-legal\/#breadcrumb"},"inLanguage":"ca","potentialAction":[{"@type":"ReadAction","target":["https:\/\/centrosira.org\/aviso-legal\/"]}]},{"@type":"BreadcrumbList","@id":"https:\/\/centrosira.org\/aviso-legal\/#breadcrumb","itemListElement":[{"@type":"ListItem","position":1,"name":"Portada","item":"https:\/\/centrosira.org\/"},{"@type":"ListItem","position":2,"name":"Aviso legal"}]},{"@type":"WebSite","@id":"https:\/\/centrosira.org\/#website","url":"https:\/\/centrosira.org\/","name":"Centre Sira","description":"","publisher":{"@id":"https:\/\/centrosira.org\/#organization"},"alternateName":"Centro de Atenci\u00f3n a V\u00edctimas de Malos Tratos y Tortura","potentialAction":[{"@type":"SearchAction","target":{"@type":"EntryPoint","urlTemplate":"https:\/\/centrosira.org\/?s={search_term_string}"},"query-input":{"@type":"PropertyValueSpecification","valueRequired":true,"valueName":"search_term_string"}}],"inLanguage":"ca"},{"@type":"Organization","@id":"https:\/\/centrosira.org\/#organization","name":"Centre Sira","alternateName":"Sira","url":"https:\/\/centrosira.org\/","logo":{"@type":"ImageObject","inLanguage":"ca","@id":"https:\/\/centrosira.org\/#\/schema\/logo\/image\/","url":null,"contentUrl":null,"width":null,"height":null,"caption":"Centro Sira"},"image":{"@id":"https:\/\/centrosira.org\/#\/schema\/logo\/image\/"},"sameAs":["https:\/\/www.facebook.com\/siracentro","https:\/\/x.com\/sira_centro","https:\/\/www.instagram.com\/sira_centro\/","https:\/\/www.linkedin.com\/company\/sira-centro\/?originalSubdomain=es","https:\/\/www.youtube.com\/@sira_centro"]}]}},"_links":{"self":[{"href":"https:\/\/centrosira.org\/ca\/wp-json\/wp\/v2\/pages\/40","targetHints":{"allow":["GET"]}}],"collection":[{"href":"https:\/\/centrosira.org\/ca\/wp-json\/wp\/v2\/pages"}],"about":[{"href":"https:\/\/centrosira.org\/ca\/wp-json\/wp\/v2\/types\/page"}],"author":[{"embeddable":true,"href":"https:\/\/centrosira.org\/ca\/wp-json\/wp\/v2\/users\/2"}],"replies":[{"embeddable":true,"href":"https:\/\/centrosira.org\/ca\/wp-json\/wp\/v2\/comments?post=40"}],"version-history":[{"count":10,"href":"https:\/\/centrosira.org\/ca\/wp-json\/wp\/v2\/pages\/40\/revisions"}],"predecessor-version":[{"id":634,"href":"https:\/\/centrosira.org\/ca\/wp-json\/wp\/v2\/pages\/40\/revisions\/634"}],"wp:attachment":[{"href":"https:\/\/centrosira.org\/ca\/wp-json\/wp\/v2\/media?parent=40"}],"curies":[{"name":"wp","href":"https:\/\/api.w.org\/{rel}","templated":true}]}}