{"id":1836,"date":"2026-03-31T13:26:20","date_gmt":"2026-03-31T11:26:20","guid":{"rendered":"https:\/\/centrosira.org\/?page_id=1836"},"modified":"2026-03-31T14:02:34","modified_gmt":"2026-03-31T12:02:34","slug":"brechas-capitulo-ii","status":"publish","type":"page","link":"https:\/\/centrosira.org\/ca\/brechas-podcast\/brechas-capitulo-ii\/","title":{"rendered":"Brechas Cap\u00edtulo II"},"content":{"rendered":"<div data-elementor-type=\"wp-page\" data-elementor-id=\"1836\" class=\"elementor elementor-1836\" data-elementor-post-type=\"page\">\n\t\t\t\t<div class=\"elementor-element elementor-element-61a2b33 e-flex e-con-boxed e-con e-parent\" data-id=\"61a2b33\" data-element_type=\"container\" data-e-type=\"container\" data-settings=\"{&quot;background_background&quot;:&quot;classic&quot;}\">\n\t\t\t\t\t<div class=\"e-con-inner\">\n\t\t\t\t<div class=\"elementor-element elementor-element-3e092ee elementor-widget__width-initial elementor-widget elementor-widget-image\" data-id=\"3e092ee\" data-element_type=\"widget\" data-e-type=\"widget\" data-widget_type=\"image.default\">\n\t\t\t\t\t\t\t\t\t\t\t\t\t\t\t<img fetchpriority=\"high\" decoding=\"async\" width=\"1620\" height=\"1620\" src=\"https:\/\/centrosira.org\/wp-content\/uploads\/2026\/03\/1080x1080-1-1-1.webp\" class=\"attachment-full size-full wp-image-1560\" alt=\"\" srcset=\"https:\/\/centrosira.org\/wp-content\/uploads\/2026\/03\/1080x1080-1-1-1.webp 1620w, https:\/\/centrosira.org\/wp-content\/uploads\/2026\/03\/1080x1080-1-1-1-300x300.webp 300w, https:\/\/centrosira.org\/wp-content\/uploads\/2026\/03\/1080x1080-1-1-1-1024x1024.webp 1024w, https:\/\/centrosira.org\/wp-content\/uploads\/2026\/03\/1080x1080-1-1-1-150x150.webp 150w, https:\/\/centrosira.org\/wp-content\/uploads\/2026\/03\/1080x1080-1-1-1-768x768.webp 768w, https:\/\/centrosira.org\/wp-content\/uploads\/2026\/03\/1080x1080-1-1-1-1536x1536.webp 1536w, https:\/\/centrosira.org\/wp-content\/uploads\/2026\/03\/1080x1080-1-1-1-12x12.webp 12w\" sizes=\"(max-width: 1620px) 100vw, 1620px\" \/>\t\t\t\t\t\t\t\t\t\t\t\t\t\t\t<\/div>\n\t\t<div class=\"elementor-element elementor-element-f40d51d e-con-full e-flex e-con e-child\" data-id=\"f40d51d\" data-element_type=\"container\" data-e-type=\"container\">\n\t\t\t\t<div class=\"elementor-element elementor-element-aa413c0 elementor-widget__width-initial animated-slow elementor-invisible elementor-widget elementor-widget-heading\" data-id=\"aa413c0\" data-element_type=\"widget\" data-e-type=\"widget\" data-settings=\"{&quot;_animation&quot;:&quot;fadeInRight&quot;}\" data-widget_type=\"heading.default\">\n\t\t\t\t\t<h1 class=\"elementor-heading-title elementor-size-default\">Brechas Podcast \u2013 Hechos abstractos<\/h1>\t\t\t\t<\/div>\n\t\t\t\t<div class=\"elementor-element elementor-element-8d96ca2 animated-slow elementor-invisible elementor-widget elementor-widget-text-editor\" data-id=\"8d96ca2\" data-element_type=\"widget\" data-e-type=\"widget\" data-settings=\"{&quot;_animation&quot;:&quot;fadeIn&quot;,&quot;_animation_delay&quot;:400}\" data-widget_type=\"text-editor.default\">\n\t\t\t\t\t\t\t\t\t<p>Omar <strong>ingresa en la c\u00e1rcel<\/strong> de Zuera, en Zaragoza, en 2016. Aqu\u00ed permanece <strong>casi tres a\u00f1os<\/strong> en prisi\u00f3n preventiva en r\u00e9gimen de aislamiento, &#8211; es decir, completamente solo en una celda &#8211; <strong>acusado de adoctrinamiento y enaltecimiento.<\/strong> Omar entr\u00f3 en prisi\u00f3n sano y <strong>sali\u00f3 con casi un 80% de discapacidad<\/strong> reconocida. En 2023, despu\u00e9s de varios a\u00f1os peleando, <strong>la Audiencia Nacional conden\u00f3 a Espa\u00f1a<\/strong> a indemnizar a su familia, en una sentencia hist\u00f3rica. Esta es su historia.<\/p>\t\t\t\t\t\t\t\t<\/div>\n\t\t\t\t<\/div>\n\t\t\t\t<div class=\"elementor-element elementor-element-9ee4e39 elementor-widget__width-inherit animated-slow elementor-invisible elementor-widget elementor-widget-html\" data-id=\"9ee4e39\" data-element_type=\"widget\" data-e-type=\"widget\" data-settings=\"{&quot;_animation&quot;:&quot;fadeIn&quot;}\" data-widget_type=\"html.default\">\n\t\t\t\t\t<iframe src=\"https:\/\/www.ivoox.com\/player_ej_123138665_6_1.html?c1=f96214\" width=\"100%\" height=\"200\" frameborder=\"0\" allowfullscreen=\"\" scrolling=\"no\" loading=\"lazy\"><\/iframe>\t\t\t\t<\/div>\n\t\t\t\t\t<\/div>\n\t\t\t\t<\/div>\n\t\t<div class=\"elementor-element elementor-element-5f76d94 e-flex e-con-boxed e-con e-parent\" data-id=\"5f76d94\" data-element_type=\"container\" data-e-type=\"container\" data-settings=\"{&quot;background_background&quot;:&quot;classic&quot;}\">\n\t\t\t\t\t<div class=\"e-con-inner\">\n\t\t\t\t<div class=\"elementor-element elementor-element-b758043 elementor-widget__width-initial elementor-widget elementor-widget-image\" data-id=\"b758043\" data-element_type=\"widget\" data-e-type=\"widget\" data-widget_type=\"image.default\">\n\t\t\t\t\t\t\t\t\t\t\t\t\t\t\t<img decoding=\"async\" width=\"1200\" height=\"900\" src=\"https:\/\/centrosira.org\/wp-content\/uploads\/2026\/03\/f.elconfidencial.com_original_e.webp\" class=\"attachment-full size-full wp-image-1839\" alt=\"\" srcset=\"https:\/\/centrosira.org\/wp-content\/uploads\/2026\/03\/f.elconfidencial.com_original_e.webp 1200w, https:\/\/centrosira.org\/wp-content\/uploads\/2026\/03\/f.elconfidencial.com_original_e-300x225.webp 300w, https:\/\/centrosira.org\/wp-content\/uploads\/2026\/03\/f.elconfidencial.com_original_e-1024x768.webp 1024w, https:\/\/centrosira.org\/wp-content\/uploads\/2026\/03\/f.elconfidencial.com_original_e-768x576.webp 768w, https:\/\/centrosira.org\/wp-content\/uploads\/2026\/03\/f.elconfidencial.com_original_e-16x12.webp 16w\" sizes=\"(max-width: 1200px) 100vw, 1200px\" \/>\t\t\t\t\t\t\t\t\t\t\t\t\t\t\t<\/div>\n\t\t<div class=\"elementor-element elementor-element-be27984 e-con-full e-flex e-con e-child\" data-id=\"be27984\" data-element_type=\"container\" data-e-type=\"container\">\n\t\t\t\t<div class=\"elementor-element elementor-element-a1ff62b elementor-widget__width-initial animated-slow elementor-invisible elementor-widget elementor-widget-heading\" data-id=\"a1ff62b\" data-element_type=\"widget\" data-e-type=\"widget\" data-settings=\"{&quot;_animation&quot;:&quot;fadeInRight&quot;}\" data-widget_type=\"heading.default\">\n\t\t\t\t\t<h2 class=\"elementor-heading-title elementor-size-default\">Omar A.Z<\/h2>\t\t\t\t<\/div>\n\t\t\t\t<div class=\"elementor-element elementor-element-06d9314 animated-slow elementor-invisible elementor-widget elementor-widget-text-editor\" data-id=\"06d9314\" data-element_type=\"widget\" data-e-type=\"widget\" data-settings=\"{&quot;_animation&quot;:&quot;fadeIn&quot;,&quot;_animation_delay&quot;:400}\" data-widget_type=\"text-editor.default\">\n\t\t\t\t\t\t\t\t\t<p>Ciudadano de origen marroqu\u00ed que fue detenido en 2016 en el marco de una operaci\u00f3n contra el terrorismo yihadista. Pas\u00f3 casi tres a\u00f1os en r\u00e9gimen de aislamiento preventivo en la c\u00e1rcel de Zuera (Zaragoza). Fue en este caso donde se denunci\u00f3 que el aislamiento extremo le caus\u00f3 una discapacidad grave, terminando en silla de ruedas y con problemas cognitivos severos al ser liberado sin cargos.<\/p>\t\t\t\t\t\t\t\t<\/div>\n\t\t\t\t<\/div>\n\t\t\t\t<div class=\"elementor-element elementor-element-59045f4 elementor-widget__width-inherit animated-slow elementor-invisible elementor-widget elementor-widget-html\" data-id=\"59045f4\" data-element_type=\"widget\" data-e-type=\"widget\" data-settings=\"{&quot;_animation&quot;:&quot;fadeIn&quot;}\" data-widget_type=\"html.default\">\n\t\t\t\t\t<iframe data-testid=\"embed-iframe\" style=\"border-radius:12px\" src=\"https:\/\/open.spotify.com\/embed\/episode\/10RNgAHMc0vM2f1nL6Cykl?utm_source=generator\" width=\"100%\" height=\"352\" frameborder=\"0\" allowfullscreen=\"\" allow=\"autoplay; clipboard-write; encrypted-media; fullscreen; picture-in-picture\" loading=\"lazy\"><\/iframe>\t\t\t\t<\/div>\n\t\t\t\t<div class=\"elementor-element elementor-element-f791aff elementor-align-center elementor-widget__width-inherit animated-slow elementor-invisible elementor-widget elementor-widget-button\" data-id=\"f791aff\" data-element_type=\"widget\" data-e-type=\"widget\" data-settings=\"{&quot;_animation&quot;:&quot;fadeInUp&quot;,&quot;_animation_delay&quot;:0}\" data-widget_type=\"button.default\">\n\t\t\t\t\t\t\t\t\t\t<a class=\"elementor-button elementor-button-link elementor-size-sm\" href=\"https:\/\/centrosira.org\/ca\/brechas-podcast\/\">\n\t\t\t\t\t\t<span class=\"elementor-button-content-wrapper\">\n\t\t\t\t\t\t\t\t\t<span class=\"elementor-button-text\">M\u00e1s episodios<\/span>\n\t\t\t\t\t<\/span>\n\t\t\t\t\t<\/a>\n\t\t\t\t\t\t\t\t<\/div>\n\t\t\t\t\t<\/div>\n\t\t\t\t<\/div>\n\t\t\t\t<\/div>","protected":false},"excerpt":{"rendered":"<p>Brechas Podcast \u2013 Hechos abstractos Omar ingresa en la c\u00e1rcel de Zuera, en Zaragoza, en 2016. Aqu\u00ed permanece casi tres a\u00f1os en prisi\u00f3n preventiva en r\u00e9gimen de aislamiento, &#8211; es decir, completamente solo en una celda &#8211; acusado de adoctrinamiento y enaltecimiento. Omar entr\u00f3 en prisi\u00f3n sano y sali\u00f3 con casi un 80% de discapacidad [&hellip;]<\/p>\n","protected":false},"author":2,"featured_media":0,"parent":1517,"menu_order":0,"comment_status":"closed","ping_status":"closed","template":"","meta":{"footnotes":""},"class_list":["post-1836","page","type-page","status-publish","hentry"],"yoast_head":"<!-- This site is optimized with the Yoast SEO plugin v27.4 - https:\/\/yoast.com\/product\/yoast-seo-wordpress\/ -->\n<title>Brechas Cap\u00edtulo II - Centro Sira<\/title>\n<meta name=\"robots\" content=\"index, follow, max-snippet:-1, max-image-preview:large, max-video-preview:-1\" \/>\n<link rel=\"canonical\" href=\"https:\/\/centrosira.org\/ca\/brechas-podcast\/brechas-capitulo-ii\/\" \/>\n<meta property=\"og:locale\" content=\"ca_ES\" \/>\n<meta property=\"og:type\" content=\"article\" \/>\n<meta property=\"og:title\" content=\"Brechas Cap\u00edtulo II - Centro Sira\" \/>\n<meta property=\"og:description\" content=\"Brechas Podcast \u2013 Hechos abstractos Omar ingresa en la c\u00e1rcel de Zuera, en Zaragoza, en 2016. Aqu\u00ed permanece casi tres a\u00f1os en prisi\u00f3n preventiva en r\u00e9gimen de aislamiento, &#8211; es decir, completamente solo en una celda &#8211; acusado de adoctrinamiento y enaltecimiento. Omar entr\u00f3 en prisi\u00f3n sano y sali\u00f3 con casi un 80% de discapacidad [&hellip;]\" \/>\n<meta property=\"og:url\" content=\"https:\/\/centrosira.org\/ca\/brechas-podcast\/brechas-capitulo-ii\/\" \/>\n<meta property=\"og:site_name\" content=\"Centro Sira\" \/>\n<meta property=\"article:publisher\" content=\"https:\/\/www.facebook.com\/siracentro\" \/>\n<meta property=\"article:modified_time\" content=\"2026-03-31T12:02:34+00:00\" \/>\n<meta property=\"og:image\" content=\"https:\/\/centrosira.org\/wp-content\/uploads\/2026\/03\/1080x1080-1-1-1.webp\" \/>\n\t<meta property=\"og:image:width\" content=\"1620\" \/>\n\t<meta property=\"og:image:height\" content=\"1620\" \/>\n\t<meta property=\"og:image:type\" content=\"image\/webp\" \/>\n<meta name=\"twitter:card\" content=\"summary_large_image\" \/>\n<meta name=\"twitter:site\" content=\"@sira_centro\" \/>\n<meta name=\"twitter:label1\" content=\"Temps estimat de lectura\" \/>\n\t<meta name=\"twitter:data1\" content=\"1 minut\" \/>\n<script type=\"application\/ld+json\" class=\"yoast-schema-graph\">{\"@context\":\"https:\\\/\\\/schema.org\",\"@graph\":[{\"@type\":\"WebPage\",\"@id\":\"https:\\\/\\\/centrosira.org\\\/brechas-podcast\\\/brechas-capitulo-ii\\\/\",\"url\":\"https:\\\/\\\/centrosira.org\\\/brechas-podcast\\\/brechas-capitulo-ii\\\/\",\"name\":\"Brechas Cap\u00edtulo II - Centro Sira\",\"isPartOf\":{\"@id\":\"https:\\\/\\\/centrosira.org\\\/#website\"},\"primaryImageOfPage\":{\"@id\":\"https:\\\/\\\/centrosira.org\\\/brechas-podcast\\\/brechas-capitulo-ii\\\/#primaryimage\"},\"image\":{\"@id\":\"https:\\\/\\\/centrosira.org\\\/brechas-podcast\\\/brechas-capitulo-ii\\\/#primaryimage\"},\"thumbnailUrl\":\"https:\\\/\\\/centrosira.org\\\/wp-content\\\/uploads\\\/2026\\\/03\\\/1080x1080-1-1-1.webp\",\"datePublished\":\"2026-03-31T11:26:20+00:00\",\"dateModified\":\"2026-03-31T12:02:34+00:00\",\"breadcrumb\":{\"@id\":\"https:\\\/\\\/centrosira.org\\\/brechas-podcast\\\/brechas-capitulo-ii\\\/#breadcrumb\"},\"inLanguage\":\"ca\",\"potentialAction\":[{\"@type\":\"ReadAction\",\"target\":[\"https:\\\/\\\/centrosira.org\\\/brechas-podcast\\\/brechas-capitulo-ii\\\/\"]}]},{\"@type\":\"ImageObject\",\"inLanguage\":\"ca\",\"@id\":\"https:\\\/\\\/centrosira.org\\\/brechas-podcast\\\/brechas-capitulo-ii\\\/#primaryimage\",\"url\":\"https:\\\/\\\/centrosira.org\\\/wp-content\\\/uploads\\\/2026\\\/03\\\/1080x1080-1-1-1.webp\",\"contentUrl\":\"https:\\\/\\\/centrosira.org\\\/wp-content\\\/uploads\\\/2026\\\/03\\\/1080x1080-1-1-1.webp\"},{\"@type\":\"BreadcrumbList\",\"@id\":\"https:\\\/\\\/centrosira.org\\\/brechas-podcast\\\/brechas-capitulo-ii\\\/#breadcrumb\",\"itemListElement\":[{\"@type\":\"ListItem\",\"position\":1,\"name\":\"Portada\",\"item\":\"https:\\\/\\\/centrosira.org\\\/\"},{\"@type\":\"ListItem\",\"position\":2,\"name\":\"Brechas podcast\",\"item\":\"https:\\\/\\\/centrosira.org\\\/brechas-podcast\\\/\"},{\"@type\":\"ListItem\",\"position\":3,\"name\":\"Brechas Cap\u00edtulo II\"}]},{\"@type\":\"WebSite\",\"@id\":\"https:\\\/\\\/centrosira.org\\\/#website\",\"url\":\"https:\\\/\\\/centrosira.org\\\/\",\"name\":\"Centro Sira\",\"description\":\"\",\"publisher\":{\"@id\":\"https:\\\/\\\/centrosira.org\\\/#organization\"},\"alternateName\":\"Centro de Atenci\u00f3n a V\u00edctimas de Malos Tratos y Tortura\",\"potentialAction\":[{\"@type\":\"SearchAction\",\"target\":{\"@type\":\"EntryPoint\",\"urlTemplate\":\"https:\\\/\\\/centrosira.org\\\/?s={search_term_string}\"},\"query-input\":{\"@type\":\"PropertyValueSpecification\",\"valueRequired\":true,\"valueName\":\"search_term_string\"}}],\"inLanguage\":\"ca\"},{\"@type\":\"Organization\",\"@id\":\"https:\\\/\\\/centrosira.org\\\/#organization\",\"name\":\"Centro Sira\",\"alternateName\":\"Sira\",\"url\":\"https:\\\/\\\/centrosira.org\\\/\",\"logo\":{\"@type\":\"ImageObject\",\"inLanguage\":\"ca\",\"@id\":\"https:\\\/\\\/centrosira.org\\\/#\\\/schema\\\/logo\\\/image\\\/\",\"url\":null,\"contentUrl\":null,\"width\":null,\"height\":null,\"caption\":\"Centro Sira\"},\"image\":{\"@id\":\"https:\\\/\\\/centrosira.org\\\/#\\\/schema\\\/logo\\\/image\\\/\"},\"sameAs\":[\"https:\\\/\\\/www.facebook.com\\\/siracentro\",\"https:\\\/\\\/x.com\\\/sira_centro\",\"https:\\\/\\\/www.instagram.com\\\/sira_centro\\\/\",\"https:\\\/\\\/www.linkedin.com\\\/company\\\/sira-centro\\\/?originalSubdomain=es\",\"https:\\\/\\\/www.youtube.com\\\/@sira_centro\"]}]}<\/script>\n<!-- \/ Yoast SEO plugin. -->","yoast_head_json":{"title":"Brechas Cap\u00edtulo II - Centro Sira","robots":{"index":"index","follow":"follow","max-snippet":"max-snippet:-1","max-image-preview":"max-image-preview:large","max-video-preview":"max-video-preview:-1"},"canonical":"https:\/\/centrosira.org\/ca\/brechas-podcast\/brechas-capitulo-ii\/","og_locale":"ca_ES","og_type":"article","og_title":"Brechas Cap\u00edtulo II - Centro Sira","og_description":"Brechas Podcast \u2013 Hechos abstractos Omar ingresa en la c\u00e1rcel de Zuera, en Zaragoza, en 2016. Aqu\u00ed permanece casi tres a\u00f1os en prisi\u00f3n preventiva en r\u00e9gimen de aislamiento, &#8211; es decir, completamente solo en una celda &#8211; acusado de adoctrinamiento y enaltecimiento. Omar entr\u00f3 en prisi\u00f3n sano y sali\u00f3 con casi un 80% de discapacidad [&hellip;]","og_url":"https:\/\/centrosira.org\/ca\/brechas-podcast\/brechas-capitulo-ii\/","og_site_name":"Centro Sira","article_publisher":"https:\/\/www.facebook.com\/siracentro","article_modified_time":"2026-03-31T12:02:34+00:00","og_image":[{"width":1620,"height":1620,"url":"https:\/\/centrosira.org\/wp-content\/uploads\/2026\/03\/1080x1080-1-1-1.webp","type":"image\/webp"}],"twitter_card":"summary_large_image","twitter_site":"@sira_centro","twitter_misc":{"Temps estimat de lectura":"1 minut"},"schema":{"@context":"https:\/\/schema.org","@graph":[{"@type":"WebPage","@id":"https:\/\/centrosira.org\/brechas-podcast\/brechas-capitulo-ii\/","url":"https:\/\/centrosira.org\/brechas-podcast\/brechas-capitulo-ii\/","name":"Brechas Cap\u00edtulo II - Centro Sira","isPartOf":{"@id":"https:\/\/centrosira.org\/#website"},"primaryImageOfPage":{"@id":"https:\/\/centrosira.org\/brechas-podcast\/brechas-capitulo-ii\/#primaryimage"},"image":{"@id":"https:\/\/centrosira.org\/brechas-podcast\/brechas-capitulo-ii\/#primaryimage"},"thumbnailUrl":"https:\/\/centrosira.org\/wp-content\/uploads\/2026\/03\/1080x1080-1-1-1.webp","datePublished":"2026-03-31T11:26:20+00:00","dateModified":"2026-03-31T12:02:34+00:00","breadcrumb":{"@id":"https:\/\/centrosira.org\/brechas-podcast\/brechas-capitulo-ii\/#breadcrumb"},"inLanguage":"ca","potentialAction":[{"@type":"ReadAction","target":["https:\/\/centrosira.org\/brechas-podcast\/brechas-capitulo-ii\/"]}]},{"@type":"ImageObject","inLanguage":"ca","@id":"https:\/\/centrosira.org\/brechas-podcast\/brechas-capitulo-ii\/#primaryimage","url":"https:\/\/centrosira.org\/wp-content\/uploads\/2026\/03\/1080x1080-1-1-1.webp","contentUrl":"https:\/\/centrosira.org\/wp-content\/uploads\/2026\/03\/1080x1080-1-1-1.webp"},{"@type":"BreadcrumbList","@id":"https:\/\/centrosira.org\/brechas-podcast\/brechas-capitulo-ii\/#breadcrumb","itemListElement":[{"@type":"ListItem","position":1,"name":"Portada","item":"https:\/\/centrosira.org\/"},{"@type":"ListItem","position":2,"name":"Brechas podcast","item":"https:\/\/centrosira.org\/brechas-podcast\/"},{"@type":"ListItem","position":3,"name":"Brechas Cap\u00edtulo II"}]},{"@type":"WebSite","@id":"https:\/\/centrosira.org\/#website","url":"https:\/\/centrosira.org\/","name":"Centre Sira","description":"","publisher":{"@id":"https:\/\/centrosira.org\/#organization"},"alternateName":"Centro de Atenci\u00f3n a V\u00edctimas de Malos Tratos y Tortura","potentialAction":[{"@type":"SearchAction","target":{"@type":"EntryPoint","urlTemplate":"https:\/\/centrosira.org\/?s={search_term_string}"},"query-input":{"@type":"PropertyValueSpecification","valueRequired":true,"valueName":"search_term_string"}}],"inLanguage":"ca"},{"@type":"Organization","@id":"https:\/\/centrosira.org\/#organization","name":"Centre Sira","alternateName":"Sira","url":"https:\/\/centrosira.org\/","logo":{"@type":"ImageObject","inLanguage":"ca","@id":"https:\/\/centrosira.org\/#\/schema\/logo\/image\/","url":null,"contentUrl":null,"width":null,"height":null,"caption":"Centro Sira"},"image":{"@id":"https:\/\/centrosira.org\/#\/schema\/logo\/image\/"},"sameAs":["https:\/\/www.facebook.com\/siracentro","https:\/\/x.com\/sira_centro","https:\/\/www.instagram.com\/sira_centro\/","https:\/\/www.linkedin.com\/company\/sira-centro\/?originalSubdomain=es","https:\/\/www.youtube.com\/@sira_centro"]}]}},"_links":{"self":[{"href":"https:\/\/centrosira.org\/ca\/wp-json\/wp\/v2\/pages\/1836","targetHints":{"allow":["GET"]}}],"collection":[{"href":"https:\/\/centrosira.org\/ca\/wp-json\/wp\/v2\/pages"}],"about":[{"href":"https:\/\/centrosira.org\/ca\/wp-json\/wp\/v2\/types\/page"}],"author":[{"embeddable":true,"href":"https:\/\/centrosira.org\/ca\/wp-json\/wp\/v2\/users\/2"}],"replies":[{"embeddable":true,"href":"https:\/\/centrosira.org\/ca\/wp-json\/wp\/v2\/comments?post=1836"}],"version-history":[{"count":7,"href":"https:\/\/centrosira.org\/ca\/wp-json\/wp\/v2\/pages\/1836\/revisions"}],"predecessor-version":[{"id":1870,"href":"https:\/\/centrosira.org\/ca\/wp-json\/wp\/v2\/pages\/1836\/revisions\/1870"}],"up":[{"embeddable":true,"href":"https:\/\/centrosira.org\/ca\/wp-json\/wp\/v2\/pages\/1517"}],"wp:attachment":[{"href":"https:\/\/centrosira.org\/ca\/wp-json\/wp\/v2\/media?parent=1836"}],"curies":[{"name":"wp","href":"https:\/\/api.w.org\/{rel}","templated":true}]}}